{"id":1229,"date":"2024-07-04T12:59:25","date_gmt":"2024-07-04T09:59:25","guid":{"rendered":"https:\/\/zenteknik.com\/?page_id=1229"},"modified":"2024-07-04T13:11:22","modified_gmt":"2024-07-04T10:11:22","slug":"borular","status":"publish","type":"page","link":"https:\/\/www.zenteknik.com\/en\/urunlerimiz\/borular\/","title":{"rendered":"PIPES"},"content":{"rendered":"<p><a title=\"Water Pipes\" href=\"https:\/\/www.zenteknik.com\/en\/urun\/su-borulari\/\"><img loading=\"lazy\" decoding=\"async\" src=\"https:\/\/zenteknik.com\/wp-content\/uploads\/2024\/07\/metal-su-borulari-7530.jpg\" sizes=\"auto, (max-width: 500px) 100vw, 500px\" srcset=\"https:\/\/zenteknik.com\/wp-content\/uploads\/2024\/07\/metal-su-borulari-7530.jpg 500w, https:\/\/zenteknik.com\/wp-content\/uploads\/2024\/07\/metal-su-borulari-7530-300x156.jpg 300w\" alt=\"\" width=\"500\" height=\"260\" \/><\/a><\/p>\r\n<h3><a title=\"Water Pipes\" href=\"https:\/\/www.zenteknik.com\/en\/urun\/su-borulari\/\">Water Pipes<\/a><\/h3>\r\n<p><a href=\"https:\/\/www.zenteknik.com\/en\/urun\/su-borulari\/\"> Review Product<\/a> <a title=\"Seamless Steel Pipes\" href=\"https:\/\/www.zenteknik.com\/en\/urun\/celik-cekme-borular\/\"><img loading=\"lazy\" decoding=\"async\" src=\"https:\/\/zenteknik.com\/wp-content\/uploads\/2024\/07\/Kazan-Borulari-Milfit-Boru-1024x650.webp\" sizes=\"auto, (max-width: 1024px) 100vw, 1024px\" srcset=\"https:\/\/zenteknik.com\/wp-content\/uploads\/2024\/07\/Kazan-Borulari-Milfit-Boru-1024x650.webp 1024w, https:\/\/zenteknik.com\/wp-content\/uploads\/2024\/07\/Kazan-Borulari-Milfit-Boru-300x190.webp 300w, https:\/\/zenteknik.com\/wp-content\/uploads\/2024\/07\/Kazan-Borulari-Milfit-Boru-768x488.webp 768w, https:\/\/zenteknik.com\/wp-content\/uploads\/2024\/07\/Kazan-Borulari-Milfit-Boru-1536x975.webp 1536w, https:\/\/zenteknik.com\/wp-content\/uploads\/2024\/07\/Kazan-Borulari-Milfit-Boru.webp 1920w\" alt=\"\" width=\"1024\" height=\"650\" \/><\/a><\/p>\r\n<h3><a title=\"Seamless Steel Pipes\" href=\"https:\/\/www.zenteknik.com\/en\/urun\/celik-cekme-borular\/\">Seamless Steel Pipes<\/a><\/h3>\r\n<p><a href=\"https:\/\/www.zenteknik.com\/en\/urun\/celik-cekme-borular\/\"> Review Product<\/a> <a title=\"Natural Gas Pipes\" href=\"https:\/\/www.zenteknik.com\/en\/urun\/dogalgaz-borulari\/\"><img loading=\"lazy\" decoding=\"async\" src=\"https:\/\/zenteknik.com\/wp-content\/uploads\/2024\/07\/unnamed.jpg\" sizes=\"auto, (max-width: 512px) 100vw, 512px\" srcset=\"https:\/\/zenteknik.com\/wp-content\/uploads\/2024\/07\/unnamed.jpg 512w, https:\/\/zenteknik.com\/wp-content\/uploads\/2024\/07\/unnamed-300x183.jpg 300w\" alt=\"\" width=\"512\" height=\"312\" \/><\/a><\/p>\r\n<h3><a title=\"Natural Gas Pipes\" href=\"https:\/\/www.zenteknik.com\/en\/urun\/dogalgaz-borulari\/\">Natural Gas Pipes<\/a><\/h3>\r\n<p><a href=\"https:\/\/www.zenteknik.com\/en\/urun\/dogalgaz-borulari\/\"> Review Product<\/a> <a title=\"HDPE Pipes\" href=\"https:\/\/www.zenteknik.com\/en\/urun\/hdpe-borular\/\"><img loading=\"lazy\" decoding=\"async\" src=\"https:\/\/zenteknik.com\/wp-content\/uploads\/2024\/07\/hdpe-boru-kuzeyboru.png\" sizes=\"auto, (max-width: 530px) 100vw, 530px\" srcset=\"https:\/\/zenteknik.com\/wp-content\/uploads\/2024\/07\/hdpe-boru-kuzeyboru.png 530w, https:\/\/zenteknik.com\/wp-content\/uploads\/2024\/07\/hdpe-boru-kuzeyboru-300x300.png 300w, https:\/\/zenteknik.com\/wp-content\/uploads\/2024\/07\/hdpe-boru-kuzeyboru-150x150.png 150w\" alt=\"\" width=\"530\" height=\"530\" \/><\/a><\/p>\r\n<h3><a title=\"HDPE Pipes\" href=\"https:\/\/www.zenteknik.com\/en\/urun\/hdpe-borular\/\">HDPE Pipes<\/a><\/h3>\r\n<p><a href=\"https:\/\/www.zenteknik.com\/en\/urun\/hdpe-borular\/\"> Review Product<\/a> <a title=\"PVC Pipes\" href=\"https:\/\/www.zenteknik.com\/en\/urun\/pvc-borular\/\"><img loading=\"lazy\" decoding=\"async\" src=\"https:\/\/zenteknik.com\/wp-content\/uploads\/2024\/07\/hdpe-koruge-boru-seti-sn861b0c20070b80_23_12_2022_aU2YFNMZfq_original.webp\" sizes=\"auto, (max-width: 800px) 100vw, 800px\" srcset=\"https:\/\/zenteknik.com\/wp-content\/uploads\/2024\/07\/hdpe-koruge-boru-seti-sn861b0c20070b80_23_12_2022_aU2YFNMZfq_original.webp 800w, https:\/\/zenteknik.com\/wp-content\/uploads\/2024\/07\/hdpe-koruge-boru-seti-sn861b0c20070b80_23_12_2022_aU2YFNMZfq_original-300x300.webp 300w, https:\/\/zenteknik.com\/wp-content\/uploads\/2024\/07\/hdpe-koruge-boru-seti-sn861b0c20070b80_23_12_2022_aU2YFNMZfq_original-150x150.webp 150w, https:\/\/zenteknik.com\/wp-content\/uploads\/2024\/07\/hdpe-koruge-boru-seti-sn861b0c20070b80_23_12_2022_aU2YFNMZfq_original-768x768.webp 768w\" alt=\"\" width=\"800\" height=\"800\" \/><\/a><\/p>\r\n<h3><a title=\"PVC Pipes\" href=\"https:\/\/www.zenteknik.com\/en\/urun\/pvc-borular\/\">PVC Pipes<\/a><\/h3>\r\n<p><a href=\"https:\/\/www.zenteknik.com\/en\/urun\/pvc-borular\/\"> Review Product<\/a> <a title=\"PPRC Pipes\" href=\"https:\/\/www.zenteknik.com\/en\/urun\/pprc-borular\/\"><img loading=\"lazy\" decoding=\"async\" src=\"https:\/\/zenteknik.com\/wp-content\/uploads\/2024\/07\/pp-boru-pn-2061af4dcd3a4b1_24_12_2022_Rt7bUG8Qmo_original.webp\" sizes=\"auto, (max-width: 800px) 100vw, 800px\" srcset=\"https:\/\/zenteknik.com\/wp-content\/uploads\/2024\/07\/pp-boru-pn-2061af4dcd3a4b1_24_12_2022_Rt7bUG8Qmo_original.webp 800w, https:\/\/zenteknik.com\/wp-content\/uploads\/2024\/07\/pp-boru-pn-2061af4dcd3a4b1_24_12_2022_Rt7bUG8Qmo_original-300x300.webp 300w, https:\/\/zenteknik.com\/wp-content\/uploads\/2024\/07\/pp-boru-pn-2061af4dcd3a4b1_24_12_2022_Rt7bUG8Qmo_original-150x150.webp 150w, https:\/\/zenteknik.com\/wp-content\/uploads\/2024\/07\/pp-boru-pn-2061af4dcd3a4b1_24_12_2022_Rt7bUG8Qmo_original-768x768.webp 768w\" alt=\"\" width=\"800\" height=\"800\" \/><\/a><\/p>\r\n<h3><a title=\"PPRC Pipes\" href=\"https:\/\/www.zenteknik.com\/en\/urun\/pprc-borular\/\">PPRC Pipes<\/a><\/h3>\r\n<p><a href=\"https:\/\/www.zenteknik.com\/en\/urun\/pprc-borular\/\"> Review Product<\/a> <a title=\"Corrugated Pipe\" href=\"https:\/\/www.zenteknik.com\/en\/urun\/koruge-boru\/\"><img loading=\"lazy\" decoding=\"async\" src=\"https:\/\/zenteknik.com\/wp-content\/uploads\/2024\/07\/hdpe-koruge-boru-seti-sn861b0c20070b80_23_12_2022_aU2YFNMZfq_original.webp\" sizes=\"auto, (max-width: 800px) 100vw, 800px\" srcset=\"https:\/\/zenteknik.com\/wp-content\/uploads\/2024\/07\/hdpe-koruge-boru-seti-sn861b0c20070b80_23_12_2022_aU2YFNMZfq_original.webp 800w, https:\/\/zenteknik.com\/wp-content\/uploads\/2024\/07\/hdpe-koruge-boru-seti-sn861b0c20070b80_23_12_2022_aU2YFNMZfq_original-300x300.webp 300w, https:\/\/zenteknik.com\/wp-content\/uploads\/2024\/07\/hdpe-koruge-boru-seti-sn861b0c20070b80_23_12_2022_aU2YFNMZfq_original-150x150.webp 150w, https:\/\/zenteknik.com\/wp-content\/uploads\/2024\/07\/hdpe-koruge-boru-seti-sn861b0c20070b80_23_12_2022_aU2YFNMZfq_original-768x768.webp 768w\" alt=\"\" width=\"800\" height=\"800\" \/><\/a><\/p>\r\n<h3><a title=\"Corrugated Pipe\" href=\"https:\/\/www.zenteknik.com\/en\/urun\/koruge-boru\/\">Corrugated Pipe<\/a><\/h3>\r\n<p><a href=\"https:\/\/www.zenteknik.com\/en\/urun\/koruge-boru\/\"> Review Product<\/a><\/p>\r\n<!-- .pp-content-posts -->\r\n<p><img loading=\"lazy\" decoding=\"async\" title=\"1683182447447-e1686681304792\" src=\"https:\/\/zenteknik.com\/wp-content\/uploads\/2024\/06\/1683182447447-e1686681304792.png\" alt=\"1683182447447-e1686681304792\" width=\"888\" height=\"688\" \/><\/p>\r\n<p>03.01.2023 tarihinde Gaziantep&#8217;te kuruldu. Buhar, yang\u0131n, su sistemleri i\u00e7in m\u00fchendislik \u00e7\u00f6z\u00fcmleri.<\/p>\r\n<h3>Quick Menu<\/h3>\r\n<nav aria-label=\"Main Men\u00fc 2\">\r\n<ul id=\"menu-main-menu-2\">\r\n<li id=\"menu-item-811\"><a href=\"https:\/\/www.zenteknik.com\/en\/\">Homepage<\/a><\/li>\r\n<li id=\"menu-item-814\"><a href=\"https:\/\/www.zenteknik.com\/en\/kurumsal\/\">Corporate<\/a><\/li>\r\n<li id=\"menu-item-812\"><a href=\"https:\/\/www.zenteknik.com\/en\/galeri\/\">Galeri<\/a><\/li>\r\n<li id=\"menu-item-816\"><a href=\"https:\/\/www.zenteknik.com\/en\/urunlerimiz\/\">Our Products<\/a><\/li>\r\n<li id=\"menu-item-815\"><a href=\"https:\/\/www.zenteknik.com\/en\/teknik-bilgiler\/\">Technical Information<\/a><\/li>\r\n<li id=\"menu-item-813\"><a href=\"https:\/\/www.zenteknik.com\/en\/iletisim\/\">Contact<\/a><\/li>\r\n<\/ul>\r\n<\/nav>\r\n<h3>Our Products<\/h3>\r\n<nav aria-label=\"\u00dcr\u00fcnler\">\r\n<ul id=\"menu-urunler\">\r\n<li id=\"menu-item-818\"><a href=\"https:\/\/www.zenteknik.com\/en\/urunlerimiz\/vanalar\/\">VALVES<\/a><\/li>\r\n<\/ul>\r\n<\/nav>\r\n<h3>Contact<\/h3>\r\n<ul>\r\n<li>\r\n<p>Beylerbeyi, 84027 Nolu Sokak No:11\/G, 27000 \u015eehitkamil\/Gaziantep<\/p>\r\n<\/li>\r\n<\/ul>\r\n<ul>\r\n<li>\r\n<p>info@zenteknik.com<\/p>\r\n<\/li>\r\n<\/ul>\r\n<ul>\r\n<li>\r\n<p>+90 342 502 58 91<\/p>\r\n<\/li>\r\n<\/ul>\r\n<ul>\r\n<li>\r\n<p>+90 552 881 97 27<\/p>\r\n<\/li>\r\n<\/ul>\r\n<p>\u00a9 2024 <strong>Zen Teknik Engineering<\/strong>\u00a0All Rights Reserved.<\/p>\r\n<p>Web Design <strong>Digital K\u00fcre<\/strong><\/p>","protected":false},"excerpt":{"rendered":"<p>Su Borular\u0131 \u00dcr\u00fcn\u00fc \u0130ncele \u00c7elik &hellip;<\/p>\n<p class=\"read-more\"> <a class=\"\" href=\"https:\/\/www.zenteknik.com\/en\/urunlerimiz\/borular\/\"> <span class=\"screen-reader-text\">PIPES<\/span> Read More \u00bb<\/a><\/p>","protected":false},"author":5,"featured_media":0,"parent":452,"menu_order":0,"comment_status":"closed","ping_status":"closed","template":"","meta":{"site-sidebar-layout":"no-sidebar","site-content-layout":"page-builder","ast-site-content-layout":"default","site-content-style":"default","site-sidebar-style":"default","ast-global-header-display":"","ast-banner-title-visibility":"","ast-main-header-display":"","ast-hfb-above-header-display":"","ast-hfb-below-header-display":"","ast-hfb-mobile-header-display":"","site-post-title":"disabled","ast-breadcrumbs-content":"","ast-featured-img":"disabled","footer-sml-layout":"","theme-transparent-header-meta":"default","adv-header-id-meta":"","stick-header-meta":"default","header-above-stick-meta":"","header-main-stick-meta":"","header-below-stick-meta":"","astra-migrate-meta-layouts":"set","ast-page-background-enabled":"default","ast-page-background-meta":{"desktop":{"background-color":"var(--ast-global-color-4)","background-image":"","background-repeat":"repeat","background-position":"center center","background-size":"auto","background-attachment":"scroll","background-type":"","background-media":"","overlay-type":"","overlay-color":"","overlay-gradient":""},"tablet":{"background-color":"","background-image":"","background-repeat":"repeat","background-position":"center center","background-size":"auto","background-attachment":"scroll","background-type":"","background-media":"","overlay-type":"","overlay-color":"","overlay-gradient":""},"mobile":{"background-color":"","background-image":"","background-repeat":"repeat","background-position":"center center","background-size":"auto","background-attachment":"scroll","background-type":"","background-media":"","overlay-type":"","overlay-color":"","overlay-gradient":""}},"ast-content-background-meta":{"desktop":{"background-color":"var(--ast-global-color-5)","background-image":"","background-repeat":"repeat","background-position":"center center","background-size":"auto","background-attachment":"scroll","background-type":"","background-media":"","overlay-type":"","overlay-color":"","overlay-gradient":""},"tablet":{"background-color":"var(--ast-global-color-5)","background-image":"","background-repeat":"repeat","background-position":"center center","background-size":"auto","background-attachment":"scroll","background-type":"","background-media":"","overlay-type":"","overlay-color":"","overlay-gradient":""},"mobile":{"background-color":"var(--ast-global-color-5)","background-image":"","background-repeat":"repeat","background-position":"center center","background-size":"auto","background-attachment":"scroll","background-type":"","background-media":"","overlay-type":"","overlay-color":"","overlay-gradient":""}},"_joinchat":[],"footnotes":""},"class_list":["post-1229","page","type-page","status-publish","hentry"],"acf":[],"_links":{"self":[{"href":"https:\/\/www.zenteknik.com\/en\/wp-json\/wp\/v2\/pages\/1229","targetHints":{"allow":["GET"]}}],"collection":[{"href":"https:\/\/www.zenteknik.com\/en\/wp-json\/wp\/v2\/pages"}],"about":[{"href":"https:\/\/www.zenteknik.com\/en\/wp-json\/wp\/v2\/types\/page"}],"author":[{"embeddable":true,"href":"https:\/\/www.zenteknik.com\/en\/wp-json\/wp\/v2\/users\/5"}],"replies":[{"embeddable":true,"href":"https:\/\/www.zenteknik.com\/en\/wp-json\/wp\/v2\/comments?post=1229"}],"version-history":[{"count":4,"href":"https:\/\/www.zenteknik.com\/en\/wp-json\/wp\/v2\/pages\/1229\/revisions"}],"predecessor-version":[{"id":1285,"href":"https:\/\/www.zenteknik.com\/en\/wp-json\/wp\/v2\/pages\/1229\/revisions\/1285"}],"up":[{"embeddable":true,"href":"https:\/\/www.zenteknik.com\/en\/wp-json\/wp\/v2\/pages\/452"}],"wp:attachment":[{"href":"https:\/\/www.zenteknik.com\/en\/wp-json\/wp\/v2\/media?parent=1229"}],"curies":[{"name":"wp","href":"https:\/\/api.w.org\/{rel}","templated":true}]}}