{"id":1231,"date":"2024-07-04T12:59:23","date_gmt":"2024-07-04T09:59:23","guid":{"rendered":"https:\/\/zenteknik.com\/?page_id=1231"},"modified":"2024-07-04T13:11:49","modified_gmt":"2024-07-04T10:11:49","slug":"olcum-enstrumanlari","status":"publish","type":"page","link":"https:\/\/www.zenteknik.com\/en\/urunlerimiz\/olcum-enstrumanlari\/","title":{"rendered":"MEASURING INSTRUMENTS"},"content":{"rendered":"<p><a title=\"Temperature Transmitters\" href=\"https:\/\/www.zenteknik.com\/en\/urun\/sicaklik-transmitterleri\/\"><img loading=\"lazy\" decoding=\"async\" src=\"https:\/\/zenteknik.com\/wp-content\/uploads\/2024\/07\/b-rtd-pt100-pt1000-1537-4f9ee4a5-28ae-451c-a6a9-975c8b5ea037.png\" sizes=\"auto, (max-width: 318px) 100vw, 318px\" srcset=\"https:\/\/zenteknik.com\/wp-content\/uploads\/2024\/07\/b-rtd-pt100-pt1000-1537-4f9ee4a5-28ae-451c-a6a9-975c8b5ea037.png 318w, https:\/\/zenteknik.com\/wp-content\/uploads\/2024\/07\/b-rtd-pt100-pt1000-1537-4f9ee4a5-28ae-451c-a6a9-975c8b5ea037-300x162.png 300w\" alt=\"\" width=\"318\" height=\"172\" \/><\/a><\/p>\r\n<h3><a title=\"Temperature Transmitters\" href=\"https:\/\/www.zenteknik.com\/en\/urun\/sicaklik-transmitterleri\/\">Temperature Transmitters<\/a><\/h3>\r\n<p><a href=\"https:\/\/www.zenteknik.com\/en\/urun\/sicaklik-transmitterleri\/\"> Review Product<\/a> <a title=\"Pressure Transmitters\" href=\"https:\/\/www.zenteknik.com\/en\/urun\/basinc-transmitterleri\/\"><img loading=\"lazy\" decoding=\"async\" src=\"https:\/\/zenteknik.com\/wp-content\/uploads\/2024\/07\/parmak-tip-gostergeli-basinc-t-577e2633-cb0c-4b0d-adce-806ee0614ae0-1024x1024.png\" sizes=\"auto, (max-width: 1024px) 100vw, 1024px\" srcset=\"https:\/\/zenteknik.com\/wp-content\/uploads\/2024\/07\/parmak-tip-gostergeli-basinc-t-577e2633-cb0c-4b0d-adce-806ee0614ae0-1024x1024.png 1024w, https:\/\/zenteknik.com\/wp-content\/uploads\/2024\/07\/parmak-tip-gostergeli-basinc-t-577e2633-cb0c-4b0d-adce-806ee0614ae0-300x300.png 300w, https:\/\/zenteknik.com\/wp-content\/uploads\/2024\/07\/parmak-tip-gostergeli-basinc-t-577e2633-cb0c-4b0d-adce-806ee0614ae0-150x150.png 150w, https:\/\/zenteknik.com\/wp-content\/uploads\/2024\/07\/parmak-tip-gostergeli-basinc-t-577e2633-cb0c-4b0d-adce-806ee0614ae0-768x768.png 768w, https:\/\/zenteknik.com\/wp-content\/uploads\/2024\/07\/parmak-tip-gostergeli-basinc-t-577e2633-cb0c-4b0d-adce-806ee0614ae0.png 1080w\" alt=\"\" width=\"1024\" height=\"1024\" \/><\/a><\/p>\r\n<h3><a title=\"Pressure Transmitters\" href=\"https:\/\/www.zenteknik.com\/en\/urun\/basinc-transmitterleri\/\">Pressure Transmitters<\/a><\/h3>\r\n<p><a href=\"https:\/\/www.zenteknik.com\/en\/urun\/basinc-transmitterleri\/\"> Review Product<\/a> <a title=\"Electromagnetic Flowmeter\" href=\"https:\/\/www.zenteknik.com\/en\/urun\/elektromanyetik-debimetre\/\"><img loading=\"lazy\" decoding=\"async\" src=\"https:\/\/zenteknik.com\/wp-content\/uploads\/2024\/07\/images.jpeg\" alt=\"\" width=\"259\" height=\"194\" \/><\/a><\/p>\r\n<h3><a title=\"Electromagnetic Flowmeter\" href=\"https:\/\/www.zenteknik.com\/en\/urun\/elektromanyetik-debimetre\/\">Electromagnetic Flowmeter<\/a><\/h3>\r\n<p><a href=\"https:\/\/www.zenteknik.com\/en\/urun\/elektromanyetik-debimetre\/\"> Review Product<\/a> <a title=\"Ultrasonic Flowmeters\" href=\"https:\/\/www.zenteknik.com\/en\/urun\/ultrasonik-debimetreler\/\"><img loading=\"lazy\" decoding=\"async\" src=\"https:\/\/zenteknik.com\/wp-content\/uploads\/2024\/07\/images.jpeg\" alt=\"\" width=\"259\" height=\"194\" \/><\/a><\/p>\r\n<h3><a title=\"Ultrasonic Flowmeters\" href=\"https:\/\/www.zenteknik.com\/en\/urun\/ultrasonik-debimetreler\/\">Ultrasonic Flowmeters<\/a><\/h3>\r\n<p><a href=\"https:\/\/www.zenteknik.com\/en\/urun\/ultrasonik-debimetreler\/\"> Review Product<\/a> <a title=\"Process Controllers\" href=\"https:\/\/www.zenteknik.com\/en\/urun\/prosees-kontrolorler\/\"><img loading=\"lazy\" decoding=\"async\" src=\"https:\/\/zenteknik.com\/wp-content\/uploads\/2024\/07\/ESM-7730-Universal-Girisli-PID-Proses-Kontrol-Cihazi-1145-1-1024x576.jpg\" sizes=\"auto, (max-width: 1024px) 100vw, 1024px\" srcset=\"https:\/\/zenteknik.com\/wp-content\/uploads\/2024\/07\/ESM-7730-Universal-Girisli-PID-Proses-Kontrol-Cihazi-1145-1-1024x576.jpg 1024w, https:\/\/zenteknik.com\/wp-content\/uploads\/2024\/07\/ESM-7730-Universal-Girisli-PID-Proses-Kontrol-Cihazi-1145-1-300x169.jpg 300w, https:\/\/zenteknik.com\/wp-content\/uploads\/2024\/07\/ESM-7730-Universal-Girisli-PID-Proses-Kontrol-Cihazi-1145-1-768x432.jpg 768w, https:\/\/zenteknik.com\/wp-content\/uploads\/2024\/07\/ESM-7730-Universal-Girisli-PID-Proses-Kontrol-Cihazi-1145-1.jpg 1280w\" alt=\"\" width=\"1024\" height=\"576\" \/><\/a><\/p>\r\n<h3><a title=\"Process Controllers\" href=\"https:\/\/www.zenteknik.com\/en\/urun\/prosees-kontrolorler\/\">Process Controllers<\/a><\/h3>\r\n<p><a href=\"https:\/\/www.zenteknik.com\/en\/urun\/prosees-kontrolorler\/\"> Review Product<\/a> <a title=\"Pressure Gauge\" href=\"https:\/\/www.zenteknik.com\/en\/urun\/manometre\/\"><img loading=\"lazy\" decoding=\"async\" src=\"https:\/\/zenteknik.com\/wp-content\/uploads\/2024\/07\/mg-100.png\" sizes=\"auto, (max-width: 480px) 100vw, 480px\" srcset=\"https:\/\/zenteknik.com\/wp-content\/uploads\/2024\/07\/mg-100.png 480w, https:\/\/zenteknik.com\/wp-content\/uploads\/2024\/07\/mg-100-240x300.png 240w\" alt=\"\" width=\"480\" height=\"600\" \/><\/a><\/p>\r\n<h3><a title=\"Pressure Gauge\" href=\"https:\/\/www.zenteknik.com\/en\/urun\/manometre\/\">Pressure Gauge<\/a><\/h3>\r\n<p><a href=\"https:\/\/www.zenteknik.com\/en\/urun\/manometre\/\"> Review Product<\/a> <a title=\"Thermometers\" href=\"https:\/\/www.zenteknik.com\/en\/urun\/termometre\/\"><img loading=\"lazy\" decoding=\"async\" src=\"https:\/\/zenteknik.com\/wp-content\/uploads\/2024\/07\/te-100.png\" sizes=\"auto, (max-width: 480px) 100vw, 480px\" srcset=\"https:\/\/zenteknik.com\/wp-content\/uploads\/2024\/07\/te-100.png 480w, https:\/\/zenteknik.com\/wp-content\/uploads\/2024\/07\/te-100-240x300.png 240w\" alt=\"\" width=\"480\" height=\"600\" \/><\/a><\/p>\r\n<h3><a title=\"Thermometers\" href=\"https:\/\/www.zenteknik.com\/en\/urun\/termometre\/\">Thermometers<\/a><\/h3>\r\n<p><a href=\"https:\/\/www.zenteknik.com\/en\/urun\/termometre\/\"> Review Product<\/a><\/p>\r\n<!-- .pp-content-posts -->\r\n<p><img loading=\"lazy\" decoding=\"async\" title=\"1683182447447-e1686681304792\" src=\"https:\/\/zenteknik.com\/wp-content\/uploads\/2024\/06\/1683182447447-e1686681304792.png\" alt=\"1683182447447-e1686681304792\" width=\"888\" height=\"688\" \/><\/p>\r\n<p>03.01.2023 tarihinde Gaziantep&#8217;te kuruldu. Buhar, yang\u0131n, su sistemleri i\u00e7in m\u00fchendislik \u00e7\u00f6z\u00fcmleri.<\/p>\r\n<h3>Quick Menu<\/h3>\r\n<nav aria-label=\"Main Men\u00fc 2\">\r\n<ul id=\"menu-main-menu-2\">\r\n<li id=\"menu-item-811\"><a href=\"https:\/\/www.zenteknik.com\/en\/\">Homepage<\/a><\/li>\r\n<li id=\"menu-item-814\"><a href=\"https:\/\/www.zenteknik.com\/en\/kurumsal\/\">Corporate<\/a><\/li>\r\n<li id=\"menu-item-812\"><a href=\"https:\/\/www.zenteknik.com\/en\/galeri\/\">Galeri<\/a><\/li>\r\n<li id=\"menu-item-816\"><a href=\"https:\/\/www.zenteknik.com\/en\/urunlerimiz\/\">Our Products<\/a><\/li>\r\n<li id=\"menu-item-815\"><a href=\"https:\/\/www.zenteknik.com\/en\/teknik-bilgiler\/\">Technical Information<\/a><\/li>\r\n<li id=\"menu-item-813\"><a href=\"https:\/\/www.zenteknik.com\/en\/iletisim\/\">Contact<\/a><\/li>\r\n<\/ul>\r\n<\/nav>\r\n<h3>Our Products<\/h3>\r\n<nav aria-label=\"\u00dcr\u00fcnler\">\r\n<ul id=\"menu-urunler\">\r\n<li id=\"menu-item-818\"><a href=\"https:\/\/www.zenteknik.com\/en\/urunlerimiz\/vanalar\/\">VALVES<\/a><\/li>\r\n<\/ul>\r\n<\/nav>\r\n<h3>Contact<\/h3>\r\n<ul>\r\n<li>\r\n<p>Beylerbeyi, 84027 Nolu Sokak No:11\/G, 27000 \u015eehitkamil\/Gaziantep<\/p>\r\n<\/li>\r\n<\/ul>\r\n<ul>\r\n<li>\r\n<p>info@zenteknik.com<\/p>\r\n<\/li>\r\n<\/ul>\r\n<ul>\r\n<li>\r\n<p>+90 342 502 58 91<\/p>\r\n<\/li>\r\n<\/ul>\r\n<ul>\r\n<li>\r\n<p>+90 552 881 97 27<\/p>\r\n<\/li>\r\n<\/ul>\r\n<p>\u00a9 2024 <strong>Zen Teknik Engineering<\/strong>\u00a0All Rights Reserved.<\/p>\r\n<p>Web Design <strong>Digital K\u00fcre<\/strong><\/p>","protected":false},"excerpt":{"rendered":"<p>S\u0131cakl\u0131k Transmitterleri \u00dcr\u00fcn\u00fc \u0130ncele Bas\u0131n\u00e7 &hellip;<\/p>\n<p class=\"read-more\"> <a class=\"\" href=\"https:\/\/www.zenteknik.com\/en\/urunlerimiz\/olcum-enstrumanlari\/\"> <span class=\"screen-reader-text\">MEASURING INSTRUMENTS<\/span> Read More \u00bb<\/a><\/p>","protected":false},"author":5,"featured_media":0,"parent":452,"menu_order":0,"comment_status":"closed","ping_status":"closed","template":"","meta":{"site-sidebar-layout":"no-sidebar","site-content-layout":"page-builder","ast-site-content-layout":"default","site-content-style":"default","site-sidebar-style":"default","ast-global-header-display":"","ast-banner-title-visibility":"","ast-main-header-display":"","ast-hfb-above-header-display":"","ast-hfb-below-header-display":"","ast-hfb-mobile-header-display":"","site-post-title":"disabled","ast-breadcrumbs-content":"","ast-featured-img":"disabled","footer-sml-layout":"","theme-transparent-header-meta":"default","adv-header-id-meta":"","stick-header-meta":"default","header-above-stick-meta":"","header-main-stick-meta":"","header-below-stick-meta":"","astra-migrate-meta-layouts":"set","ast-page-background-enabled":"default","ast-page-background-meta":{"desktop":{"background-color":"var(--ast-global-color-4)","background-image":"","background-repeat":"repeat","background-position":"center center","background-size":"auto","background-attachment":"scroll","background-type":"","background-media":"","overlay-type":"","overlay-color":"","overlay-gradient":""},"tablet":{"background-color":"","background-image":"","background-repeat":"repeat","background-position":"center center","background-size":"auto","background-attachment":"scroll","background-type":"","background-media":"","overlay-type":"","overlay-color":"","overlay-gradient":""},"mobile":{"background-color":"","background-image":"","background-repeat":"repeat","background-position":"center center","background-size":"auto","background-attachment":"scroll","background-type":"","background-media":"","overlay-type":"","overlay-color":"","overlay-gradient":""}},"ast-content-background-meta":{"desktop":{"background-color":"var(--ast-global-color-5)","background-image":"","background-repeat":"repeat","background-position":"center center","background-size":"auto","background-attachment":"scroll","background-type":"","background-media":"","overlay-type":"","overlay-color":"","overlay-gradient":""},"tablet":{"background-color":"var(--ast-global-color-5)","background-image":"","background-repeat":"repeat","background-position":"center center","background-size":"auto","background-attachment":"scroll","background-type":"","background-media":"","overlay-type":"","overlay-color":"","overlay-gradient":""},"mobile":{"background-color":"var(--ast-global-color-5)","background-image":"","background-repeat":"repeat","background-position":"center center","background-size":"auto","background-attachment":"scroll","background-type":"","background-media":"","overlay-type":"","overlay-color":"","overlay-gradient":""}},"_joinchat":[],"footnotes":""},"class_list":["post-1231","page","type-page","status-publish","hentry"],"acf":[],"_links":{"self":[{"href":"https:\/\/www.zenteknik.com\/en\/wp-json\/wp\/v2\/pages\/1231","targetHints":{"allow":["GET"]}}],"collection":[{"href":"https:\/\/www.zenteknik.com\/en\/wp-json\/wp\/v2\/pages"}],"about":[{"href":"https:\/\/www.zenteknik.com\/en\/wp-json\/wp\/v2\/types\/page"}],"author":[{"embeddable":true,"href":"https:\/\/www.zenteknik.com\/en\/wp-json\/wp\/v2\/users\/5"}],"replies":[{"embeddable":true,"href":"https:\/\/www.zenteknik.com\/en\/wp-json\/wp\/v2\/comments?post=1231"}],"version-history":[{"count":4,"href":"https:\/\/www.zenteknik.com\/en\/wp-json\/wp\/v2\/pages\/1231\/revisions"}],"predecessor-version":[{"id":1293,"href":"https:\/\/www.zenteknik.com\/en\/wp-json\/wp\/v2\/pages\/1231\/revisions\/1293"}],"up":[{"embeddable":true,"href":"https:\/\/www.zenteknik.com\/en\/wp-json\/wp\/v2\/pages\/452"}],"wp:attachment":[{"href":"https:\/\/www.zenteknik.com\/en\/wp-json\/wp\/v2\/media?parent=1231"}],"curies":[{"name":"wp","href":"https:\/\/api.w.org\/{rel}","templated":true}]}}