{"id":1232,"date":"2024-07-04T12:59:20","date_gmt":"2024-07-04T09:59:20","guid":{"rendered":"https:\/\/zenteknik.com\/?page_id=1232"},"modified":"2024-07-04T13:11:38","modified_gmt":"2024-07-04T10:11:38","slug":"esanjorler","status":"publish","type":"page","link":"https:\/\/www.zenteknik.com\/en\/urunlerimiz\/esanjorler\/","title":{"rendered":"HEAT EXCHANGER"},"content":{"rendered":"<p><a title=\"Shell &amp; Tubular Heat Exchanger\" href=\"https:\/\/www.zenteknik.com\/en\/urun\/borulu-esanjor\/\"><img loading=\"lazy\" decoding=\"async\" src=\"https:\/\/zenteknik.com\/wp-content\/uploads\/2024\/07\/govde_borulu_esanjor_fiyati.850x510.webp\" sizes=\"auto, (max-width: 850px) 100vw, 850px\" srcset=\"https:\/\/zenteknik.com\/wp-content\/uploads\/2024\/07\/govde_borulu_esanjor_fiyati.850x510.webp 850w, https:\/\/zenteknik.com\/wp-content\/uploads\/2024\/07\/govde_borulu_esanjor_fiyati.850x510-300x180.webp 300w, https:\/\/zenteknik.com\/wp-content\/uploads\/2024\/07\/govde_borulu_esanjor_fiyati.850x510-768x461.webp 768w\" alt=\"\" width=\"850\" height=\"510\" \/><\/a><\/p>\r\n<h3><a title=\"Shell &amp; Tubular Heat Exchanger\" href=\"https:\/\/www.zenteknik.com\/en\/urun\/borulu-esanjor\/\">Shell &amp; Tubular Heat Exchanger<\/a><\/h3>\r\n<p><a href=\"https:\/\/www.zenteknik.com\/en\/urun\/borulu-esanjor\/\"> Review Product<\/a> <a title=\"Plate Heat Exchanger\" href=\"https:\/\/www.zenteknik.com\/en\/urun\/plakali-esanjor\/\"><img loading=\"lazy\" decoding=\"async\" src=\"https:\/\/zenteknik.com\/wp-content\/uploads\/2024\/07\/SF63-s-145x300-1-2.webp\" sizes=\"auto, (max-width: 303px) 100vw, 303px\" srcset=\"https:\/\/zenteknik.com\/wp-content\/uploads\/2024\/07\/SF63-s-145x300-1-2.webp 303w, https:\/\/zenteknik.com\/wp-content\/uploads\/2024\/07\/SF63-s-145x300-1-2-300x297.webp 300w, https:\/\/zenteknik.com\/wp-content\/uploads\/2024\/07\/SF63-s-145x300-1-2-150x150.webp 150w\" alt=\"\" width=\"303\" height=\"300\" \/><\/a><\/p>\r\n<h3><a title=\"Plate Heat Exchanger\" href=\"https:\/\/www.zenteknik.com\/en\/urun\/plakali-esanjor\/\">Plate Heat Exchanger<\/a><\/h3>\r\n<p><a href=\"https:\/\/www.zenteknik.com\/en\/urun\/plakali-esanjor\/\"> Review Product<\/a> <a title=\"Brazed Heat Exchanger\" href=\"https:\/\/www.zenteknik.com\/en\/urun\/lehimli-esanjor\/\"><img loading=\"lazy\" decoding=\"async\" src=\"https:\/\/zenteknik.com\/wp-content\/uploads\/2024\/07\/brazed-plate-heat-exchanger-evoperator10382457503.webp\" sizes=\"auto, (max-width: 500px) 100vw, 500px\" srcset=\"https:\/\/zenteknik.com\/wp-content\/uploads\/2024\/07\/brazed-plate-heat-exchanger-evoperator10382457503.webp 500w, https:\/\/zenteknik.com\/wp-content\/uploads\/2024\/07\/brazed-plate-heat-exchanger-evoperator10382457503-300x300.webp 300w, https:\/\/zenteknik.com\/wp-content\/uploads\/2024\/07\/brazed-plate-heat-exchanger-evoperator10382457503-150x150.webp 150w\" alt=\"\" width=\"500\" height=\"500\" \/><\/a><\/p>\r\n<h3><a title=\"Brazed Heat Exchanger\" href=\"https:\/\/www.zenteknik.com\/en\/urun\/lehimli-esanjor\/\">Brazed Heat Exchanger<\/a><\/h3>\r\n<p><a href=\"https:\/\/www.zenteknik.com\/en\/urun\/lehimli-esanjor\/\"> Review Product<\/a><\/p>\r\n<!-- .pp-content-posts -->\r\n<p><img loading=\"lazy\" decoding=\"async\" title=\"1683182447447-e1686681304792\" src=\"https:\/\/zenteknik.com\/wp-content\/uploads\/2024\/06\/1683182447447-e1686681304792.png\" alt=\"1683182447447-e1686681304792\" width=\"888\" height=\"688\" \/><\/p>\r\n<p>03.01.2023 tarihinde Gaziantep&#8217;te kuruldu. Buhar, yang\u0131n, su sistemleri i\u00e7in m\u00fchendislik \u00e7\u00f6z\u00fcmleri.<\/p>\r\n<h3>Quick Menu<\/h3>\r\n<nav aria-label=\"Main Men\u00fc 2\">\r\n<ul id=\"menu-main-menu-2\">\r\n<li id=\"menu-item-811\"><a href=\"https:\/\/www.zenteknik.com\/en\/\">Homepage<\/a><\/li>\r\n<li id=\"menu-item-814\"><a href=\"https:\/\/www.zenteknik.com\/en\/kurumsal\/\">Corporate<\/a><\/li>\r\n<li id=\"menu-item-812\"><a href=\"https:\/\/www.zenteknik.com\/en\/galeri\/\">Galeri<\/a><\/li>\r\n<li id=\"menu-item-816\"><a href=\"https:\/\/www.zenteknik.com\/en\/urunlerimiz\/\">Our Products<\/a><\/li>\r\n<li id=\"menu-item-815\"><a href=\"https:\/\/www.zenteknik.com\/en\/teknik-bilgiler\/\">Technical Information<\/a><\/li>\r\n<li id=\"menu-item-813\"><a href=\"https:\/\/www.zenteknik.com\/en\/iletisim\/\">Contact<\/a><\/li>\r\n<\/ul>\r\n<\/nav>\r\n<h3>Our Products<\/h3>\r\n<nav aria-label=\"\u00dcr\u00fcnler\">\r\n<ul id=\"menu-urunler\">\r\n<li id=\"menu-item-818\"><a href=\"https:\/\/www.zenteknik.com\/en\/urunlerimiz\/vanalar\/\">VALVES<\/a><\/li>\r\n<\/ul>\r\n<\/nav>\r\n<h3>Contact<\/h3>\r\n<ul>\r\n<li>\r\n<p>Beylerbeyi, 84027 Nolu Sokak No:11\/G, 27000 \u015eehitkamil\/Gaziantep<\/p>\r\n<\/li>\r\n<\/ul>\r\n<ul>\r\n<li>\r\n<p>info@zenteknik.com<\/p>\r\n<\/li>\r\n<\/ul>\r\n<ul>\r\n<li>\r\n<p>+90 342 502 58 91<\/p>\r\n<\/li>\r\n<\/ul>\r\n<ul>\r\n<li>\r\n<p>+90 552 881 97 27<\/p>\r\n<\/li>\r\n<\/ul>\r\n<p>\u00a9 2024 <strong>Zen Teknik Engineering<\/strong>\u00a0All Rights Reserved.<\/p>\r\n<p>Web Design <strong>Digital K\u00fcre<\/strong><\/p>","protected":false},"excerpt":{"rendered":"<p>Borulu E\u015fanj\u00f6r \u00dcr\u00fcn\u00fc \u0130ncele Plakal\u0131 &hellip;<\/p>\n<p class=\"read-more\"> <a class=\"\" href=\"https:\/\/www.zenteknik.com\/en\/urunlerimiz\/esanjorler\/\"> <span class=\"screen-reader-text\">HEAT EXCHANGER<\/span> Read More \u00bb<\/a><\/p>","protected":false},"author":5,"featured_media":0,"parent":452,"menu_order":0,"comment_status":"closed","ping_status":"closed","template":"","meta":{"site-sidebar-layout":"no-sidebar","site-content-layout":"page-builder","ast-site-content-layout":"default","site-content-style":"default","site-sidebar-style":"default","ast-global-header-display":"","ast-banner-title-visibility":"","ast-main-header-display":"","ast-hfb-above-header-display":"","ast-hfb-below-header-display":"","ast-hfb-mobile-header-display":"","site-post-title":"disabled","ast-breadcrumbs-content":"","ast-featured-img":"disabled","footer-sml-layout":"","theme-transparent-header-meta":"default","adv-header-id-meta":"","stick-header-meta":"default","header-above-stick-meta":"","header-main-stick-meta":"","header-below-stick-meta":"","astra-migrate-meta-layouts":"set","ast-page-background-enabled":"default","ast-page-background-meta":{"desktop":{"background-color":"var(--ast-global-color-4)","background-image":"","background-repeat":"repeat","background-position":"center center","background-size":"auto","background-attachment":"scroll","background-type":"","background-media":"","overlay-type":"","overlay-color":"","overlay-gradient":""},"tablet":{"background-color":"","background-image":"","background-repeat":"repeat","background-position":"center center","background-size":"auto","background-attachment":"scroll","background-type":"","background-media":"","overlay-type":"","overlay-color":"","overlay-gradient":""},"mobile":{"background-color":"","background-image":"","background-repeat":"repeat","background-position":"center center","background-size":"auto","background-attachment":"scroll","background-type":"","background-media":"","overlay-type":"","overlay-color":"","overlay-gradient":""}},"ast-content-background-meta":{"desktop":{"background-color":"var(--ast-global-color-5)","background-image":"","background-repeat":"repeat","background-position":"center center","background-size":"auto","background-attachment":"scroll","background-type":"","background-media":"","overlay-type":"","overlay-color":"","overlay-gradient":""},"tablet":{"background-color":"var(--ast-global-color-5)","background-image":"","background-repeat":"repeat","background-position":"center center","background-size":"auto","background-attachment":"scroll","background-type":"","background-media":"","overlay-type":"","overlay-color":"","overlay-gradient":""},"mobile":{"background-color":"var(--ast-global-color-5)","background-image":"","background-repeat":"repeat","background-position":"center center","background-size":"auto","background-attachment":"scroll","background-type":"","background-media":"","overlay-type":"","overlay-color":"","overlay-gradient":""}},"_joinchat":[],"footnotes":""},"class_list":["post-1232","page","type-page","status-publish","hentry"],"acf":[],"_links":{"self":[{"href":"https:\/\/www.zenteknik.com\/en\/wp-json\/wp\/v2\/pages\/1232","targetHints":{"allow":["GET"]}}],"collection":[{"href":"https:\/\/www.zenteknik.com\/en\/wp-json\/wp\/v2\/pages"}],"about":[{"href":"https:\/\/www.zenteknik.com\/en\/wp-json\/wp\/v2\/types\/page"}],"author":[{"embeddable":true,"href":"https:\/\/www.zenteknik.com\/en\/wp-json\/wp\/v2\/users\/5"}],"replies":[{"embeddable":true,"href":"https:\/\/www.zenteknik.com\/en\/wp-json\/wp\/v2\/comments?post=1232"}],"version-history":[{"count":3,"href":"https:\/\/www.zenteknik.com\/en\/wp-json\/wp\/v2\/pages\/1232\/revisions"}],"predecessor-version":[{"id":1288,"href":"https:\/\/www.zenteknik.com\/en\/wp-json\/wp\/v2\/pages\/1232\/revisions\/1288"}],"up":[{"embeddable":true,"href":"https:\/\/www.zenteknik.com\/en\/wp-json\/wp\/v2\/pages\/452"}],"wp:attachment":[{"href":"https:\/\/www.zenteknik.com\/en\/wp-json\/wp\/v2\/media?parent=1232"}],"curies":[{"name":"wp","href":"https:\/\/api.w.org\/{rel}","templated":true}]}}