{"id":1234,"date":"2024-07-04T12:59:17","date_gmt":"2024-07-04T09:59:17","guid":{"rendered":"https:\/\/zenteknik.com\/?page_id=1234"},"modified":"2024-07-04T13:11:53","modified_gmt":"2024-07-04T10:11:53","slug":"seviye-gostergeleri","status":"publish","type":"page","link":"https:\/\/www.zenteknik.com\/en\/urunlerimiz\/seviye-gostergeleri\/","title":{"rendered":"LEVEL CONTROL"},"content":{"rendered":"<p><a title=\"Standard Type Magnetic Level Gauge\" href=\"https:\/\/www.zenteknik.com\/en\/urun\/standart-tip-manyetik-seviye-gosterge-cihazi\/\"><img loading=\"lazy\" decoding=\"async\" src=\"https:\/\/zenteknik.com\/wp-content\/uploads\/2024\/07\/hlc-95f-standart-tip-manyetik-seviye-gosterge-cihazi-64005.jpg\" sizes=\"auto, (max-width: 1000px) 100vw, 1000px\" srcset=\"https:\/\/zenteknik.com\/wp-content\/uploads\/2024\/07\/hlc-95f-standart-tip-manyetik-seviye-gosterge-cihazi-64005.jpg 1000w, https:\/\/zenteknik.com\/wp-content\/uploads\/2024\/07\/hlc-95f-standart-tip-manyetik-seviye-gosterge-cihazi-64005-300x215.jpg 300w, https:\/\/zenteknik.com\/wp-content\/uploads\/2024\/07\/hlc-95f-standart-tip-manyetik-seviye-gosterge-cihazi-64005-768x550.jpg 768w\" alt=\"\" width=\"1000\" height=\"716\" \/><\/a><\/p>\r\n<h3><a title=\"Standard Type Magnetic Level Gauge\" href=\"https:\/\/www.zenteknik.com\/en\/urun\/standart-tip-manyetik-seviye-gosterge-cihazi\/\">Standard Type Magnetic Level Gauge<\/a><\/h3>\r\n<p><a href=\"https:\/\/www.zenteknik.com\/en\/urun\/standart-tip-manyetik-seviye-gosterge-cihazi\/\"> Review Product<\/a> <a title=\"Boiler Type Magnetic Level Gauge\" href=\"https:\/\/www.zenteknik.com\/en\/urun\/kazan-tipi-manyetik-seviye-gosterge-cihazi\/\"><img loading=\"lazy\" decoding=\"async\" src=\"https:\/\/zenteknik.com\/wp-content\/uploads\/2024\/07\/hlc-85f-kazan-tipi-manyetik-seviye-gosterge-cihazi-63844.jpg\" sizes=\"auto, (max-width: 1000px) 100vw, 1000px\" srcset=\"https:\/\/zenteknik.com\/wp-content\/uploads\/2024\/07\/hlc-85f-kazan-tipi-manyetik-seviye-gosterge-cihazi-63844.jpg 1000w, https:\/\/zenteknik.com\/wp-content\/uploads\/2024\/07\/hlc-85f-kazan-tipi-manyetik-seviye-gosterge-cihazi-63844-300x215.jpg 300w, https:\/\/zenteknik.com\/wp-content\/uploads\/2024\/07\/hlc-85f-kazan-tipi-manyetik-seviye-gosterge-cihazi-63844-768x550.jpg 768w\" alt=\"\" width=\"1000\" height=\"716\" \/><\/a><\/p>\r\n<h3><a title=\"Boiler Type Magnetic Level Gauge\" href=\"https:\/\/www.zenteknik.com\/en\/urun\/kazan-tipi-manyetik-seviye-gosterge-cihazi\/\">Boiler Type Magnetic Level Gauge<\/a><\/h3>\r\n<p><a href=\"https:\/\/www.zenteknik.com\/en\/urun\/kazan-tipi-manyetik-seviye-gosterge-cihazi\/\"> Review Product<\/a> <a title=\"Boiler Type Level Electrode on\/off\" href=\"https:\/\/www.zenteknik.com\/en\/urun\/kazan-tipi-seviye-elektrodu-on-off\/\"><img loading=\"lazy\" decoding=\"async\" src=\"https:\/\/zenteknik.com\/wp-content\/uploads\/2024\/07\/kompakt-on-off-seviye.png\" sizes=\"auto, (max-width: 184px) 100vw, 184px\" srcset=\"https:\/\/zenteknik.com\/wp-content\/uploads\/2024\/07\/kompakt-on-off-seviye.png 184w, https:\/\/zenteknik.com\/wp-content\/uploads\/2024\/07\/kompakt-on-off-seviye-99x300.png 99w\" alt=\"\" width=\"184\" height=\"560\" \/><\/a><\/p>\r\n<h3><a title=\"Boiler Type Level Electrode on\/off\" href=\"https:\/\/www.zenteknik.com\/en\/urun\/kazan-tipi-seviye-elektrodu-on-off\/\">Kazan Tipi Seviye Elektrodu on\/off<\/a><\/h3>\r\n<p><a href=\"https:\/\/www.zenteknik.com\/en\/urun\/kazan-tipi-seviye-elektrodu-on-off\/\"> Review Product<\/a> <a title=\"Flow Switch\" href=\"https:\/\/www.zenteknik.com\/en\/urun\/akis-salteri\/\"><img loading=\"lazy\" decoding=\"async\" src=\"https:\/\/zenteknik.com\/wp-content\/uploads\/2024\/07\/hs-12-seviye-gosterge-cihazlari-94302-1024x493.jpg\" sizes=\"auto, (max-width: 1024px) 100vw, 1024px\" srcset=\"https:\/\/zenteknik.com\/wp-content\/uploads\/2024\/07\/hs-12-seviye-gosterge-cihazlari-94302-1024x493.jpg 1024w, https:\/\/zenteknik.com\/wp-content\/uploads\/2024\/07\/hs-12-seviye-gosterge-cihazlari-94302-300x145.jpg 300w, https:\/\/zenteknik.com\/wp-content\/uploads\/2024\/07\/hs-12-seviye-gosterge-cihazlari-94302-768x370.jpg 768w, https:\/\/zenteknik.com\/wp-content\/uploads\/2024\/07\/hs-12-seviye-gosterge-cihazlari-94302-1536x740.jpg 1536w, https:\/\/zenteknik.com\/wp-content\/uploads\/2024\/07\/hs-12-seviye-gosterge-cihazlari-94302.jpg 1920w\" alt=\"\" width=\"1024\" height=\"493\" \/><\/a><\/p>\r\n<h3><a title=\"Flow Switch\" href=\"https:\/\/www.zenteknik.com\/en\/urun\/akis-salteri\/\">Flow Switch<\/a><\/h3>\r\n<p><a href=\"https:\/\/www.zenteknik.com\/en\/urun\/akis-salteri\/\"> Review Product<\/a> <a title=\"Level Gauges with Reflex Glass\" href=\"https:\/\/www.zenteknik.com\/en\/urun\/reflex-camli-seviye-gosterge-cesitleri\/\"><img loading=\"lazy\" decoding=\"async\" src=\"https:\/\/zenteknik.com\/wp-content\/uploads\/2024\/07\/hlc-90-refleks-seviye-gostergesi-64356-1.png\" sizes=\"auto, (max-width: 1000px) 100vw, 1000px\" srcset=\"https:\/\/zenteknik.com\/wp-content\/uploads\/2024\/07\/hlc-90-refleks-seviye-gostergesi-64356-1.png 1000w, https:\/\/zenteknik.com\/wp-content\/uploads\/2024\/07\/hlc-90-refleks-seviye-gostergesi-64356-1-300x300.png 300w, https:\/\/zenteknik.com\/wp-content\/uploads\/2024\/07\/hlc-90-refleks-seviye-gostergesi-64356-1-150x150.png 150w, https:\/\/zenteknik.com\/wp-content\/uploads\/2024\/07\/hlc-90-refleks-seviye-gostergesi-64356-1-768x768.png 768w\" alt=\"\" width=\"1000\" height=\"1000\" \/><\/a><\/p>\r\n<h3><a title=\"Level Gauges with Reflex Glass\" href=\"https:\/\/www.zenteknik.com\/en\/urun\/reflex-camli-seviye-gosterge-cesitleri\/\">Level Gauges with Reflex Glass<\/a><\/h3>\r\n<p><a href=\"https:\/\/www.zenteknik.com\/en\/urun\/reflex-camli-seviye-gosterge-cesitleri\/\"> Review Product<\/a> <a title=\"Level Switch Types\" href=\"https:\/\/www.zenteknik.com\/en\/urun\/seviye-salteri-cesitleri\/\"><img loading=\"lazy\" decoding=\"async\" src=\"https:\/\/zenteknik.com\/wp-content\/uploads\/2024\/07\/hlc-90-refleks-seviye-gostergesi-64356.png\" sizes=\"auto, (max-width: 1000px) 100vw, 1000px\" srcset=\"https:\/\/zenteknik.com\/wp-content\/uploads\/2024\/07\/hlc-90-refleks-seviye-gostergesi-64356.png 1000w, https:\/\/zenteknik.com\/wp-content\/uploads\/2024\/07\/hlc-90-refleks-seviye-gostergesi-64356-300x300.png 300w, https:\/\/zenteknik.com\/wp-content\/uploads\/2024\/07\/hlc-90-refleks-seviye-gostergesi-64356-150x150.png 150w, https:\/\/zenteknik.com\/wp-content\/uploads\/2024\/07\/hlc-90-refleks-seviye-gostergesi-64356-768x768.png 768w\" alt=\"\" width=\"1000\" height=\"1000\" \/><\/a><\/p>\r\n<h3><a title=\"Level Switch Types\" href=\"https:\/\/www.zenteknik.com\/en\/urun\/seviye-salteri-cesitleri\/\">Level Switch Types<\/a><\/h3>\r\n<p><a href=\"https:\/\/www.zenteknik.com\/en\/urun\/seviye-salteri-cesitleri\/\"> Review Product<\/a> <a title=\"Conductivity Type Level Switches\" href=\"https:\/\/www.zenteknik.com\/en\/urun\/iletkenlik-tip-seviye-salterleri\/\"><img loading=\"lazy\" decoding=\"async\" src=\"https:\/\/zenteknik.com\/wp-content\/uploads\/2024\/07\/elc-20f-04826-1024x545.jpg\" sizes=\"auto, (max-width: 1024px) 100vw, 1024px\" srcset=\"https:\/\/zenteknik.com\/wp-content\/uploads\/2024\/07\/elc-20f-04826-1024x545.jpg 1024w, https:\/\/zenteknik.com\/wp-content\/uploads\/2024\/07\/elc-20f-04826-300x160.jpg 300w, https:\/\/zenteknik.com\/wp-content\/uploads\/2024\/07\/elc-20f-04826-768x409.jpg 768w, https:\/\/zenteknik.com\/wp-content\/uploads\/2024\/07\/elc-20f-04826-1536x818.jpg 1536w, https:\/\/zenteknik.com\/wp-content\/uploads\/2024\/07\/elc-20f-04826-2048x1090.jpg 2048w\" alt=\"\" width=\"1024\" height=\"545\" \/><\/a><\/p>\r\n<h3><a title=\"Conductivity Type Level Switches\" href=\"https:\/\/www.zenteknik.com\/en\/urun\/iletkenlik-tip-seviye-salterleri\/\">Conductivity Type Level Switches<\/a><\/h3>\r\n<p><a href=\"https:\/\/www.zenteknik.com\/en\/urun\/iletkenlik-tip-seviye-salterleri\/\"> Review Product<\/a> <a title=\"Automatic Surface Blowdown (TDS) System\" href=\"https:\/\/www.zenteknik.com\/en\/urun\/yuzey-blof-tds-kontrol\/\"><img loading=\"lazy\" decoding=\"async\" src=\"https:\/\/zenteknik.com\/wp-content\/uploads\/2024\/07\/Smart-BCS-970.png\" sizes=\"auto, (max-width: 737px) 100vw, 737px\" srcset=\"https:\/\/zenteknik.com\/wp-content\/uploads\/2024\/07\/Smart-BCS-970.png 737w, https:\/\/zenteknik.com\/wp-content\/uploads\/2024\/07\/Smart-BCS-970-300x244.png 300w\" alt=\"\" width=\"737\" height=\"600\" \/><\/a><\/p>\r\n<h3><a title=\"Automatic Surface Blowdown (TDS) System\" href=\"https:\/\/www.zenteknik.com\/en\/urun\/yuzey-blof-tds-kontrol\/\">Automatic Surface Blowdown (TDS) System<\/a><\/h3>\r\n<p><a href=\"https:\/\/www.zenteknik.com\/en\/urun\/yuzey-blof-tds-kontrol\/\"> Review Product<\/a> <a title=\"Automatic Blowdown System\" href=\"https:\/\/www.zenteknik.com\/en\/urun\/dip-blof-sistemi\/\"><img loading=\"lazy\" decoding=\"async\" src=\"https:\/\/zenteknik.com\/wp-content\/uploads\/2024\/07\/smart-bcs-700-atech-1.jpg\" sizes=\"auto, (max-width: 719px) 100vw, 719px\" srcset=\"https:\/\/zenteknik.com\/wp-content\/uploads\/2024\/07\/smart-bcs-700-atech-1.jpg 719w, https:\/\/zenteknik.com\/wp-content\/uploads\/2024\/07\/smart-bcs-700-atech-1-300x250.jpg 300w\" alt=\"\" width=\"719\" height=\"600\" \/><\/a><\/p>\r\n<h3><a title=\"Automatic Blowdown System\" href=\"https:\/\/www.zenteknik.com\/en\/urun\/dip-blof-sistemi\/\">Automatic Blowdown System<\/a><\/h3>\r\n<p><a href=\"https:\/\/www.zenteknik.com\/en\/urun\/dip-blof-sistemi\/\"> Review Product<\/a> <a title=\"Condensate Contamination Control System\" href=\"https:\/\/www.zenteknik.com\/en\/urun\/kondens-kirlilik-kontrol-sistemi\/\"><img loading=\"lazy\" decoding=\"async\" src=\"https:\/\/zenteknik.com\/wp-content\/uploads\/2024\/07\/CCS-990-Sistem-1-705x598-1.png\" sizes=\"auto, (max-width: 705px) 100vw, 705px\" srcset=\"https:\/\/zenteknik.com\/wp-content\/uploads\/2024\/07\/CCS-990-Sistem-1-705x598-1.png 705w, https:\/\/zenteknik.com\/wp-content\/uploads\/2024\/07\/CCS-990-Sistem-1-705x598-1-300x254.png 300w\" alt=\"\" width=\"705\" height=\"598\" \/><\/a><\/p>\r\n<h3><a title=\"Condensate Contamination Control System\" href=\"https:\/\/www.zenteknik.com\/en\/urun\/kondens-kirlilik-kontrol-sistemi\/\">Condensate Contamination Control System<\/a><\/h3>\r\n<p><a href=\"https:\/\/www.zenteknik.com\/en\/urun\/kondens-kirlilik-kontrol-sistemi\/\"> Review Product<\/a><\/p>\r\n<ul class=\"page-numbers\">\r\n<li>1<\/li>\r\n<li><a href=\"https:\/\/www.zenteknik.com\/en\/urunlerimiz\/seviye-gostergeleri\/\">2<\/a><\/li>\r\n<li><a href=\"https:\/\/www.zenteknik.com\/en\/urunlerimiz\/seviye-gostergeleri\/\">Sonraki \u00bb<\/a><\/li>\r\n<\/ul>\r\n<!-- .pp-content-posts -->\r\n<p><img loading=\"lazy\" decoding=\"async\" title=\"1683182447447-e1686681304792\" src=\"https:\/\/zenteknik.com\/wp-content\/uploads\/2024\/06\/1683182447447-e1686681304792.png\" alt=\"1683182447447-e1686681304792\" width=\"888\" height=\"688\" \/><\/p>\r\n<p>03.01.2023 tarihinde Gaziantep&#8217;te kuruldu. Buhar, yang\u0131n, su sistemleri i\u00e7in m\u00fchendislik \u00e7\u00f6z\u00fcmleri.<\/p>\r\n<h3>Quick Menu<\/h3>\r\n<nav aria-label=\"Main Men\u00fc 2\">\r\n<ul id=\"menu-main-menu-2\">\r\n<li id=\"menu-item-811\"><a href=\"https:\/\/www.zenteknik.com\/en\/\">Homepage<\/a><\/li>\r\n<li id=\"menu-item-814\"><a href=\"https:\/\/www.zenteknik.com\/en\/kurumsal\/\">Corporate<\/a><\/li>\r\n<li id=\"menu-item-812\"><a href=\"https:\/\/www.zenteknik.com\/en\/galeri\/\">Galeri<\/a><\/li>\r\n<li id=\"menu-item-816\"><a href=\"https:\/\/www.zenteknik.com\/en\/urunlerimiz\/\">Our Products<\/a><\/li>\r\n<li id=\"menu-item-815\"><a href=\"https:\/\/www.zenteknik.com\/en\/teknik-bilgiler\/\">Technical Information<\/a><\/li>\r\n<li id=\"menu-item-813\"><a href=\"https:\/\/www.zenteknik.com\/en\/iletisim\/\">Contact<\/a><\/li>\r\n<\/ul>\r\n<\/nav>\r\n<h3>Our Products<\/h3>\r\n<nav aria-label=\"\u00dcr\u00fcnler\">\r\n<ul id=\"menu-urunler\">\r\n<li id=\"menu-item-818\"><a href=\"https:\/\/www.zenteknik.com\/en\/urunlerimiz\/vanalar\/\">VALVES<\/a><\/li>\r\n<\/ul>\r\n<\/nav>\r\n<h3>Contact<\/h3>\r\n<ul>\r\n<li>\r\n<p>Beylerbeyi, 84027 Nolu Sokak No:11\/G, 27000 \u015eehitkamil\/Gaziantep<\/p>\r\n<\/li>\r\n<\/ul>\r\n<ul>\r\n<li>\r\n<p>info@zenteknik.com<\/p>\r\n<\/li>\r\n<\/ul>\r\n<ul>\r\n<li>\r\n<p>+90 342 502 58 91<\/p>\r\n<\/li>\r\n<\/ul>\r\n<ul>\r\n<li>\r\n<p>+90 552 881 97 27<\/p>\r\n<\/li>\r\n<\/ul>\r\n<p>\u00a9 2024 <strong>Zen Teknik Engineering<\/strong>\u00a0All Rights Reserved.<\/p>\r\n<p>Web Design <strong>Digital K\u00fcre<\/strong><\/p>","protected":false},"excerpt":{"rendered":"<p>Standart Tip Manyetik Seviye G\u00f6sterge &hellip;<\/p>\n<p class=\"read-more\"> <a class=\"\" href=\"https:\/\/www.zenteknik.com\/en\/urunlerimiz\/seviye-gostergeleri\/\"> <span class=\"screen-reader-text\">LEVEL CONTROL<\/span> Read More \u00bb<\/a><\/p>","protected":false},"author":5,"featured_media":0,"parent":452,"menu_order":0,"comment_status":"closed","ping_status":"closed","template":"","meta":{"site-sidebar-layout":"no-sidebar","site-content-layout":"page-builder","ast-site-content-layout":"default","site-content-style":"default","site-sidebar-style":"default","ast-global-header-display":"","ast-banner-title-visibility":"","ast-main-header-display":"","ast-hfb-above-header-display":"","ast-hfb-below-header-display":"","ast-hfb-mobile-header-display":"","site-post-title":"disabled","ast-breadcrumbs-content":"","ast-featured-img":"disabled","footer-sml-layout":"","theme-transparent-header-meta":"default","adv-header-id-meta":"","stick-header-meta":"default","header-above-stick-meta":"","header-main-stick-meta":"","header-below-stick-meta":"","astra-migrate-meta-layouts":"set","ast-page-background-enabled":"default","ast-page-background-meta":{"desktop":{"background-color":"var(--ast-global-color-4)","background-image":"","background-repeat":"repeat","background-position":"center center","background-size":"auto","background-attachment":"scroll","background-type":"","background-media":"","overlay-type":"","overlay-color":"","overlay-gradient":""},"tablet":{"background-color":"","background-image":"","background-repeat":"repeat","background-position":"center center","background-size":"auto","background-attachment":"scroll","background-type":"","background-media":"","overlay-type":"","overlay-color":"","overlay-gradient":""},"mobile":{"background-color":"","background-image":"","background-repeat":"repeat","background-position":"center center","background-size":"auto","background-attachment":"scroll","background-type":"","background-media":"","overlay-type":"","overlay-color":"","overlay-gradient":""}},"ast-content-background-meta":{"desktop":{"background-color":"var(--ast-global-color-5)","background-image":"","background-repeat":"repeat","background-position":"center center","background-size":"auto","background-attachment":"scroll","background-type":"","background-media":"","overlay-type":"","overlay-color":"","overlay-gradient":""},"tablet":{"background-color":"var(--ast-global-color-5)","background-image":"","background-repeat":"repeat","background-position":"center center","background-size":"auto","background-attachment":"scroll","background-type":"","background-media":"","overlay-type":"","overlay-color":"","overlay-gradient":""},"mobile":{"background-color":"var(--ast-global-color-5)","background-image":"","background-repeat":"repeat","background-position":"center center","background-size":"auto","background-attachment":"scroll","background-type":"","background-media":"","overlay-type":"","overlay-color":"","overlay-gradient":""}},"_joinchat":[],"footnotes":""},"class_list":["post-1234","page","type-page","status-publish","hentry"],"acf":[],"_links":{"self":[{"href":"https:\/\/www.zenteknik.com\/en\/wp-json\/wp\/v2\/pages\/1234","targetHints":{"allow":["GET"]}}],"collection":[{"href":"https:\/\/www.zenteknik.com\/en\/wp-json\/wp\/v2\/pages"}],"about":[{"href":"https:\/\/www.zenteknik.com\/en\/wp-json\/wp\/v2\/types\/page"}],"author":[{"embeddable":true,"href":"https:\/\/www.zenteknik.com\/en\/wp-json\/wp\/v2\/users\/5"}],"replies":[{"embeddable":true,"href":"https:\/\/www.zenteknik.com\/en\/wp-json\/wp\/v2\/comments?post=1234"}],"version-history":[{"count":4,"href":"https:\/\/www.zenteknik.com\/en\/wp-json\/wp\/v2\/pages\/1234\/revisions"}],"predecessor-version":[{"id":1295,"href":"https:\/\/www.zenteknik.com\/en\/wp-json\/wp\/v2\/pages\/1234\/revisions\/1295"}],"up":[{"embeddable":true,"href":"https:\/\/www.zenteknik.com\/en\/wp-json\/wp\/v2\/pages\/452"}],"wp:attachment":[{"href":"https:\/\/www.zenteknik.com\/en\/wp-json\/wp\/v2\/media?parent=1234"}],"curies":[{"name":"wp","href":"https:\/\/api.w.org\/{rel}","templated":true}]}}