{"id":1236,"date":"2024-07-04T12:59:13","date_gmt":"2024-07-04T09:59:13","guid":{"rendered":"https:\/\/zenteknik.com\/?page_id=1236"},"modified":"2024-07-04T13:11:45","modified_gmt":"2024-07-04T10:11:45","slug":"kompansatorler","status":"publish","type":"page","link":"https:\/\/www.zenteknik.com\/en\/urunlerimiz\/kompansatorler\/","title":{"rendered":"EXPANSION JOINT"},"content":{"rendered":"<p><a title=\"Rubber Expansion Joint\" href=\"https:\/\/www.zenteknik.com\/en\/urun\/kaucuk-kompansator\/\"><img loading=\"lazy\" decoding=\"async\" src=\"https:\/\/zenteknik.com\/wp-content\/uploads\/2024\/07\/hls-kks-kaucuk-kompansator-sfero-dokum-flansli-63049.jpg\" sizes=\"auto, (max-width: 1000px) 100vw, 1000px\" srcset=\"https:\/\/zenteknik.com\/wp-content\/uploads\/2024\/07\/hls-kks-kaucuk-kompansator-sfero-dokum-flansli-63049.jpg 1000w, https:\/\/zenteknik.com\/wp-content\/uploads\/2024\/07\/hls-kks-kaucuk-kompansator-sfero-dokum-flansli-63049-300x215.jpg 300w, https:\/\/zenteknik.com\/wp-content\/uploads\/2024\/07\/hls-kks-kaucuk-kompansator-sfero-dokum-flansli-63049-768x550.jpg 768w\" alt=\"\" width=\"1000\" height=\"716\" \/><\/a><\/p>\r\n<h3><a title=\"Rubber Expansion Joint\" href=\"https:\/\/www.zenteknik.com\/en\/urun\/kaucuk-kompansator\/\">Rubber Expansion Joint<\/a><\/h3>\r\n<p><a href=\"https:\/\/www.zenteknik.com\/en\/urun\/kaucuk-kompansator\/\"> Review Product<\/a> <a title=\"Axial Expansion Joint\" href=\"https:\/\/www.zenteknik.com\/en\/urun\/metal-koruklu-eksenel-kompansator\/\"><img loading=\"lazy\" decoding=\"async\" src=\"https:\/\/zenteknik.com\/wp-content\/uploads\/2024\/07\/hls-mkd-metal-koruklu-eksenel-kompansator-doner-flansli-42553.jpg\" sizes=\"auto, (max-width: 1000px) 100vw, 1000px\" srcset=\"https:\/\/zenteknik.com\/wp-content\/uploads\/2024\/07\/hls-mkd-metal-koruklu-eksenel-kompansator-doner-flansli-42553.jpg 1000w, https:\/\/zenteknik.com\/wp-content\/uploads\/2024\/07\/hls-mkd-metal-koruklu-eksenel-kompansator-doner-flansli-42553-300x215.jpg 300w, https:\/\/zenteknik.com\/wp-content\/uploads\/2024\/07\/hls-mkd-metal-koruklu-eksenel-kompansator-doner-flansli-42553-768x550.jpg 768w\" alt=\"\" width=\"1000\" height=\"716\" \/><\/a><\/p>\r\n<h3><a title=\"Axial Expansion Joint\" href=\"https:\/\/www.zenteknik.com\/en\/urun\/metal-koruklu-eksenel-kompansator\/\">Axial Expansion Joint<\/a><\/h3>\r\n<p><a href=\"https:\/\/www.zenteknik.com\/en\/urun\/metal-koruklu-eksenel-kompansator\/\"> Review Product<\/a> <a title=\"Externally Pressurized Expansion Joint\" href=\"https:\/\/www.zenteknik.com\/en\/urun\/distan-basincli-kompansator\/\"><img loading=\"lazy\" decoding=\"async\" src=\"https:\/\/zenteknik.com\/wp-content\/uploads\/2024\/07\/hls-dbf-distan-basincli-kompansator-flansli-43138.jpg\" sizes=\"auto, (max-width: 1000px) 100vw, 1000px\" srcset=\"https:\/\/zenteknik.com\/wp-content\/uploads\/2024\/07\/hls-dbf-distan-basincli-kompansator-flansli-43138.jpg 1000w, https:\/\/zenteknik.com\/wp-content\/uploads\/2024\/07\/hls-dbf-distan-basincli-kompansator-flansli-43138-300x215.jpg 300w, https:\/\/zenteknik.com\/wp-content\/uploads\/2024\/07\/hls-dbf-distan-basincli-kompansator-flansli-43138-768x550.jpg 768w\" alt=\"\" width=\"1000\" height=\"716\" \/><\/a><\/p>\r\n<h3><a title=\"Externally Pressurized Expansion Joint\" href=\"https:\/\/www.zenteknik.com\/en\/urun\/distan-basincli-kompansator\/\">Externally Pressurized Expansion Joint<\/a><\/h3>\r\n<p><a href=\"https:\/\/www.zenteknik.com\/en\/urun\/distan-basincli-kompansator\/\"> Review Product<\/a> <a title=\"UNIVERSAL TIED EXPANSION JOINTS\" href=\"https:\/\/www.zenteknik.com\/en\/urun\/limitrotlu-dilatasyon-kompansatoru\/\"><img loading=\"lazy\" decoding=\"async\" src=\"https:\/\/zenteknik.com\/wp-content\/uploads\/2024\/07\/hls-lrf-limitrotlu-dilatasyon-kompansatoru-flansli-43913.jpg\" sizes=\"auto, (max-width: 1000px) 100vw, 1000px\" srcset=\"https:\/\/zenteknik.com\/wp-content\/uploads\/2024\/07\/hls-lrf-limitrotlu-dilatasyon-kompansatoru-flansli-43913.jpg 1000w, https:\/\/zenteknik.com\/wp-content\/uploads\/2024\/07\/hls-lrf-limitrotlu-dilatasyon-kompansatoru-flansli-43913-300x215.jpg 300w, https:\/\/zenteknik.com\/wp-content\/uploads\/2024\/07\/hls-lrf-limitrotlu-dilatasyon-kompansatoru-flansli-43913-768x550.jpg 768w\" alt=\"\" width=\"1000\" height=\"716\" \/><\/a><\/p>\r\n<h3><a title=\"UNIVERSAL TIED EXPANSION JOINTS\" href=\"https:\/\/www.zenteknik.com\/en\/urun\/limitrotlu-dilatasyon-kompansatoru\/\">UNIVERSAL TIED EXPANSION JOINTS<\/a><\/h3>\r\n<p><a href=\"https:\/\/www.zenteknik.com\/en\/urun\/limitrotlu-dilatasyon-kompansatoru\/\"> Review Product<\/a> <a title=\"Vibration Absorber\" href=\"https:\/\/www.zenteknik.com\/en\/urun\/limitrotlu-titresim-yutucu-kompansator\/\"><img loading=\"lazy\" decoding=\"async\" src=\"https:\/\/zenteknik.com\/wp-content\/uploads\/2024\/07\/hls-lrty-limitrotlu-titresim-yutucu-kompansator-60403.jpg\" sizes=\"auto, (max-width: 1000px) 100vw, 1000px\" srcset=\"https:\/\/zenteknik.com\/wp-content\/uploads\/2024\/07\/hls-lrty-limitrotlu-titresim-yutucu-kompansator-60403.jpg 1000w, https:\/\/zenteknik.com\/wp-content\/uploads\/2024\/07\/hls-lrty-limitrotlu-titresim-yutucu-kompansator-60403-300x215.jpg 300w, https:\/\/zenteknik.com\/wp-content\/uploads\/2024\/07\/hls-lrty-limitrotlu-titresim-yutucu-kompansator-60403-768x550.jpg 768w\" alt=\"\" width=\"1000\" height=\"716\" \/><\/a><\/p>\r\n<h3><a title=\"Vibration Absorber\" href=\"https:\/\/www.zenteknik.com\/en\/urun\/limitrotlu-titresim-yutucu-kompansator\/\">Vibration Absorber<\/a><\/h3>\r\n<p><a href=\"https:\/\/www.zenteknik.com\/en\/urun\/limitrotlu-titresim-yutucu-kompansator\/\"> Review Product<\/a> <a title=\"Double Gimbal Expansion Joints\" href=\"https:\/\/www.zenteknik.com\/en\/urun\/kardan-mafsalli-dilatasyon-ve-deprem-kompansatoru\/\"><img loading=\"lazy\" decoding=\"async\" src=\"https:\/\/zenteknik.com\/wp-content\/uploads\/2024\/07\/hls-kmy-kardan-mafsalli-sismik-dilatasyon-ve-deprem-kompansatoru-yivli-oluklu-51104.jpg\" sizes=\"auto, (max-width: 1000px) 100vw, 1000px\" srcset=\"https:\/\/zenteknik.com\/wp-content\/uploads\/2024\/07\/hls-kmy-kardan-mafsalli-sismik-dilatasyon-ve-deprem-kompansatoru-yivli-oluklu-51104.jpg 1000w, https:\/\/zenteknik.com\/wp-content\/uploads\/2024\/07\/hls-kmy-kardan-mafsalli-sismik-dilatasyon-ve-deprem-kompansatoru-yivli-oluklu-51104-300x215.jpg 300w, https:\/\/zenteknik.com\/wp-content\/uploads\/2024\/07\/hls-kmy-kardan-mafsalli-sismik-dilatasyon-ve-deprem-kompansatoru-yivli-oluklu-51104-768x550.jpg 768w\" alt=\"\" width=\"1000\" height=\"716\" \/><\/a><\/p>\r\n<h3><a title=\"Double Gimbal Expansion Joints\" href=\"https:\/\/www.zenteknik.com\/en\/urun\/kardan-mafsalli-dilatasyon-ve-deprem-kompansatoru\/\">Double Gimbal Expansion Joints<\/a><\/h3>\r\n<p><a href=\"https:\/\/www.zenteknik.com\/en\/urun\/kardan-mafsalli-dilatasyon-ve-deprem-kompansatoru\/\"> Review Product<\/a> <a title=\"Pipe Expansion Joint\" href=\"https:\/\/www.zenteknik.com\/en\/urun\/boru-kompansatoru\/\"><img loading=\"lazy\" decoding=\"async\" src=\"https:\/\/zenteknik.com\/wp-content\/uploads\/2024\/07\/hls-bkd-bkb-boru-kompansatoru-60637.jpg\" sizes=\"auto, (max-width: 1000px) 100vw, 1000px\" srcset=\"https:\/\/zenteknik.com\/wp-content\/uploads\/2024\/07\/hls-bkd-bkb-boru-kompansatoru-60637.jpg 1000w, https:\/\/zenteknik.com\/wp-content\/uploads\/2024\/07\/hls-bkd-bkb-boru-kompansatoru-60637-300x215.jpg 300w, https:\/\/zenteknik.com\/wp-content\/uploads\/2024\/07\/hls-bkd-bkb-boru-kompansatoru-60637-768x550.jpg 768w\" alt=\"\" width=\"1000\" height=\"716\" \/><\/a><\/p>\r\n<h3><a title=\"Pipe Expansion Joint\" href=\"https:\/\/www.zenteknik.com\/en\/urun\/boru-kompansatoru\/\">Pipe Expansion Joint<\/a><\/h3>\r\n<p><a href=\"https:\/\/www.zenteknik.com\/en\/urun\/boru-kompansatoru\/\"> Review Product<\/a> <a title=\"Lens Type expansion joint\" href=\"https:\/\/www.zenteknik.com\/en\/urun\/lens-kompansator-cesitleri\/\"><img loading=\"lazy\" decoding=\"async\" src=\"https:\/\/zenteknik.com\/wp-content\/uploads\/2024\/07\/lens-komapsantor-65207.jpg\" sizes=\"auto, (max-width: 1000px) 100vw, 1000px\" srcset=\"https:\/\/zenteknik.com\/wp-content\/uploads\/2024\/07\/lens-komapsantor-65207.jpg 1000w, https:\/\/zenteknik.com\/wp-content\/uploads\/2024\/07\/lens-komapsantor-65207-300x215.jpg 300w, https:\/\/zenteknik.com\/wp-content\/uploads\/2024\/07\/lens-komapsantor-65207-768x550.jpg 768w\" alt=\"\" width=\"1000\" height=\"716\" \/><\/a><\/p>\r\n<h3><a title=\"Lens Type expansion joint\" href=\"https:\/\/www.zenteknik.com\/en\/urun\/lens-kompansator-cesitleri\/\">Lens Type expansion joint<\/a><\/h3>\r\n<p><a href=\"https:\/\/www.zenteknik.com\/en\/urun\/lens-kompansator-cesitleri\/\"> Review Product<\/a> <a title=\"Square Expansion Joints\" href=\"https:\/\/www.zenteknik.com\/en\/urun\/kare-kompansatorler\/\"><img loading=\"lazy\" decoding=\"async\" src=\"https:\/\/zenteknik.com\/wp-content\/uploads\/2024\/07\/kare-kompansator-65315.png\" sizes=\"auto, (max-width: 821px) 100vw, 821px\" srcset=\"https:\/\/zenteknik.com\/wp-content\/uploads\/2024\/07\/kare-kompansator-65315.png 821w, https:\/\/zenteknik.com\/wp-content\/uploads\/2024\/07\/kare-kompansator-65315-300x296.png 300w, https:\/\/zenteknik.com\/wp-content\/uploads\/2024\/07\/kare-kompansator-65315-768x759.png 768w\" alt=\"\" width=\"821\" height=\"811\" \/><\/a><\/p>\r\n<h3><a title=\"Square Expansion Joints\" href=\"https:\/\/www.zenteknik.com\/en\/urun\/kare-kompansatorler\/\">Square Expansion Joints<\/a><\/h3>\r\n<p><a href=\"https:\/\/www.zenteknik.com\/en\/urun\/kare-kompansatorler\/\"> Review Product<\/a><\/p>\r\n<!-- .pp-content-posts -->\r\n<p><img loading=\"lazy\" decoding=\"async\" title=\"1683182447447-e1686681304792\" src=\"https:\/\/zenteknik.com\/wp-content\/uploads\/2024\/06\/1683182447447-e1686681304792.png\" alt=\"1683182447447-e1686681304792\" width=\"888\" height=\"688\" \/><\/p>\r\n<p>03.01.2023 tarihinde Gaziantep&#8217;te kuruldu. Buhar, yang\u0131n, su sistemleri i\u00e7in m\u00fchendislik \u00e7\u00f6z\u00fcmleri.<\/p>\r\n<h3>Quick Menu<\/h3>\r\n<nav aria-label=\"Main Men\u00fc 2\">\r\n<ul id=\"menu-main-menu-2\">\r\n<li id=\"menu-item-811\"><a href=\"https:\/\/www.zenteknik.com\/en\/\">Homepage<\/a><\/li>\r\n<li id=\"menu-item-814\"><a href=\"https:\/\/www.zenteknik.com\/en\/kurumsal\/\">Corporate<\/a><\/li>\r\n<li id=\"menu-item-812\"><a href=\"https:\/\/www.zenteknik.com\/en\/galeri\/\">Galeri<\/a><\/li>\r\n<li id=\"menu-item-816\"><a href=\"https:\/\/www.zenteknik.com\/en\/urunlerimiz\/\">Our Products<\/a><\/li>\r\n<li id=\"menu-item-815\"><a href=\"https:\/\/www.zenteknik.com\/en\/teknik-bilgiler\/\">Technical Information<\/a><\/li>\r\n<li id=\"menu-item-813\"><a href=\"https:\/\/www.zenteknik.com\/en\/iletisim\/\">Contact<\/a><\/li>\r\n<\/ul>\r\n<\/nav>\r\n<h3>Our Products<\/h3>\r\n<nav aria-label=\"\u00dcr\u00fcnler\">\r\n<ul id=\"menu-urunler\">\r\n<li id=\"menu-item-818\"><a href=\"https:\/\/www.zenteknik.com\/en\/urunlerimiz\/vanalar\/\">VALVES<\/a><\/li>\r\n<\/ul>\r\n<\/nav>\r\n<h3>Contact<\/h3>\r\n<ul>\r\n<li>\r\n<p>Beylerbeyi, 84027 Nolu Sokak No:11\/G, 27000 \u015eehitkamil\/Gaziantep<\/p>\r\n<\/li>\r\n<\/ul>\r\n<ul>\r\n<li>\r\n<p>info@zenteknik.com<\/p>\r\n<\/li>\r\n<\/ul>\r\n<ul>\r\n<li>\r\n<p>+90 342 502 58 91<\/p>\r\n<\/li>\r\n<\/ul>\r\n<ul>\r\n<li>\r\n<p>+90 552 881 97 27<\/p>\r\n<\/li>\r\n<\/ul>\r\n<p>\u00a9 2024 <strong>Zen Teknik Engineering<\/strong>\u00a0All Rights Reserved.<\/p>\r\n<p>Web Design <strong>Digital K\u00fcre<\/strong><\/p>","protected":false},"excerpt":{"rendered":"<p>Kau\u00e7uk Kompansat\u00f6r \u00dcr\u00fcn\u00fc \u0130ncele Metal &hellip;<\/p>\n<p class=\"read-more\"> <a class=\"\" href=\"https:\/\/www.zenteknik.com\/en\/urunlerimiz\/kompansatorler\/\"> <span class=\"screen-reader-text\">EXPANSION JOINT<\/span> Read More \u00bb<\/a><\/p>","protected":false},"author":5,"featured_media":0,"parent":452,"menu_order":0,"comment_status":"closed","ping_status":"closed","template":"","meta":{"site-sidebar-layout":"no-sidebar","site-content-layout":"page-builder","ast-site-content-layout":"default","site-content-style":"default","site-sidebar-style":"default","ast-global-header-display":"","ast-banner-title-visibility":"","ast-main-header-display":"","ast-hfb-above-header-display":"","ast-hfb-below-header-display":"","ast-hfb-mobile-header-display":"","site-post-title":"disabled","ast-breadcrumbs-content":"","ast-featured-img":"disabled","footer-sml-layout":"","theme-transparent-header-meta":"default","adv-header-id-meta":"","stick-header-meta":"default","header-above-stick-meta":"","header-main-stick-meta":"","header-below-stick-meta":"","astra-migrate-meta-layouts":"set","ast-page-background-enabled":"default","ast-page-background-meta":{"desktop":{"background-color":"var(--ast-global-color-4)","background-image":"","background-repeat":"repeat","background-position":"center center","background-size":"auto","background-attachment":"scroll","background-type":"","background-media":"","overlay-type":"","overlay-color":"","overlay-gradient":""},"tablet":{"background-color":"","background-image":"","background-repeat":"repeat","background-position":"center center","background-size":"auto","background-attachment":"scroll","background-type":"","background-media":"","overlay-type":"","overlay-color":"","overlay-gradient":""},"mobile":{"background-color":"","background-image":"","background-repeat":"repeat","background-position":"center center","background-size":"auto","background-attachment":"scroll","background-type":"","background-media":"","overlay-type":"","overlay-color":"","overlay-gradient":""}},"ast-content-background-meta":{"desktop":{"background-color":"var(--ast-global-color-5)","background-image":"","background-repeat":"repeat","background-position":"center center","background-size":"auto","background-attachment":"scroll","background-type":"","background-media":"","overlay-type":"","overlay-color":"","overlay-gradient":""},"tablet":{"background-color":"var(--ast-global-color-5)","background-image":"","background-repeat":"repeat","background-position":"center center","background-size":"auto","background-attachment":"scroll","background-type":"","background-media":"","overlay-type":"","overlay-color":"","overlay-gradient":""},"mobile":{"background-color":"var(--ast-global-color-5)","background-image":"","background-repeat":"repeat","background-position":"center center","background-size":"auto","background-attachment":"scroll","background-type":"","background-media":"","overlay-type":"","overlay-color":"","overlay-gradient":""}},"_joinchat":[],"footnotes":""},"class_list":["post-1236","page","type-page","status-publish","hentry"],"acf":[],"_links":{"self":[{"href":"https:\/\/www.zenteknik.com\/en\/wp-json\/wp\/v2\/pages\/1236","targetHints":{"allow":["GET"]}}],"collection":[{"href":"https:\/\/www.zenteknik.com\/en\/wp-json\/wp\/v2\/pages"}],"about":[{"href":"https:\/\/www.zenteknik.com\/en\/wp-json\/wp\/v2\/types\/page"}],"author":[{"embeddable":true,"href":"https:\/\/www.zenteknik.com\/en\/wp-json\/wp\/v2\/users\/5"}],"replies":[{"embeddable":true,"href":"https:\/\/www.zenteknik.com\/en\/wp-json\/wp\/v2\/comments?post=1236"}],"version-history":[{"count":4,"href":"https:\/\/www.zenteknik.com\/en\/wp-json\/wp\/v2\/pages\/1236\/revisions"}],"predecessor-version":[{"id":1291,"href":"https:\/\/www.zenteknik.com\/en\/wp-json\/wp\/v2\/pages\/1236\/revisions\/1291"}],"up":[{"embeddable":true,"href":"https:\/\/www.zenteknik.com\/en\/wp-json\/wp\/v2\/pages\/452"}],"wp:attachment":[{"href":"https:\/\/www.zenteknik.com\/en\/wp-json\/wp\/v2\/media?parent=1236"}],"curies":[{"name":"wp","href":"https:\/\/api.w.org\/{rel}","templated":true}]}}