{"id":1237,"date":"2024-07-04T12:59:11","date_gmt":"2024-07-04T09:59:11","guid":{"rendered":"https:\/\/zenteknik.com\/?page_id=1237"},"modified":"2024-07-04T13:11:47","modified_gmt":"2024-07-04T10:11:47","slug":"kondenstoplar","status":"publish","type":"page","link":"https:\/\/www.zenteknik.com\/en\/urunlerimiz\/kondenstoplar\/","title":{"rendered":"STEAM TRAPS"},"content":{"rendered":"<p><a title=\"Thermostatic Steam Trap\" href=\"https:\/\/www.zenteknik.com\/en\/urun\/termostatik\/\"><img loading=\"lazy\" decoding=\"async\" src=\"https:\/\/zenteknik.com\/wp-content\/uploads\/2024\/07\/htk75-termostatik-kondenstop-45135-1.png\" sizes=\"auto, (max-width: 750px) 100vw, 750px\" srcset=\"https:\/\/zenteknik.com\/wp-content\/uploads\/2024\/07\/htk75-termostatik-kondenstop-45135-1.png 750w, https:\/\/zenteknik.com\/wp-content\/uploads\/2024\/07\/htk75-termostatik-kondenstop-45135-1-300x300.png 300w, https:\/\/zenteknik.com\/wp-content\/uploads\/2024\/07\/htk75-termostatik-kondenstop-45135-1-150x150.png 150w\" alt=\"\" width=\"750\" height=\"750\" \/><\/a><\/p>\r\n<h3><a title=\"Thermostatic Steam Trap\" href=\"https:\/\/www.zenteknik.com\/en\/urun\/termostatik\/\">Thermostatic Steam Trap<\/a><\/h3>\r\n<p><a href=\"https:\/\/www.zenteknik.com\/en\/urun\/termostatik\/\"> Review Product<\/a> <a title=\"Thermodynamic Steam Trap\" href=\"https:\/\/www.zenteknik.com\/en\/urun\/termodinamik\/\"><img loading=\"lazy\" decoding=\"async\" src=\"https:\/\/zenteknik.com\/wp-content\/uploads\/2024\/07\/htd37-termodinamik-kondenstop-43540-1.png\" sizes=\"auto, (max-width: 750px) 100vw, 750px\" srcset=\"https:\/\/zenteknik.com\/wp-content\/uploads\/2024\/07\/htd37-termodinamik-kondenstop-43540-1.png 750w, https:\/\/zenteknik.com\/wp-content\/uploads\/2024\/07\/htd37-termodinamik-kondenstop-43540-1-300x300.png 300w, https:\/\/zenteknik.com\/wp-content\/uploads\/2024\/07\/htd37-termodinamik-kondenstop-43540-1-150x150.png 150w\" alt=\"\" width=\"750\" height=\"750\" \/><\/a><\/p>\r\n<h3><a title=\"Thermodynamic Steam Trap\" href=\"https:\/\/www.zenteknik.com\/en\/urun\/termodinamik\/\">Thermodynamic Steam Trap<\/a><\/h3>\r\n<p><a href=\"https:\/\/www.zenteknik.com\/en\/urun\/termodinamik\/\"> Review Product<\/a> <a title=\"Float Type Steam Trap\" href=\"https:\/\/www.zenteknik.com\/en\/urun\/samandirali\/\"><img loading=\"lazy\" decoding=\"async\" src=\"https:\/\/zenteknik.com\/wp-content\/uploads\/2024\/07\/hsk-25-samandirali-kondenstop-termostatik-hava-tahliyeli-42712.jpg\" sizes=\"auto, (max-width: 630px) 100vw, 630px\" srcset=\"https:\/\/zenteknik.com\/wp-content\/uploads\/2024\/07\/hsk-25-samandirali-kondenstop-termostatik-hava-tahliyeli-42712.jpg 630w, https:\/\/zenteknik.com\/wp-content\/uploads\/2024\/07\/hsk-25-samandirali-kondenstop-termostatik-hava-tahliyeli-42712-300x105.jpg 300w\" alt=\"\" width=\"630\" height=\"221\" \/><\/a><\/p>\r\n<h3><a title=\"Float Type Steam Trap\" href=\"https:\/\/www.zenteknik.com\/en\/urun\/samandirali\/\">Float Type Steam Trap<\/a><\/h3>\r\n<p><a href=\"https:\/\/www.zenteknik.com\/en\/urun\/samandirali\/\"> Review Product<\/a> <a title=\"Vacuum Breaker\" href=\"https:\/\/www.zenteknik.com\/en\/urun\/vakum-kirici\/\"><img loading=\"lazy\" decoding=\"async\" src=\"https:\/\/zenteknik.com\/wp-content\/uploads\/2024\/07\/hvk-35vakum-kirici-pirinc-61850.png\" sizes=\"auto, (max-width: 750px) 100vw, 750px\" srcset=\"https:\/\/zenteknik.com\/wp-content\/uploads\/2024\/07\/hvk-35vakum-kirici-pirinc-61850.png 750w, https:\/\/zenteknik.com\/wp-content\/uploads\/2024\/07\/hvk-35vakum-kirici-pirinc-61850-300x300.png 300w, https:\/\/zenteknik.com\/wp-content\/uploads\/2024\/07\/hvk-35vakum-kirici-pirinc-61850-150x150.png 150w\" alt=\"\" width=\"750\" height=\"750\" \/><\/a><\/p>\r\n<h3><a title=\"Vacuum Breaker\" href=\"https:\/\/www.zenteknik.com\/en\/urun\/vakum-kirici\/\">Vacuum Breaker<\/a><\/h3>\r\n<p><a href=\"https:\/\/www.zenteknik.com\/en\/urun\/vakum-kirici\/\"> Review Product<\/a> <a title=\"Bi-Metallic Steam Trap\" href=\"https:\/\/www.zenteknik.com\/en\/urun\/bimetalik\/\"><img loading=\"lazy\" decoding=\"async\" src=\"https:\/\/zenteknik.com\/wp-content\/uploads\/2024\/07\/bimetalik-kondenstop-52257.png\" sizes=\"auto, (max-width: 600px) 100vw, 600px\" srcset=\"https:\/\/zenteknik.com\/wp-content\/uploads\/2024\/07\/bimetalik-kondenstop-52257.png 600w, https:\/\/zenteknik.com\/wp-content\/uploads\/2024\/07\/bimetalik-kondenstop-52257-240x300.png 240w\" alt=\"\" width=\"600\" height=\"750\" \/><\/a><\/p>\r\n<h3><a title=\"Bi-Metallic Steam Trap\" href=\"https:\/\/www.zenteknik.com\/en\/urun\/bimetalik\/\">Bi-Metallic Steam Trap<\/a><\/h3>\r\n<p><a href=\"https:\/\/www.zenteknik.com\/en\/urun\/bimetalik\/\"> Review Product<\/a> <a title=\"Inverted Bucket Steam Trap\" href=\"https:\/\/www.zenteknik.com\/en\/urun\/ters-kovali\/\"><img loading=\"lazy\" decoding=\"async\" src=\"https:\/\/zenteknik.com\/wp-content\/uploads\/2024\/07\/nst_881sfe_pnosan.jpg\" sizes=\"auto, (max-width: 700px) 100vw, 700px\" srcset=\"https:\/\/zenteknik.com\/wp-content\/uploads\/2024\/07\/nst_881sfe_pnosan.jpg 700w, https:\/\/zenteknik.com\/wp-content\/uploads\/2024\/07\/nst_881sfe_pnosan-300x300.jpg 300w, https:\/\/zenteknik.com\/wp-content\/uploads\/2024\/07\/nst_881sfe_pnosan-150x150.jpg 150w\" alt=\"\" width=\"700\" height=\"700\" \/><\/a><\/p>\r\n<h3><a title=\"Inverted Bucket Steam Trap\" href=\"https:\/\/www.zenteknik.com\/en\/urun\/ters-kovali\/\">Inverted Bucket Steam Trap<\/a><\/h3>\r\n<p><a href=\"https:\/\/www.zenteknik.com\/en\/urun\/ters-kovali\/\"> Review Product<\/a> <a title=\"Air Vent\" href=\"https:\/\/www.zenteknik.com\/en\/urun\/hava-atici\/\"><img loading=\"lazy\" decoding=\"async\" src=\"https:\/\/zenteknik.com\/wp-content\/uploads\/2024\/07\/ha-21-11551.png\" sizes=\"auto, (max-width: 1000px) 100vw, 1000px\" srcset=\"https:\/\/zenteknik.com\/wp-content\/uploads\/2024\/07\/ha-21-11551.png 1000w, https:\/\/zenteknik.com\/wp-content\/uploads\/2024\/07\/ha-21-11551-300x215.png 300w, https:\/\/zenteknik.com\/wp-content\/uploads\/2024\/07\/ha-21-11551-768x550.png 768w\" alt=\"\" width=\"1000\" height=\"716\" \/><\/a><\/p>\r\n<h3><a title=\"Air Vent\" href=\"https:\/\/www.zenteknik.com\/en\/urun\/hava-atici\/\">Air Vent<\/a><\/h3>\r\n<p><a href=\"https:\/\/www.zenteknik.com\/en\/urun\/hava-atici\/\"> Review Product<\/a> <a title=\"Steam and Air Separator\" href=\"https:\/\/www.zenteknik.com\/en\/urun\/buhar-seperatoru\/\"><img loading=\"lazy\" decoding=\"async\" src=\"https:\/\/zenteknik.com\/wp-content\/uploads\/2024\/07\/buhar-seperatoru-pn16-63354.jpg\" sizes=\"auto, (max-width: 630px) 100vw, 630px\" srcset=\"https:\/\/zenteknik.com\/wp-content\/uploads\/2024\/07\/buhar-seperatoru-pn16-63354.jpg 630w, https:\/\/zenteknik.com\/wp-content\/uploads\/2024\/07\/buhar-seperatoru-pn16-63354-300x105.jpg 300w\" alt=\"\" width=\"630\" height=\"221\" \/><\/a><\/p>\r\n<h3><a title=\"Steam and Air Separator\" href=\"https:\/\/www.zenteknik.com\/en\/urun\/buhar-seperatoru\/\">Steam and Air Separator<\/a><\/h3>\r\n<p><a href=\"https:\/\/www.zenteknik.com\/en\/urun\/buhar-seperatoru\/\"> Review Product<\/a> <a title=\"Sight Glass\" href=\"https:\/\/www.zenteknik.com\/en\/urun\/akis-gostergesi\/\"><img loading=\"lazy\" decoding=\"async\" src=\"https:\/\/zenteknik.com\/wp-content\/uploads\/2024\/07\/hlc-105-akis-gostergesi-11817-1024x494.jpg\" sizes=\"auto, (max-width: 1024px) 100vw, 1024px\" srcset=\"https:\/\/zenteknik.com\/wp-content\/uploads\/2024\/07\/hlc-105-akis-gostergesi-11817-1024x494.jpg 1024w, https:\/\/zenteknik.com\/wp-content\/uploads\/2024\/07\/hlc-105-akis-gostergesi-11817-300x145.jpg 300w, https:\/\/zenteknik.com\/wp-content\/uploads\/2024\/07\/hlc-105-akis-gostergesi-11817-768x370.jpg 768w, https:\/\/zenteknik.com\/wp-content\/uploads\/2024\/07\/hlc-105-akis-gostergesi-11817-1536x740.jpg 1536w, https:\/\/zenteknik.com\/wp-content\/uploads\/2024\/07\/hlc-105-akis-gostergesi-11817-2048x987.jpg 2048w\" alt=\"\" width=\"1024\" height=\"494\" \/><\/a><\/p>\r\n<h3><a title=\"Sight Glass\" href=\"https:\/\/www.zenteknik.com\/en\/urun\/akis-gostergesi\/\">Sight Glass<\/a><\/h3>\r\n<p><a href=\"https:\/\/www.zenteknik.com\/en\/urun\/akis-gostergesi\/\"> Review Product<\/a> <a title=\"Liquid Drainer\" href=\"https:\/\/www.zenteknik.com\/en\/urun\/sivi-atici\/\"><img loading=\"lazy\" decoding=\"async\" src=\"https:\/\/zenteknik.com\/wp-content\/uploads\/2024\/07\/sa20-hava-devrelerinden-sivi-atici-60534-1.jpg\" sizes=\"auto, (max-width: 630px) 100vw, 630px\" srcset=\"https:\/\/zenteknik.com\/wp-content\/uploads\/2024\/07\/sa20-hava-devrelerinden-sivi-atici-60534-1.jpg 630w, https:\/\/zenteknik.com\/wp-content\/uploads\/2024\/07\/sa20-hava-devrelerinden-sivi-atici-60534-1-300x105.jpg 300w\" alt=\"\" width=\"630\" height=\"221\" \/><\/a><\/p>\r\n<h3><a title=\"Liquid Drainer\" href=\"https:\/\/www.zenteknik.com\/en\/urun\/sivi-atici\/\">Liquid Drainer<\/a><\/h3>\r\n<p><a href=\"https:\/\/www.zenteknik.com\/en\/urun\/sivi-atici\/\"> Review Product<\/a><\/p>\r\n<!-- .pp-content-posts -->\r\n<p><img loading=\"lazy\" decoding=\"async\" title=\"1683182447447-e1686681304792\" src=\"https:\/\/zenteknik.com\/wp-content\/uploads\/2024\/06\/1683182447447-e1686681304792.png\" alt=\"1683182447447-e1686681304792\" width=\"888\" height=\"688\" \/><\/p>\r\n<p>03.01.2023 tarihinde Gaziantep&#8217;te kuruldu. Buhar, yang\u0131n, su sistemleri i\u00e7in m\u00fchendislik \u00e7\u00f6z\u00fcmleri.<\/p>\r\n<h3>Quick Menu<\/h3>\r\n<nav aria-label=\"Main Men\u00fc 2\">\r\n<ul id=\"menu-main-menu-2\">\r\n<li id=\"menu-item-811\"><a href=\"https:\/\/www.zenteknik.com\/en\/\">Homepage<\/a><\/li>\r\n<li id=\"menu-item-814\"><a href=\"https:\/\/www.zenteknik.com\/en\/kurumsal\/\">Corporate<\/a><\/li>\r\n<li id=\"menu-item-812\"><a href=\"https:\/\/www.zenteknik.com\/en\/galeri\/\">Galeri<\/a><\/li>\r\n<li id=\"menu-item-816\"><a href=\"https:\/\/www.zenteknik.com\/en\/urunlerimiz\/\">Our Products<\/a><\/li>\r\n<li id=\"menu-item-815\"><a href=\"https:\/\/www.zenteknik.com\/en\/teknik-bilgiler\/\">Technical Information<\/a><\/li>\r\n<li id=\"menu-item-813\"><a href=\"https:\/\/www.zenteknik.com\/en\/iletisim\/\">Contact<\/a><\/li>\r\n<\/ul>\r\n<\/nav>\r\n<h3>Our Products<\/h3>\r\n<nav aria-label=\"\u00dcr\u00fcnler\">\r\n<ul id=\"menu-urunler\">\r\n<li id=\"menu-item-818\"><a href=\"https:\/\/www.zenteknik.com\/en\/urunlerimiz\/vanalar\/\">VALVES<\/a><\/li>\r\n<\/ul>\r\n<\/nav>\r\n<h3>Contact<\/h3>\r\n<ul>\r\n<li>\r\n<p>Beylerbeyi, 84027 Nolu Sokak No:11\/G, 27000 \u015eehitkamil\/Gaziantep<\/p>\r\n<\/li>\r\n<\/ul>\r\n<ul>\r\n<li>\r\n<p>info@zenteknik.com<\/p>\r\n<\/li>\r\n<\/ul>\r\n<ul>\r\n<li>\r\n<p>+90 342 502 58 91<\/p>\r\n<\/li>\r\n<\/ul>\r\n<ul>\r\n<li>\r\n<p>+90 552 881 97 27<\/p>\r\n<\/li>\r\n<\/ul>\r\n<p>\u00a9 2024 <strong>Zen Teknik Engineering<\/strong>\u00a0All Rights Reserved.<\/p>\r\n<p>Web Design <strong>Digital K\u00fcre<\/strong><\/p>","protected":false},"excerpt":{"rendered":"<p>Termostatik \u00dcr\u00fcn\u00fc \u0130ncele Termodinamik \u00dcr\u00fcn\u00fc &hellip;<\/p>\n<p class=\"read-more\"> <a class=\"\" href=\"https:\/\/www.zenteknik.com\/en\/urunlerimiz\/kondenstoplar\/\"> <span class=\"screen-reader-text\">STEAM TRAPS<\/span> Read More \u00bb<\/a><\/p>","protected":false},"author":5,"featured_media":0,"parent":452,"menu_order":0,"comment_status":"closed","ping_status":"closed","template":"","meta":{"site-sidebar-layout":"no-sidebar","site-content-layout":"page-builder","ast-site-content-layout":"default","site-content-style":"default","site-sidebar-style":"default","ast-global-header-display":"","ast-banner-title-visibility":"","ast-main-header-display":"","ast-hfb-above-header-display":"","ast-hfb-below-header-display":"","ast-hfb-mobile-header-display":"","site-post-title":"disabled","ast-breadcrumbs-content":"","ast-featured-img":"disabled","footer-sml-layout":"","theme-transparent-header-meta":"default","adv-header-id-meta":"","stick-header-meta":"default","header-above-stick-meta":"","header-main-stick-meta":"","header-below-stick-meta":"","astra-migrate-meta-layouts":"set","ast-page-background-enabled":"default","ast-page-background-meta":{"desktop":{"background-color":"var(--ast-global-color-4)","background-image":"","background-repeat":"repeat","background-position":"center center","background-size":"auto","background-attachment":"scroll","background-type":"","background-media":"","overlay-type":"","overlay-color":"","overlay-gradient":""},"tablet":{"background-color":"","background-image":"","background-repeat":"repeat","background-position":"center center","background-size":"auto","background-attachment":"scroll","background-type":"","background-media":"","overlay-type":"","overlay-color":"","overlay-gradient":""},"mobile":{"background-color":"","background-image":"","background-repeat":"repeat","background-position":"center center","background-size":"auto","background-attachment":"scroll","background-type":"","background-media":"","overlay-type":"","overlay-color":"","overlay-gradient":""}},"ast-content-background-meta":{"desktop":{"background-color":"var(--ast-global-color-5)","background-image":"","background-repeat":"repeat","background-position":"center center","background-size":"auto","background-attachment":"scroll","background-type":"","background-media":"","overlay-type":"","overlay-color":"","overlay-gradient":""},"tablet":{"background-color":"var(--ast-global-color-5)","background-image":"","background-repeat":"repeat","background-position":"center center","background-size":"auto","background-attachment":"scroll","background-type":"","background-media":"","overlay-type":"","overlay-color":"","overlay-gradient":""},"mobile":{"background-color":"var(--ast-global-color-5)","background-image":"","background-repeat":"repeat","background-position":"center center","background-size":"auto","background-attachment":"scroll","background-type":"","background-media":"","overlay-type":"","overlay-color":"","overlay-gradient":""}},"_joinchat":[],"footnotes":""},"class_list":["post-1237","page","type-page","status-publish","hentry"],"acf":[],"_links":{"self":[{"href":"https:\/\/www.zenteknik.com\/en\/wp-json\/wp\/v2\/pages\/1237","targetHints":{"allow":["GET"]}}],"collection":[{"href":"https:\/\/www.zenteknik.com\/en\/wp-json\/wp\/v2\/pages"}],"about":[{"href":"https:\/\/www.zenteknik.com\/en\/wp-json\/wp\/v2\/types\/page"}],"author":[{"embeddable":true,"href":"https:\/\/www.zenteknik.com\/en\/wp-json\/wp\/v2\/users\/5"}],"replies":[{"embeddable":true,"href":"https:\/\/www.zenteknik.com\/en\/wp-json\/wp\/v2\/comments?post=1237"}],"version-history":[{"count":4,"href":"https:\/\/www.zenteknik.com\/en\/wp-json\/wp\/v2\/pages\/1237\/revisions"}],"predecessor-version":[{"id":1292,"href":"https:\/\/www.zenteknik.com\/en\/wp-json\/wp\/v2\/pages\/1237\/revisions\/1292"}],"up":[{"embeddable":true,"href":"https:\/\/www.zenteknik.com\/en\/wp-json\/wp\/v2\/pages\/452"}],"wp:attachment":[{"href":"https:\/\/www.zenteknik.com\/en\/wp-json\/wp\/v2\/media?parent=1237"}],"curies":[{"name":"wp","href":"https:\/\/api.w.org\/{rel}","templated":true}]}}