{"id":1298,"date":"2024-07-04T13:15:43","date_gmt":"2024-07-04T10:15:43","guid":{"rendered":"https:\/\/zenteknik.com\/?page_id=1298"},"modified":"2024-07-04T13:20:48","modified_gmt":"2024-07-04T10:20:48","slug":"sulu-sondurme-sistemi","status":"publish","type":"page","link":"https:\/\/www.zenteknik.com\/en\/urunlerimiz\/yangin-sondurme-sistemleri\/sulu-sondurme-sistemi\/","title":{"rendered":"Water Fire Fighting Systems"},"content":{"rendered":"<p><a title=\"Dry Alarm Valve\" href=\"https:\/\/www.zenteknik.com\/en\/urun\/kuru-alarm-vanasi\/\"><img loading=\"lazy\" decoding=\"async\" src=\"https:\/\/zenteknik.com\/wp-content\/uploads\/2024\/07\/duyar-vana-kuru-alarm-vanasi.jpg\" sizes=\"auto, (max-width: 500px) 100vw, 500px\" srcset=\"https:\/\/zenteknik.com\/wp-content\/uploads\/2024\/07\/duyar-vana-kuru-alarm-vanasi.jpg 500w, https:\/\/zenteknik.com\/wp-content\/uploads\/2024\/07\/duyar-vana-kuru-alarm-vanasi-300x288.jpg 300w\" alt=\"\" width=\"500\" height=\"480\" \/><\/a><\/p>\r\n<h3><a title=\"Dry Alarm Valve\" href=\"https:\/\/www.zenteknik.com\/en\/urun\/kuru-alarm-vanasi\/\">Dry Alarm Valve<\/a><\/h3>\r\n<p><a href=\"https:\/\/www.zenteknik.com\/en\/urun\/kuru-alarm-vanasi\/\"> Review Product<\/a> <a title=\"Deluge Alarm Valve\" href=\"https:\/\/www.zenteknik.com\/en\/urun\/baskin-alarm-vanasi\/\"><img loading=\"lazy\" decoding=\"async\" src=\"https:\/\/zenteknik.com\/wp-content\/uploads\/2024\/07\/deluge_2031a.jpg\" sizes=\"auto, (max-width: 275px) 100vw, 275px\" srcset=\"https:\/\/zenteknik.com\/wp-content\/uploads\/2024\/07\/deluge_2031a.jpg 275w, https:\/\/zenteknik.com\/wp-content\/uploads\/2024\/07\/deluge_2031a-150x150.jpg 150w\" alt=\"\" width=\"275\" height=\"275\" \/><\/a><\/p>\r\n<h3><a title=\"Deluge Alarm Valve\" href=\"https:\/\/www.zenteknik.com\/en\/urun\/baskin-alarm-vanasi\/\">Deluge Alarm Valve<\/a><\/h3>\r\n<p><a href=\"https:\/\/www.zenteknik.com\/en\/urun\/baskin-alarm-vanasi\/\"> Review Product<\/a> <a title=\"Wet Alarm Valve\" href=\"https:\/\/www.zenteknik.com\/en\/urun\/islak-alarm-vanasi\/\"><img loading=\"lazy\" decoding=\"async\" src=\"https:\/\/zenteknik.com\/wp-content\/uploads\/2024\/07\/duyar-vana-islak-alarm-vanasi.jpg\" sizes=\"auto, (max-width: 500px) 100vw, 500px\" srcset=\"https:\/\/zenteknik.com\/wp-content\/uploads\/2024\/07\/duyar-vana-islak-alarm-vanasi.jpg 500w, https:\/\/zenteknik.com\/wp-content\/uploads\/2024\/07\/duyar-vana-islak-alarm-vanasi-300x288.jpg 300w\" alt=\"\" width=\"500\" height=\"480\" \/><\/a><\/p>\r\n<h3><a title=\"Wet Alarm Valve\" href=\"https:\/\/www.zenteknik.com\/en\/urun\/islak-alarm-vanasi\/\">Wet Alarm Valve<\/a><\/h3>\r\n<p><a href=\"https:\/\/www.zenteknik.com\/en\/urun\/islak-alarm-vanasi\/\"> Review Product<\/a> <a title=\"Supervisory Switch Butterfly Valve\" href=\"https:\/\/www.zenteknik.com\/en\/urun\/izleme-anahtarli-kelebek-vana\/\"><img loading=\"lazy\" decoding=\"async\" src=\"https:\/\/zenteknik.com\/wp-content\/uploads\/2024\/07\/duyar-vana-izlenebilir-kelebek-vana.jpg\" sizes=\"auto, (max-width: 500px) 100vw, 500px\" srcset=\"https:\/\/zenteknik.com\/wp-content\/uploads\/2024\/07\/duyar-vana-izlenebilir-kelebek-vana.jpg 500w, https:\/\/zenteknik.com\/wp-content\/uploads\/2024\/07\/duyar-vana-izlenebilir-kelebek-vana-300x288.jpg 300w\" alt=\"\" width=\"500\" height=\"480\" \/><\/a><\/p>\r\n<h3><a title=\"Supervisory Switch Butterfly Valve\" href=\"https:\/\/www.zenteknik.com\/en\/urun\/izleme-anahtarli-kelebek-vana\/\">Supervisory Switch Butterfly Valve<\/a><\/h3>\r\n<p><a href=\"https:\/\/www.zenteknik.com\/en\/urun\/izleme-anahtarli-kelebek-vana\/\"> Review Product<\/a> <a title=\"Test and Drainage Valves\" href=\"https:\/\/www.zenteknik.com\/en\/urun\/test-drenaj-vanasi\/\"><img loading=\"lazy\" decoding=\"async\" src=\"https:\/\/zenteknik.com\/wp-content\/uploads\/2024\/07\/1111_037be.jpg\" sizes=\"auto, (max-width: 275px) 100vw, 275px\" srcset=\"https:\/\/zenteknik.com\/wp-content\/uploads\/2024\/07\/1111_037be.jpg 275w, https:\/\/zenteknik.com\/wp-content\/uploads\/2024\/07\/1111_037be-150x150.jpg 150w\" alt=\"\" width=\"275\" height=\"275\" \/><\/a><\/p>\r\n<h3><a title=\"Test and Drainage Valves\" href=\"https:\/\/www.zenteknik.com\/en\/urun\/test-drenaj-vanasi\/\">Test and Drainage Valves<\/a><\/h3>\r\n<p><a href=\"https:\/\/www.zenteknik.com\/en\/urun\/test-drenaj-vanasi\/\"> Review Product<\/a> <a title=\"OS&amp;Y Gate Valve\" href=\"https:\/\/www.zenteknik.com\/en\/urun\/yukselen-milli-vana\/\"><img loading=\"lazy\" decoding=\"async\" src=\"https:\/\/zenteknik.com\/wp-content\/uploads\/2024\/07\/duyar-vana-yukselen-milli-surgulu-vana-osy-y-4040.jpg\" sizes=\"auto, (max-width: 500px) 100vw, 500px\" srcset=\"https:\/\/zenteknik.com\/wp-content\/uploads\/2024\/07\/duyar-vana-yukselen-milli-surgulu-vana-osy-y-4040.jpg 500w, https:\/\/zenteknik.com\/wp-content\/uploads\/2024\/07\/duyar-vana-yukselen-milli-surgulu-vana-osy-y-4040-300x288.jpg 300w\" alt=\"\" width=\"500\" height=\"480\" \/><\/a><\/p>\r\n<h3><a title=\"OS&amp;Y Gate Valve\" href=\"https:\/\/www.zenteknik.com\/en\/urun\/yukselen-milli-vana\/\">OS&amp;Y Gate Valve<\/a><\/h3>\r\n<p><a href=\"https:\/\/www.zenteknik.com\/en\/urun\/yukselen-milli-vana\/\"> Review Product<\/a> <a title=\"Fire Hydrant System\" href=\"https:\/\/www.zenteknik.com\/en\/urun\/hidrant\/\"><img loading=\"lazy\" decoding=\"async\" src=\"https:\/\/zenteknik.com\/wp-content\/uploads\/2024\/07\/duyar-vana-yer-ustu-yangin-hidranti-1755-1765-1775-1785.jpg\" sizes=\"auto, (max-width: 500px) 100vw, 500px\" srcset=\"https:\/\/zenteknik.com\/wp-content\/uploads\/2024\/07\/duyar-vana-yer-ustu-yangin-hidranti-1755-1765-1775-1785.jpg 500w, https:\/\/zenteknik.com\/wp-content\/uploads\/2024\/07\/duyar-vana-yer-ustu-yangin-hidranti-1755-1765-1775-1785-300x288.jpg 300w\" alt=\"\" width=\"500\" height=\"480\" \/><\/a><\/p>\r\n<h3><a title=\"Fire Hydrant System\" href=\"https:\/\/www.zenteknik.com\/en\/urun\/hidrant\/\">Fire Hydrant System<\/a><\/h3>\r\n<p><a href=\"https:\/\/www.zenteknik.com\/en\/urun\/hidrant\/\"> Review Product<\/a> <a title=\"Flowmeter\" href=\"https:\/\/www.zenteknik.com\/en\/urun\/flowmeter-akis-olcer\/\"><img loading=\"lazy\" decoding=\"async\" src=\"https:\/\/zenteknik.com\/wp-content\/uploads\/2024\/07\/duyar-vana-akis-olcer1671024945.jpg\" alt=\"\" width=\"260\" height=\"200\" \/><\/a><\/p>\r\n<h3><a title=\"Flowmeter\" href=\"https:\/\/www.zenteknik.com\/en\/urun\/flowmeter-akis-olcer\/\">Flowmeter<\/a><\/h3>\r\n<p><a href=\"https:\/\/www.zenteknik.com\/en\/urun\/flowmeter-akis-olcer\/\"> Review Product<\/a> <a title=\"Flow Switch\" href=\"https:\/\/www.zenteknik.com\/en\/urun\/flow-swicth-akis-salteri\/\"><img loading=\"lazy\" decoding=\"async\" src=\"https:\/\/zenteknik.com\/wp-content\/uploads\/2024\/07\/duyar-vana-akis-anahtari1681124705.jpg\" alt=\"\" width=\"260\" height=\"200\" \/><\/a><\/p>\r\n<h3><a title=\"Flow Switch\" href=\"https:\/\/www.zenteknik.com\/en\/urun\/flow-swicth-akis-salteri\/\">Flow Switch<\/a><\/h3>\r\n<p><a href=\"https:\/\/www.zenteknik.com\/en\/urun\/flow-swicth-akis-salteri\/\"> Review Product<\/a> <a title=\"Pressure Reducing Valve\" href=\"https:\/\/www.zenteknik.com\/en\/urun\/basinc-dusurucu-vana\/\"><img loading=\"lazy\" decoding=\"async\" src=\"https:\/\/zenteknik.com\/wp-content\/uploads\/2024\/07\/uprv-0301-basinc-dusurucu-kontrol-vanasi_baad2.jpg\" sizes=\"auto, (max-width: 318px) 100vw, 318px\" srcset=\"https:\/\/zenteknik.com\/wp-content\/uploads\/2024\/07\/uprv-0301-basinc-dusurucu-kontrol-vanasi_baad2.jpg 318w, https:\/\/zenteknik.com\/wp-content\/uploads\/2024\/07\/uprv-0301-basinc-dusurucu-kontrol-vanasi_baad2-300x300.jpg 300w, https:\/\/zenteknik.com\/wp-content\/uploads\/2024\/07\/uprv-0301-basinc-dusurucu-kontrol-vanasi_baad2-150x150.jpg 150w\" alt=\"\" width=\"318\" height=\"318\" \/><\/a><\/p>\r\n<h3><a title=\"Pressure Reducing Valve\" href=\"https:\/\/www.zenteknik.com\/en\/urun\/basinc-dusurucu-vana\/\">Pressure Reducing Valve<\/a><\/h3>\r\n<p><a href=\"https:\/\/www.zenteknik.com\/en\/urun\/basinc-dusurucu-vana\/\"> Review Product<\/a><\/p>\r\n<ul class=\"page-numbers\">\r\n<li>1<\/li>\r\n<li><a href=\"https:\/\/www.zenteknik.com\/en\/urunlerimiz\/yangin-sondurme-sistemleri\/sulu-sondurme-sistemi\/\">2<\/a><\/li>\r\n<li><a href=\"https:\/\/www.zenteknik.com\/en\/urunlerimiz\/yangin-sondurme-sistemleri\/sulu-sondurme-sistemi\/\">Sonraki \u00bb<\/a><\/li>\r\n<\/ul>\r\n<!-- .pp-content-posts -->\r\n<p><img loading=\"lazy\" decoding=\"async\" title=\"1683182447447-e1686681304792\" src=\"https:\/\/zenteknik.com\/wp-content\/uploads\/2024\/06\/1683182447447-e1686681304792.png\" alt=\"1683182447447-e1686681304792\" width=\"888\" height=\"688\" \/><\/p>\r\n<p>03.01.2023 tarihinde Gaziantep&#8217;te kuruldu. Buhar, yang\u0131n, su sistemleri i\u00e7in m\u00fchendislik \u00e7\u00f6z\u00fcmleri.<\/p>\r\n<h3>Quick Menu<\/h3>\r\n<nav aria-label=\"Main Men\u00fc 2\">\r\n<ul id=\"menu-main-menu-2\">\r\n<li id=\"menu-item-811\"><a href=\"https:\/\/www.zenteknik.com\/en\/\">Homepage<\/a><\/li>\r\n<li id=\"menu-item-814\"><a href=\"https:\/\/www.zenteknik.com\/en\/kurumsal\/\">Corporate<\/a><\/li>\r\n<li id=\"menu-item-812\"><a href=\"https:\/\/www.zenteknik.com\/en\/galeri\/\">Galeri<\/a><\/li>\r\n<li id=\"menu-item-816\"><a href=\"https:\/\/www.zenteknik.com\/en\/urunlerimiz\/\">Our Products<\/a><\/li>\r\n<li id=\"menu-item-815\"><a href=\"https:\/\/www.zenteknik.com\/en\/teknik-bilgiler\/\">Technical Information<\/a><\/li>\r\n<li id=\"menu-item-813\"><a href=\"https:\/\/www.zenteknik.com\/en\/iletisim\/\">Contact<\/a><\/li>\r\n<\/ul>\r\n<\/nav>\r\n<h3>Our Products<\/h3>\r\n<nav aria-label=\"\u00dcr\u00fcnler\">\r\n<ul id=\"menu-urunler\">\r\n<li id=\"menu-item-818\"><a href=\"https:\/\/www.zenteknik.com\/en\/urunlerimiz\/vanalar\/\">VALVES<\/a><\/li>\r\n<\/ul>\r\n<\/nav>\r\n<h3>Contact<\/h3>\r\n<ul>\r\n<li>\r\n<p>Beylerbeyi, 84027 Nolu Sokak No:11\/G, 27000 \u015eehitkamil\/Gaziantep<\/p>\r\n<\/li>\r\n<\/ul>\r\n<ul>\r\n<li>\r\n<p>info@zenteknik.com<\/p>\r\n<\/li>\r\n<\/ul>\r\n<ul>\r\n<li>\r\n<p>+90 342 502 58 91<\/p>\r\n<\/li>\r\n<\/ul>\r\n<ul>\r\n<li>\r\n<p>+90 552 881 97 27<\/p>\r\n<\/li>\r\n<\/ul>\r\n<p>\u00a9 2024 <strong>Zen Teknik Engineering<\/strong>\u00a0All Rights Reserved.<\/p>\r\n<p>Web Design <strong>Digital K\u00fcre<\/strong><\/p>","protected":false},"excerpt":{"rendered":"<p>Kuru Alarm Vanas\u0131 \u00dcr\u00fcn\u00fc \u0130ncele &hellip;<\/p>\n<p class=\"read-more\"> <a class=\"\" href=\"https:\/\/www.zenteknik.com\/en\/urunlerimiz\/yangin-sondurme-sistemleri\/sulu-sondurme-sistemi\/\"> <span class=\"screen-reader-text\">Water Fire Fighting Systems<\/span> Read More \u00bb<\/a><\/p>","protected":false},"author":5,"featured_media":0,"parent":1238,"menu_order":0,"comment_status":"closed","ping_status":"closed","template":"","meta":{"site-sidebar-layout":"no-sidebar","site-content-layout":"page-builder","ast-site-content-layout":"default","site-content-style":"default","site-sidebar-style":"default","ast-global-header-display":"","ast-banner-title-visibility":"","ast-main-header-display":"","ast-hfb-above-header-display":"","ast-hfb-below-header-display":"","ast-hfb-mobile-header-display":"","site-post-title":"disabled","ast-breadcrumbs-content":"","ast-featured-img":"disabled","footer-sml-layout":"","theme-transparent-header-meta":"default","adv-header-id-meta":"","stick-header-meta":"default","header-above-stick-meta":"","header-main-stick-meta":"","header-below-stick-meta":"","astra-migrate-meta-layouts":"set","ast-page-background-enabled":"default","ast-page-background-meta":{"desktop":{"background-color":"var(--ast-global-color-4)","background-image":"","background-repeat":"repeat","background-position":"center center","background-size":"auto","background-attachment":"scroll","background-type":"","background-media":"","overlay-type":"","overlay-color":"","overlay-gradient":""},"tablet":{"background-color":"","background-image":"","background-repeat":"repeat","background-position":"center center","background-size":"auto","background-attachment":"scroll","background-type":"","background-media":"","overlay-type":"","overlay-color":"","overlay-gradient":""},"mobile":{"background-color":"","background-image":"","background-repeat":"repeat","background-position":"center center","background-size":"auto","background-attachment":"scroll","background-type":"","background-media":"","overlay-type":"","overlay-color":"","overlay-gradient":""}},"ast-content-background-meta":{"desktop":{"background-color":"var(--ast-global-color-5)","background-image":"","background-repeat":"repeat","background-position":"center center","background-size":"auto","background-attachment":"scroll","background-type":"","background-media":"","overlay-type":"","overlay-color":"","overlay-gradient":""},"tablet":{"background-color":"var(--ast-global-color-5)","background-image":"","background-repeat":"repeat","background-position":"center center","background-size":"auto","background-attachment":"scroll","background-type":"","background-media":"","overlay-type":"","overlay-color":"","overlay-gradient":""},"mobile":{"background-color":"var(--ast-global-color-5)","background-image":"","background-repeat":"repeat","background-position":"center center","background-size":"auto","background-attachment":"scroll","background-type":"","background-media":"","overlay-type":"","overlay-color":"","overlay-gradient":""}},"_joinchat":[],"footnotes":""},"class_list":["post-1298","page","type-page","status-publish","hentry"],"acf":[],"_links":{"self":[{"href":"https:\/\/www.zenteknik.com\/en\/wp-json\/wp\/v2\/pages\/1298","targetHints":{"allow":["GET"]}}],"collection":[{"href":"https:\/\/www.zenteknik.com\/en\/wp-json\/wp\/v2\/pages"}],"about":[{"href":"https:\/\/www.zenteknik.com\/en\/wp-json\/wp\/v2\/types\/page"}],"author":[{"embeddable":true,"href":"https:\/\/www.zenteknik.com\/en\/wp-json\/wp\/v2\/users\/5"}],"replies":[{"embeddable":true,"href":"https:\/\/www.zenteknik.com\/en\/wp-json\/wp\/v2\/comments?post=1298"}],"version-history":[{"count":3,"href":"https:\/\/www.zenteknik.com\/en\/wp-json\/wp\/v2\/pages\/1298\/revisions"}],"predecessor-version":[{"id":1320,"href":"https:\/\/www.zenteknik.com\/en\/wp-json\/wp\/v2\/pages\/1298\/revisions\/1320"}],"up":[{"embeddable":true,"href":"https:\/\/www.zenteknik.com\/en\/wp-json\/wp\/v2\/pages\/1238"}],"wp:attachment":[{"href":"https:\/\/www.zenteknik.com\/en\/wp-json\/wp\/v2\/media?parent=1298"}],"curies":[{"name":"wp","href":"https:\/\/api.w.org\/{rel}","templated":true}]}}