{"id":1300,"date":"2024-07-04T13:15:40","date_gmt":"2024-07-04T10:15:40","guid":{"rendered":"https:\/\/zenteknik.com\/?page_id=1300"},"modified":"2024-07-04T13:20:43","modified_gmt":"2024-07-04T10:20:43","slug":"kopuklu-sondurme-sistemi","status":"publish","type":"page","link":"https:\/\/www.zenteknik.com\/en\/urunlerimiz\/yangin-sondurme-sistemleri\/kopuklu-sondurme-sistemi\/","title":{"rendered":"Foam Fire Fighting Systems"},"content":{"rendered":"<p><a title=\"Foam Fire Fighting Systems\" href=\"https:\/\/www.zenteknik.com\/en\/urun\/kopuklu-sondurme-sistemleri\/\"><img loading=\"lazy\" decoding=\"async\" src=\"https:\/\/zenteknik.com\/wp-content\/uploads\/2024\/07\/img2-big.jpg\" sizes=\"auto, (max-width: 512px) 100vw, 512px\" srcset=\"https:\/\/zenteknik.com\/wp-content\/uploads\/2024\/07\/img2-big.jpg 512w, https:\/\/zenteknik.com\/wp-content\/uploads\/2024\/07\/img2-big-300x276.jpg 300w\" alt=\"\" width=\"512\" height=\"471\" \/><\/a><\/p>\r\n<h3><a title=\"Foam Fire Fighting Systems\" href=\"https:\/\/www.zenteknik.com\/en\/urun\/kopuklu-sondurme-sistemleri\/\">Foam Fire Fighting Systems<\/a><\/h3>\r\n<p><a href=\"https:\/\/www.zenteknik.com\/en\/urun\/kopuklu-sondurme-sistemleri\/\"> Review Product<\/a> <a title=\"Water Foam Monitor\" href=\"https:\/\/www.zenteknik.com\/en\/urun\/su-kopuk-monitoru\/\"><img loading=\"lazy\" decoding=\"async\" src=\"https:\/\/zenteknik.com\/wp-content\/uploads\/2024\/07\/img5-big.jpg\" sizes=\"auto, (max-width: 512px) 100vw, 512px\" srcset=\"https:\/\/zenteknik.com\/wp-content\/uploads\/2024\/07\/img5-big.jpg 512w, https:\/\/zenteknik.com\/wp-content\/uploads\/2024\/07\/img5-big-300x276.jpg 300w\" alt=\"\" width=\"512\" height=\"471\" \/><\/a><\/p>\r\n<h3><a title=\"Water Foam Monitor\" href=\"https:\/\/www.zenteknik.com\/en\/urun\/su-kopuk-monitoru\/\">Water Foam Monitor<\/a><\/h3>\r\n<p><a href=\"https:\/\/www.zenteknik.com\/en\/urun\/su-kopuk-monitoru\/\"> Review Product<\/a> <a title=\"Bladder Tank\" href=\"https:\/\/www.zenteknik.com\/en\/urun\/bladder-tank\/\"><img loading=\"lazy\" decoding=\"async\" src=\"https:\/\/zenteknik.com\/wp-content\/uploads\/2024\/07\/img2-big.jpg\" sizes=\"auto, (max-width: 512px) 100vw, 512px\" srcset=\"https:\/\/zenteknik.com\/wp-content\/uploads\/2024\/07\/img2-big.jpg 512w, https:\/\/zenteknik.com\/wp-content\/uploads\/2024\/07\/img2-big-300x276.jpg 300w\" alt=\"\" width=\"512\" height=\"471\" \/><\/a><\/p>\r\n<h3><a title=\"Bladder Tank\" href=\"https:\/\/www.zenteknik.com\/en\/urun\/bladder-tank\/\">Bladder Tank<\/a><\/h3>\r\n<p><a href=\"https:\/\/www.zenteknik.com\/en\/urun\/bladder-tank\/\"> Review Product<\/a><\/p>\r\n<!-- .pp-content-posts -->\r\n<p><img loading=\"lazy\" decoding=\"async\" title=\"1683182447447-e1686681304792\" src=\"https:\/\/zenteknik.com\/wp-content\/uploads\/2024\/06\/1683182447447-e1686681304792.png\" alt=\"1683182447447-e1686681304792\" width=\"888\" height=\"688\" \/><\/p>\r\n<p>03.01.2023 tarihinde Gaziantep&#8217;te kuruldu. Buhar, yang\u0131n, su sistemleri i\u00e7in m\u00fchendislik \u00e7\u00f6z\u00fcmleri.<\/p>\r\n<h3>Quick Menu<\/h3>\r\n<nav aria-label=\"Main Men\u00fc 2\">\r\n<ul id=\"menu-main-menu-2\">\r\n<li id=\"menu-item-811\"><a href=\"https:\/\/www.zenteknik.com\/en\/\">Homepage<\/a><\/li>\r\n<li id=\"menu-item-814\"><a href=\"https:\/\/www.zenteknik.com\/en\/kurumsal\/\">Corporate<\/a><\/li>\r\n<li id=\"menu-item-812\"><a href=\"https:\/\/www.zenteknik.com\/en\/galeri\/\">Galeri<\/a><\/li>\r\n<li id=\"menu-item-816\"><a href=\"https:\/\/www.zenteknik.com\/en\/urunlerimiz\/\">Our Products<\/a><\/li>\r\n<li id=\"menu-item-815\"><a href=\"https:\/\/www.zenteknik.com\/en\/teknik-bilgiler\/\">Technical Information<\/a><\/li>\r\n<li id=\"menu-item-813\"><a href=\"https:\/\/www.zenteknik.com\/en\/iletisim\/\">Contact<\/a><\/li>\r\n<\/ul>\r\n<\/nav>\r\n<h3>Our Products<\/h3>\r\n<nav aria-label=\"\u00dcr\u00fcnler\">\r\n<ul id=\"menu-urunler\">\r\n<li id=\"menu-item-818\"><a href=\"https:\/\/www.zenteknik.com\/en\/urunlerimiz\/vanalar\/\">VALVES<\/a><\/li>\r\n<\/ul>\r\n<\/nav>\r\n<h3>Contact<\/h3>\r\n<ul>\r\n<li>\r\n<p>Beylerbeyi, 84027 Nolu Sokak No:11\/G, 27000 \u015eehitkamil\/Gaziantep<\/p>\r\n<\/li>\r\n<\/ul>\r\n<ul>\r\n<li>\r\n<p>info@zenteknik.com<\/p>\r\n<\/li>\r\n<\/ul>\r\n<ul>\r\n<li>\r\n<p>+90 342 502 58 91<\/p>\r\n<\/li>\r\n<\/ul>\r\n<ul>\r\n<li>\r\n<p>+90 552 881 97 27<\/p>\r\n<\/li>\r\n<\/ul>\r\n<p>\u00a9 2024 <strong>Zen Teknik Engineering<\/strong>\u00a0All Rights Reserved.<\/p>\r\n<p>Web Design <strong>Digital K\u00fcre<\/strong><\/p>","protected":false},"excerpt":{"rendered":"<p>K\u00f6p\u00fckl\u00fc S\u00f6nd\u00fcrme Sistemleri \u00dcr\u00fcn\u00fc \u0130ncele &hellip;<\/p>\n<p class=\"read-more\"> <a class=\"\" href=\"https:\/\/www.zenteknik.com\/en\/urunlerimiz\/yangin-sondurme-sistemleri\/kopuklu-sondurme-sistemi\/\"> <span class=\"screen-reader-text\">Foam Fire Fighting Systems<\/span> Read More \u00bb<\/a><\/p>","protected":false},"author":5,"featured_media":0,"parent":1238,"menu_order":0,"comment_status":"closed","ping_status":"closed","template":"","meta":{"site-sidebar-layout":"no-sidebar","site-content-layout":"page-builder","ast-site-content-layout":"default","site-content-style":"default","site-sidebar-style":"default","ast-global-header-display":"","ast-banner-title-visibility":"","ast-main-header-display":"","ast-hfb-above-header-display":"","ast-hfb-below-header-display":"","ast-hfb-mobile-header-display":"","site-post-title":"disabled","ast-breadcrumbs-content":"","ast-featured-img":"disabled","footer-sml-layout":"","theme-transparent-header-meta":"default","adv-header-id-meta":"","stick-header-meta":"default","header-above-stick-meta":"","header-main-stick-meta":"","header-below-stick-meta":"","astra-migrate-meta-layouts":"set","ast-page-background-enabled":"default","ast-page-background-meta":{"desktop":{"background-color":"var(--ast-global-color-4)","background-image":"","background-repeat":"repeat","background-position":"center center","background-size":"auto","background-attachment":"scroll","background-type":"","background-media":"","overlay-type":"","overlay-color":"","overlay-gradient":""},"tablet":{"background-color":"","background-image":"","background-repeat":"repeat","background-position":"center center","background-size":"auto","background-attachment":"scroll","background-type":"","background-media":"","overlay-type":"","overlay-color":"","overlay-gradient":""},"mobile":{"background-color":"","background-image":"","background-repeat":"repeat","background-position":"center center","background-size":"auto","background-attachment":"scroll","background-type":"","background-media":"","overlay-type":"","overlay-color":"","overlay-gradient":""}},"ast-content-background-meta":{"desktop":{"background-color":"var(--ast-global-color-5)","background-image":"","background-repeat":"repeat","background-position":"center center","background-size":"auto","background-attachment":"scroll","background-type":"","background-media":"","overlay-type":"","overlay-color":"","overlay-gradient":""},"tablet":{"background-color":"var(--ast-global-color-5)","background-image":"","background-repeat":"repeat","background-position":"center center","background-size":"auto","background-attachment":"scroll","background-type":"","background-media":"","overlay-type":"","overlay-color":"","overlay-gradient":""},"mobile":{"background-color":"var(--ast-global-color-5)","background-image":"","background-repeat":"repeat","background-position":"center center","background-size":"auto","background-attachment":"scroll","background-type":"","background-media":"","overlay-type":"","overlay-color":"","overlay-gradient":""}},"_joinchat":[],"footnotes":""},"class_list":["post-1300","page","type-page","status-publish","hentry"],"acf":[],"_links":{"self":[{"href":"https:\/\/www.zenteknik.com\/en\/wp-json\/wp\/v2\/pages\/1300","targetHints":{"allow":["GET"]}}],"collection":[{"href":"https:\/\/www.zenteknik.com\/en\/wp-json\/wp\/v2\/pages"}],"about":[{"href":"https:\/\/www.zenteknik.com\/en\/wp-json\/wp\/v2\/types\/page"}],"author":[{"embeddable":true,"href":"https:\/\/www.zenteknik.com\/en\/wp-json\/wp\/v2\/users\/5"}],"replies":[{"embeddable":true,"href":"https:\/\/www.zenteknik.com\/en\/wp-json\/wp\/v2\/comments?post=1300"}],"version-history":[{"count":3,"href":"https:\/\/www.zenteknik.com\/en\/wp-json\/wp\/v2\/pages\/1300\/revisions"}],"predecessor-version":[{"id":1319,"href":"https:\/\/www.zenteknik.com\/en\/wp-json\/wp\/v2\/pages\/1300\/revisions\/1319"}],"up":[{"embeddable":true,"href":"https:\/\/www.zenteknik.com\/en\/wp-json\/wp\/v2\/pages\/1238"}],"wp:attachment":[{"href":"https:\/\/www.zenteknik.com\/en\/wp-json\/wp\/v2\/media?parent=1300"}],"curies":[{"name":"wp","href":"https:\/\/api.w.org\/{rel}","templated":true}]}}