{"id":1301,"date":"2024-07-04T13:15:38","date_gmt":"2024-07-04T10:15:38","guid":{"rendered":"https:\/\/zenteknik.com\/?page_id=1301"},"modified":"2024-07-04T13:20:52","modified_gmt":"2024-07-04T10:20:52","slug":"sprinkler","status":"publish","type":"page","link":"https:\/\/www.zenteknik.com\/en\/urunlerimiz\/yangin-sondurme-sistemleri\/sprinkler\/","title":{"rendered":"Sprinkler"},"content":{"rendered":"<p><a title=\"Esfr Type Warehouse Sprinkler\" href=\"https:\/\/www.zenteknik.com\/en\/urun\/esfr-tip-depo-sprinkleri\/\"><img loading=\"lazy\" decoding=\"async\" src=\"https:\/\/zenteknik.com\/wp-content\/uploads\/2024\/07\/duyar-vana-sidewall-duvar-sprinkler-standart-tepkimeli.jpg\" sizes=\"auto, (max-width: 500px) 100vw, 500px\" srcset=\"https:\/\/zenteknik.com\/wp-content\/uploads\/2024\/07\/duyar-vana-sidewall-duvar-sprinkler-standart-tepkimeli.jpg 500w, https:\/\/zenteknik.com\/wp-content\/uploads\/2024\/07\/duyar-vana-sidewall-duvar-sprinkler-standart-tepkimeli-300x288.jpg 300w\" alt=\"\" width=\"500\" height=\"480\" \/><\/a><\/p>\r\n<h3><a title=\"Esfr Type Warehouse Sprinkler\" href=\"https:\/\/www.zenteknik.com\/en\/urun\/esfr-tip-depo-sprinkleri\/\">Esfr Type Warehouse Sprinkler<\/a><\/h3>\r\n<p><a href=\"https:\/\/www.zenteknik.com\/en\/urun\/esfr-tip-depo-sprinkleri\/\"> Review Product<\/a> <a title=\"Pendent Sprinkler\" href=\"https:\/\/www.zenteknik.com\/en\/urun\/pendent-sprinkler-sarkik-tip\/\"><img loading=\"lazy\" decoding=\"async\" src=\"https:\/\/zenteknik.com\/wp-content\/uploads\/2024\/07\/duyar-vana-pendent-sarkik-sprinkler-standart-tepkimeli.jpg\" sizes=\"auto, (max-width: 500px) 100vw, 500px\" srcset=\"https:\/\/zenteknik.com\/wp-content\/uploads\/2024\/07\/duyar-vana-pendent-sarkik-sprinkler-standart-tepkimeli.jpg 500w, https:\/\/zenteknik.com\/wp-content\/uploads\/2024\/07\/duyar-vana-pendent-sarkik-sprinkler-standart-tepkimeli-300x288.jpg 300w\" alt=\"\" width=\"500\" height=\"480\" \/><\/a><\/p>\r\n<h3><a title=\"Pendent Sprinkler\" href=\"https:\/\/www.zenteknik.com\/en\/urun\/pendent-sprinkler-sarkik-tip\/\">Pendent Sprinkler<\/a><\/h3>\r\n<p><a href=\"https:\/\/www.zenteknik.com\/en\/urun\/pendent-sprinkler-sarkik-tip\/\"> Review Product<\/a> <a title=\"Upright Sprinkler\" href=\"https:\/\/www.zenteknik.com\/en\/urun\/upright-sprinkler-dik-tip\/\"><img loading=\"lazy\" decoding=\"async\" src=\"https:\/\/zenteknik.com\/wp-content\/uploads\/2024\/07\/duyar-vana-upright-yukari-tip-sprinkler-standart-tepkimeli.jpg\" sizes=\"auto, (max-width: 500px) 100vw, 500px\" srcset=\"https:\/\/zenteknik.com\/wp-content\/uploads\/2024\/07\/duyar-vana-upright-yukari-tip-sprinkler-standart-tepkimeli.jpg 500w, https:\/\/zenteknik.com\/wp-content\/uploads\/2024\/07\/duyar-vana-upright-yukari-tip-sprinkler-standart-tepkimeli-300x288.jpg 300w\" alt=\"\" width=\"500\" height=\"480\" \/><\/a><\/p>\r\n<h3><a title=\"Upright Sprinkler\" href=\"https:\/\/www.zenteknik.com\/en\/urun\/upright-sprinkler-dik-tip\/\">Upright Sprinkler<\/a><\/h3>\r\n<p><a href=\"https:\/\/www.zenteknik.com\/en\/urun\/upright-sprinkler-dik-tip\/\"> Review Product<\/a> <a title=\"Sidewall Sprinkler\" href=\"https:\/\/www.zenteknik.com\/en\/urun\/sidewall-sprinkler-duvar-tipi\/\"><img loading=\"lazy\" decoding=\"async\" src=\"https:\/\/zenteknik.com\/wp-content\/uploads\/2024\/07\/duyar-vana-sidewall-duvar-sprinkler-standart-tepkimeli.jpg\" sizes=\"auto, (max-width: 500px) 100vw, 500px\" srcset=\"https:\/\/zenteknik.com\/wp-content\/uploads\/2024\/07\/duyar-vana-sidewall-duvar-sprinkler-standart-tepkimeli.jpg 500w, https:\/\/zenteknik.com\/wp-content\/uploads\/2024\/07\/duyar-vana-sidewall-duvar-sprinkler-standart-tepkimeli-300x288.jpg 300w\" alt=\"\" width=\"500\" height=\"480\" \/><\/a><\/p>\r\n<h3><a title=\"Sidewall Sprinkler\" href=\"https:\/\/www.zenteknik.com\/en\/urun\/sidewall-sprinkler-duvar-tipi\/\">Sidewall Sprinkler<\/a><\/h3>\r\n<p><a href=\"https:\/\/www.zenteknik.com\/en\/urun\/sidewall-sprinkler-duvar-tipi\/\"> Review Product<\/a><\/p>\r\n<!-- .pp-content-posts -->\r\n<p><img loading=\"lazy\" decoding=\"async\" title=\"1683182447447-e1686681304792\" src=\"https:\/\/zenteknik.com\/wp-content\/uploads\/2024\/06\/1683182447447-e1686681304792.png\" alt=\"1683182447447-e1686681304792\" width=\"888\" height=\"688\" \/><\/p>\r\n<p>03.01.2023 tarihinde Gaziantep&#8217;te kuruldu. Buhar, yang\u0131n, su sistemleri i\u00e7in m\u00fchendislik \u00e7\u00f6z\u00fcmleri.<\/p>\r\n<h3>Quick Menu<\/h3>\r\n<nav aria-label=\"Main Men\u00fc 2\">\r\n<ul id=\"menu-main-menu-2\">\r\n<li id=\"menu-item-811\"><a href=\"https:\/\/www.zenteknik.com\/en\/\">Homepage<\/a><\/li>\r\n<li id=\"menu-item-814\"><a href=\"https:\/\/www.zenteknik.com\/en\/kurumsal\/\">Corporate<\/a><\/li>\r\n<li id=\"menu-item-812\"><a href=\"https:\/\/www.zenteknik.com\/en\/galeri\/\">Galeri<\/a><\/li>\r\n<li id=\"menu-item-816\"><a href=\"https:\/\/www.zenteknik.com\/en\/urunlerimiz\/\">Our Products<\/a><\/li>\r\n<li id=\"menu-item-815\"><a href=\"https:\/\/www.zenteknik.com\/en\/teknik-bilgiler\/\">Technical Information<\/a><\/li>\r\n<li id=\"menu-item-813\"><a href=\"https:\/\/www.zenteknik.com\/en\/iletisim\/\">Contact<\/a><\/li>\r\n<\/ul>\r\n<\/nav>\r\n<h3>Our Products<\/h3>\r\n<nav aria-label=\"\u00dcr\u00fcnler\">\r\n<ul id=\"menu-urunler\">\r\n<li id=\"menu-item-818\"><a href=\"https:\/\/www.zenteknik.com\/en\/urunlerimiz\/vanalar\/\">VALVES<\/a><\/li>\r\n<\/ul>\r\n<\/nav>\r\n<h3>Contact<\/h3>\r\n<ul>\r\n<li>\r\n<p>Beylerbeyi, 84027 Nolu Sokak No:11\/G, 27000 \u015eehitkamil\/Gaziantep<\/p>\r\n<\/li>\r\n<\/ul>\r\n<ul>\r\n<li>\r\n<p>info@zenteknik.com<\/p>\r\n<\/li>\r\n<\/ul>\r\n<ul>\r\n<li>\r\n<p>+90 342 502 58 91<\/p>\r\n<\/li>\r\n<\/ul>\r\n<ul>\r\n<li>\r\n<p>+90 552 881 97 27<\/p>\r\n<\/li>\r\n<\/ul>\r\n<p>\u00a9 2024 <strong>Zen Teknik Engineering<\/strong>\u00a0All Rights Reserved.<\/p>\r\n<p>Web Design <strong>Digital K\u00fcre<\/strong><\/p>","protected":false},"excerpt":{"rendered":"<p>Esfr Tip Depo Sprinkleri \u00dcr\u00fcn\u00fc &hellip;<\/p>\n<p class=\"read-more\"> <a class=\"\" href=\"https:\/\/www.zenteknik.com\/en\/urunlerimiz\/yangin-sondurme-sistemleri\/sprinkler\/\"> <span class=\"screen-reader-text\">Sprinkler<\/span> Read More \u00bb<\/a><\/p>","protected":false},"author":5,"featured_media":0,"parent":1238,"menu_order":0,"comment_status":"closed","ping_status":"closed","template":"","meta":{"site-sidebar-layout":"no-sidebar","site-content-layout":"page-builder","ast-site-content-layout":"default","site-content-style":"default","site-sidebar-style":"default","ast-global-header-display":"","ast-banner-title-visibility":"","ast-main-header-display":"","ast-hfb-above-header-display":"","ast-hfb-below-header-display":"","ast-hfb-mobile-header-display":"","site-post-title":"disabled","ast-breadcrumbs-content":"","ast-featured-img":"disabled","footer-sml-layout":"","theme-transparent-header-meta":"default","adv-header-id-meta":"","stick-header-meta":"default","header-above-stick-meta":"","header-main-stick-meta":"","header-below-stick-meta":"","astra-migrate-meta-layouts":"set","ast-page-background-enabled":"default","ast-page-background-meta":{"desktop":{"background-color":"var(--ast-global-color-4)","background-image":"","background-repeat":"repeat","background-position":"center center","background-size":"auto","background-attachment":"scroll","background-type":"","background-media":"","overlay-type":"","overlay-color":"","overlay-gradient":""},"tablet":{"background-color":"","background-image":"","background-repeat":"repeat","background-position":"center center","background-size":"auto","background-attachment":"scroll","background-type":"","background-media":"","overlay-type":"","overlay-color":"","overlay-gradient":""},"mobile":{"background-color":"","background-image":"","background-repeat":"repeat","background-position":"center center","background-size":"auto","background-attachment":"scroll","background-type":"","background-media":"","overlay-type":"","overlay-color":"","overlay-gradient":""}},"ast-content-background-meta":{"desktop":{"background-color":"var(--ast-global-color-5)","background-image":"","background-repeat":"repeat","background-position":"center center","background-size":"auto","background-attachment":"scroll","background-type":"","background-media":"","overlay-type":"","overlay-color":"","overlay-gradient":""},"tablet":{"background-color":"var(--ast-global-color-5)","background-image":"","background-repeat":"repeat","background-position":"center center","background-size":"auto","background-attachment":"scroll","background-type":"","background-media":"","overlay-type":"","overlay-color":"","overlay-gradient":""},"mobile":{"background-color":"var(--ast-global-color-5)","background-image":"","background-repeat":"repeat","background-position":"center center","background-size":"auto","background-attachment":"scroll","background-type":"","background-media":"","overlay-type":"","overlay-color":"","overlay-gradient":""}},"_joinchat":[],"footnotes":""},"class_list":["post-1301","page","type-page","status-publish","hentry"],"acf":[],"_links":{"self":[{"href":"https:\/\/www.zenteknik.com\/en\/wp-json\/wp\/v2\/pages\/1301","targetHints":{"allow":["GET"]}}],"collection":[{"href":"https:\/\/www.zenteknik.com\/en\/wp-json\/wp\/v2\/pages"}],"about":[{"href":"https:\/\/www.zenteknik.com\/en\/wp-json\/wp\/v2\/types\/page"}],"author":[{"embeddable":true,"href":"https:\/\/www.zenteknik.com\/en\/wp-json\/wp\/v2\/users\/5"}],"replies":[{"embeddable":true,"href":"https:\/\/www.zenteknik.com\/en\/wp-json\/wp\/v2\/comments?post=1301"}],"version-history":[{"count":3,"href":"https:\/\/www.zenteknik.com\/en\/wp-json\/wp\/v2\/pages\/1301\/revisions"}],"predecessor-version":[{"id":1321,"href":"https:\/\/www.zenteknik.com\/en\/wp-json\/wp\/v2\/pages\/1301\/revisions\/1321"}],"up":[{"embeddable":true,"href":"https:\/\/www.zenteknik.com\/en\/wp-json\/wp\/v2\/pages\/1238"}],"wp:attachment":[{"href":"https:\/\/www.zenteknik.com\/en\/wp-json\/wp\/v2\/media?parent=1301"}],"curies":[{"name":"wp","href":"https:\/\/api.w.org\/{rel}","templated":true}]}}