{"id":1315,"date":"2024-07-04T13:19:27","date_gmt":"2024-07-04T10:19:27","guid":{"rendered":"https:\/\/zenteknik.com\/?page_id=1315"},"modified":"2024-07-04T13:20:00","modified_gmt":"2024-07-04T10:20:00","slug":"diger-urunler","status":"publish","type":"page","link":"https:\/\/www.zenteknik.com\/en\/urunlerimiz\/diger-urunler\/","title":{"rendered":"OTHER PRODUCTS"},"content":{"rendered":"<meta itemscope itemprop=\"mainEntityOfPage\" itemtype=\"https:\/\/schema.org\/WebPage\" itemid=\"http:\/\/939\" content=\"C\u0131vata-Somun-Pul\" \/><meta itemprop=\"datePublished\" content=\"2024-07-02\" \/><meta itemprop=\"dateModified\" content=\"2024-07-02\" \/><meta itemprop=\"name\" content=\"Zen Teknik\"\/><meta itemprop=\"url\" content=\"https:\/\/zenteknik.com\/wp-content\/uploads\/2024\/06\/1683182447447-e1686681304792.png\"\/><meta itemprop=\"url\" content=\"https:\/\/zenteknik.com\/author\/neso\/\" \/><meta itemprop=\"name\" content=\"Nesrin Yarar\" \/><meta itemprop=\"url\" content=\"https:\/\/zenteknik.com\/wp-content\/uploads\/2024\/07\/yuksekkapasite-hserisi-detay1-1.jpg\" \/><meta itemprop=\"width\" content=\"932\" \/><meta itemprop=\"height\" content=\"780\" \/><meta itemprop=\"interactionType\" content=\"https:\/\/schema.org\/CommentAction\" \/><meta itemprop=\"userInteractionCount\" content=\"0\" \/>\n\t<a href='https:\/\/www.zenteknik.com\/en\/urun\/civata-somun-pul\/' title='Bolt-Nut-Washer'><img width=\"932\" height=\"780\" src=\"https:\/\/zenteknik.com\/wp-content\/uploads\/2024\/07\/yuksekkapasite-hserisi-detay1-1.jpg\" alt=\"\" itemprop=\"image\" decoding=\"async\" loading=\"lazy\" srcset=\"https:\/\/zenteknik.com\/wp-content\/uploads\/2024\/07\/yuksekkapasite-hserisi-detay1-1.jpg 932w, https:\/\/zenteknik.com\/wp-content\/uploads\/2024\/07\/yuksekkapasite-hserisi-detay1-1-300x251.jpg 300w, https:\/\/zenteknik.com\/wp-content\/uploads\/2024\/07\/yuksekkapasite-hserisi-detay1-1-768x643.jpg 768w\" sizes=\"auto, (max-width: 932px) 100vw, 932px\" \/><\/a>\n    <h3><a href='https:\/\/www.zenteknik.com\/en\/urun\/civata-somun-pul\/' title='Bolt-Nut-Washer'>Bolt-Nut-Washer<\/a><\/h3>\n    \t<a href=\"https:\/\/www.zenteknik.com\/en\/urun\/civata-somun-pul\/\"> Review Product<\/a>\n\t<meta itemscope itemprop=\"mainEntityOfPage\" itemtype=\"https:\/\/schema.org\/WebPage\" itemid=\"http:\/\/938\" content=\"Genle\u015fme Tanklar\u0131\" \/><meta itemprop=\"datePublished\" content=\"2024-07-02\" \/><meta itemprop=\"dateModified\" content=\"2024-07-02\" \/><meta itemprop=\"name\" content=\"Zen Teknik\"\/><meta itemprop=\"url\" content=\"https:\/\/zenteknik.com\/wp-content\/uploads\/2024\/06\/1683182447447-e1686681304792.png\"\/><meta itemprop=\"url\" content=\"https:\/\/zenteknik.com\/author\/neso\/\" \/><meta itemprop=\"name\" content=\"Nesrin Yarar\" \/><meta itemprop=\"url\" content=\"https:\/\/zenteknik.com\/wp-content\/uploads\/2024\/07\/banner-1-1.jpg\" \/><meta itemprop=\"width\" content=\"2018\" \/><meta itemprop=\"height\" content=\"841\" \/><meta itemprop=\"interactionType\" content=\"https:\/\/schema.org\/CommentAction\" \/><meta itemprop=\"userInteractionCount\" content=\"0\" \/>\n\t<a href='https:\/\/www.zenteknik.com\/en\/urun\/genlesme-tanklari\/' title='Expansion Tanks'><img width=\"1024\" height=\"427\" src=\"https:\/\/zenteknik.com\/wp-content\/uploads\/2024\/07\/banner-1-1-1024x427.jpg\" alt=\"\" itemprop=\"image\" decoding=\"async\" loading=\"lazy\" srcset=\"https:\/\/zenteknik.com\/wp-content\/uploads\/2024\/07\/banner-1-1-1024x427.jpg 1024w, https:\/\/zenteknik.com\/wp-content\/uploads\/2024\/07\/banner-1-1-300x125.jpg 300w, https:\/\/zenteknik.com\/wp-content\/uploads\/2024\/07\/banner-1-1-768x320.jpg 768w, https:\/\/zenteknik.com\/wp-content\/uploads\/2024\/07\/banner-1-1-1536x640.jpg 1536w, https:\/\/zenteknik.com\/wp-content\/uploads\/2024\/07\/banner-1-1.jpg 2018w\" sizes=\"auto, (max-width: 1024px) 100vw, 1024px\" \/><\/a>\n    <h3><a href='https:\/\/www.zenteknik.com\/en\/urun\/genlesme-tanklari\/' title='Expansion Tanks'>Expansion Tanks<\/a><\/h3>\n    \t<a href=\"https:\/\/www.zenteknik.com\/en\/urun\/genlesme-tanklari\/\"> Review Product<\/a>\n\t<meta itemscope itemprop=\"mainEntityOfPage\" itemtype=\"https:\/\/schema.org\/WebPage\" itemid=\"http:\/\/935\" content=\"Boyler\" \/><meta itemprop=\"datePublished\" content=\"2024-07-02\" \/><meta itemprop=\"dateModified\" content=\"2024-07-02\" \/><meta itemprop=\"name\" content=\"Zen Teknik\"\/><meta itemprop=\"url\" content=\"https:\/\/zenteknik.com\/wp-content\/uploads\/2024\/06\/1683182447447-e1686681304792.png\"\/><meta itemprop=\"url\" content=\"https:\/\/zenteknik.com\/author\/neso\/\" \/><meta itemprop=\"name\" content=\"Nesrin Yarar\" \/><meta itemprop=\"url\" content=\"https:\/\/zenteknik.com\/wp-content\/uploads\/2024\/07\/11.17_KSH-0500-V5_DG-429x1024-1.png\" \/><meta itemprop=\"width\" content=\"429\" \/><meta itemprop=\"height\" content=\"1024\" \/><meta itemprop=\"interactionType\" content=\"https:\/\/schema.org\/CommentAction\" \/><meta itemprop=\"userInteractionCount\" content=\"0\" \/>\n\t<a href='https:\/\/www.zenteknik.com\/en\/urun\/boyler\/' title='Boiler'><img width=\"429\" height=\"1024\" src=\"https:\/\/zenteknik.com\/wp-content\/uploads\/2024\/07\/11.17_KSH-0500-V5_DG-429x1024-1.png\" alt=\"\" itemprop=\"image\" decoding=\"async\" loading=\"lazy\" srcset=\"https:\/\/zenteknik.com\/wp-content\/uploads\/2024\/07\/11.17_KSH-0500-V5_DG-429x1024-1.png 429w, https:\/\/zenteknik.com\/wp-content\/uploads\/2024\/07\/11.17_KSH-0500-V5_DG-429x1024-1-126x300.png 126w\" sizes=\"auto, (max-width: 429px) 100vw, 429px\" \/><\/a>\n    <h3><a href='https:\/\/www.zenteknik.com\/en\/urun\/boyler\/' title='Boiler'>Boiler<\/a><\/h3>\n    \t<a href=\"https:\/\/www.zenteknik.com\/en\/urun\/boyler\/\"> Review Product<\/a>\n\t\t<!-- .pp-content-posts -->\n\t\t\t\t<img loading=\"lazy\" decoding=\"async\" src=\"https:\/\/zenteknik.com\/wp-content\/uploads\/2024\/06\/1683182447447-e1686681304792.png\" alt=\"1683182447447-e1686681304792\" itemprop=\"image\" height=\"688\" width=\"888\" title=\"1683182447447-e1686681304792\" onerror=\"this.style.display='none'\"  \/>\n\t<p>03.01.2023 tarihinde Gaziantep&#8217;te kuruldu. Buhar, yang\u0131n, su sistemleri i\u00e7in m\u00fchendislik \u00e7\u00f6z\u00fcmleri.<\/p>\n<h3>\n\t\tQuick Menu\n\t<\/h3>\n\t<nav aria-label=\"Main Men\u00fc 2\" itemscope=\"itemscope\" itemtype=\"https:\/\/schema.org\/SiteNavigationElement\">\n\t\t<ul id=\"menu-main-menu-2\"><li id=\"menu-item-811\"><a href=\"https:\/\/www.zenteknik.com\/en\/\">Homepage<\/a><\/li><li id=\"menu-item-814\"><a href=\"https:\/\/www.zenteknik.com\/en\/kurumsal\/\">Corporate<\/a><\/li><li id=\"menu-item-812\"><a href=\"https:\/\/www.zenteknik.com\/en\/galeri\/\">Galeri<\/a><\/li><li id=\"menu-item-816\"><a href=\"https:\/\/www.zenteknik.com\/en\/urunlerimiz\/\">Our Products<\/a><\/li><li id=\"menu-item-815\"><a href=\"https:\/\/www.zenteknik.com\/en\/teknik-bilgiler\/\">Technical Information<\/a><\/li><li id=\"menu-item-813\"><a href=\"https:\/\/www.zenteknik.com\/en\/iletisim\/\">Contact<\/a><\/li><\/ul>\n\t\t\t<\/nav>\n<h3>\n\t\tOur Products\n\t<\/h3>\n\t<nav aria-label=\"\u00dcr\u00fcnler\" itemscope=\"itemscope\" itemtype=\"https:\/\/schema.org\/SiteNavigationElement\">\n\t\t<ul id=\"menu-urunler\"><li id=\"menu-item-818\"><a href=\"https:\/\/www.zenteknik.com\/en\/urunlerimiz\/vanalar\/\">VALVES<\/a><\/li><\/ul>\n\t\t\t<\/nav>\n<h3>\n\t\tContact\n\t<\/h3>\n\t\t<ul>\n\t\t\t\t\t<li>\n\t\t\t\t\n\t\t<p>Beylerbeyi, 84027 Nolu Sokak No:11\/G, 27000 \u015eehitkamil\/Gaziantep<\/p>\n\t\t\t<\/li>\n\t\t\t\t<\/ul>\n\t\t<ul>\n\t\t\t\t\t<li>\n\t\t\t\t\n\t\t<p>info@zenteknik.com<\/p>\t\t\t\n\t\t\t<\/li>\n\t\t\t\t<\/ul>\n\t\t<ul>\n\t\t\t\t\t<li>\n\t\t\t\t\n\t\t<p>+90 342 502 58 91<\/p>\n\t\t\t<\/li>\n\t\t\t\t<\/ul>\n\t\t<ul>\n\t\t\t\t\t<li>\n\t\t\t\t\n\t\t<p>+90 552 881 97 27<\/p>\t\t\t\n\t\t\t<\/li>\n\t\t\t\t<\/ul>\n\t<p>\u00a9 2024 <strong>Zen Teknik Engineering<\/strong>\u00a0All Rights Reserved.<\/p>\n\t<p>Web Design <strong>Digital K\u00fcre<\/strong><\/p>","protected":false},"excerpt":{"rendered":"<p>C\u0131vata-Somun-Pul \u00dcr\u00fcn\u00fc \u0130ncele Genle\u015fme Tanklar\u0131 &hellip;<\/p>\n<p class=\"read-more\"> <a class=\"\" href=\"https:\/\/www.zenteknik.com\/en\/urunlerimiz\/diger-urunler\/\"> <span class=\"screen-reader-text\">OTHER PRODUCTS<\/span> Read More \u00bb<\/a><\/p>","protected":false},"author":5,"featured_media":0,"parent":452,"menu_order":0,"comment_status":"closed","ping_status":"closed","template":"","meta":{"site-sidebar-layout":"no-sidebar","site-content-layout":"page-builder","ast-site-content-layout":"default","site-content-style":"default","site-sidebar-style":"default","ast-global-header-display":"","ast-banner-title-visibility":"","ast-main-header-display":"","ast-hfb-above-header-display":"","ast-hfb-below-header-display":"","ast-hfb-mobile-header-display":"","site-post-title":"disabled","ast-breadcrumbs-content":"","ast-featured-img":"disabled","footer-sml-layout":"","theme-transparent-header-meta":"default","adv-header-id-meta":"","stick-header-meta":"default","header-above-stick-meta":"","header-main-stick-meta":"","header-below-stick-meta":"","astra-migrate-meta-layouts":"set","ast-page-background-enabled":"default","ast-page-background-meta":{"desktop":{"background-color":"var(--ast-global-color-4)","background-image":"","background-repeat":"repeat","background-position":"center center","background-size":"auto","background-attachment":"scroll","background-type":"","background-media":"","overlay-type":"","overlay-color":"","overlay-gradient":""},"tablet":{"background-color":"","background-image":"","background-repeat":"repeat","background-position":"center center","background-size":"auto","background-attachment":"scroll","background-type":"","background-media":"","overlay-type":"","overlay-color":"","overlay-gradient":""},"mobile":{"background-color":"","background-image":"","background-repeat":"repeat","background-position":"center center","background-size":"auto","background-attachment":"scroll","background-type":"","background-media":"","overlay-type":"","overlay-color":"","overlay-gradient":""}},"ast-content-background-meta":{"desktop":{"background-color":"var(--ast-global-color-5)","background-image":"","background-repeat":"repeat","background-position":"center center","background-size":"auto","background-attachment":"scroll","background-type":"","background-media":"","overlay-type":"","overlay-color":"","overlay-gradient":""},"tablet":{"background-color":"var(--ast-global-color-5)","background-image":"","background-repeat":"repeat","background-position":"center center","background-size":"auto","background-attachment":"scroll","background-type":"","background-media":"","overlay-type":"","overlay-color":"","overlay-gradient":""},"mobile":{"background-color":"var(--ast-global-color-5)","background-image":"","background-repeat":"repeat","background-position":"center center","background-size":"auto","background-attachment":"scroll","background-type":"","background-media":"","overlay-type":"","overlay-color":"","overlay-gradient":""}},"_joinchat":[],"footnotes":""},"class_list":["post-1315","page","type-page","status-publish","hentry"],"acf":[],"_links":{"self":[{"href":"https:\/\/www.zenteknik.com\/en\/wp-json\/wp\/v2\/pages\/1315","targetHints":{"allow":["GET"]}}],"collection":[{"href":"https:\/\/www.zenteknik.com\/en\/wp-json\/wp\/v2\/pages"}],"about":[{"href":"https:\/\/www.zenteknik.com\/en\/wp-json\/wp\/v2\/types\/page"}],"author":[{"embeddable":true,"href":"https:\/\/www.zenteknik.com\/en\/wp-json\/wp\/v2\/users\/5"}],"replies":[{"embeddable":true,"href":"https:\/\/www.zenteknik.com\/en\/wp-json\/wp\/v2\/comments?post=1315"}],"version-history":[{"count":2,"href":"https:\/\/www.zenteknik.com\/en\/wp-json\/wp\/v2\/pages\/1315\/revisions"}],"predecessor-version":[{"id":1317,"href":"https:\/\/www.zenteknik.com\/en\/wp-json\/wp\/v2\/pages\/1315\/revisions\/1317"}],"up":[{"embeddable":true,"href":"https:\/\/www.zenteknik.com\/en\/wp-json\/wp\/v2\/pages\/452"}],"wp:attachment":[{"href":"https:\/\/www.zenteknik.com\/en\/wp-json\/wp\/v2\/media?parent=1315"}],"curies":[{"name":"wp","href":"https:\/\/api.w.org\/{rel}","templated":true}]}}