{"id":1323,"date":"2024-07-04T13:22:35","date_gmt":"2024-07-04T10:22:35","guid":{"rendered":"https:\/\/zenteknik.com\/?page_id=1323"},"modified":"2024-07-04T13:23:38","modified_gmt":"2024-07-04T10:23:38","slug":"u-pvc-ve-pp-h-vanalar","status":"publish","type":"page","link":"https:\/\/www.zenteknik.com\/en\/urunlerimiz\/vanalar\/u-pvc-ve-pp-h-vanalar\/","title":{"rendered":"U-PVC and PP-H Valves"},"content":{"rendered":"<meta itemscope itemprop=\"mainEntityOfPage\" itemtype=\"https:\/\/schema.org\/WebPage\" itemid=\"http:\/\/1191\" content=\"U-PVC Kelebek Vanalar\" \/><meta itemprop=\"datePublished\" content=\"2024-07-04\" \/><meta itemprop=\"dateModified\" content=\"2024-07-04\" \/><meta itemprop=\"name\" content=\"Zen Teknik\"\/><meta itemprop=\"url\" content=\"https:\/\/zenteknik.com\/wp-content\/uploads\/2024\/06\/1683182447447-e1686681304792.png\"\/><meta itemprop=\"url\" content=\"https:\/\/zenteknik.com\/author\/neso\/\" \/><meta itemprop=\"name\" content=\"Nesrin Yarar\" \/><meta itemprop=\"url\" content=\"https:\/\/zenteknik.com\/wp-content\/uploads\/2024\/07\/0000350_u-pvc-kelebek-vana-ciplak-asit-icin_550.jpeg\" \/><meta itemprop=\"width\" content=\"550\" \/><meta itemprop=\"height\" content=\"550\" \/><meta itemprop=\"interactionType\" content=\"https:\/\/schema.org\/CommentAction\" \/><meta itemprop=\"userInteractionCount\" content=\"0\" \/>\n\t<a href='https:\/\/www.zenteknik.com\/en\/urun\/u-pvc-kelebek-vanalar\/' title='U-PVC Butterfly Valves'><img width=\"550\" height=\"550\" src=\"https:\/\/zenteknik.com\/wp-content\/uploads\/2024\/07\/0000350_u-pvc-kelebek-vana-ciplak-asit-icin_550.jpeg\" alt=\"\" itemprop=\"image\" decoding=\"async\" loading=\"lazy\" srcset=\"https:\/\/zenteknik.com\/wp-content\/uploads\/2024\/07\/0000350_u-pvc-kelebek-vana-ciplak-asit-icin_550.jpeg 550w, https:\/\/zenteknik.com\/wp-content\/uploads\/2024\/07\/0000350_u-pvc-kelebek-vana-ciplak-asit-icin_550-300x300.jpeg 300w, https:\/\/zenteknik.com\/wp-content\/uploads\/2024\/07\/0000350_u-pvc-kelebek-vana-ciplak-asit-icin_550-150x150.jpeg 150w\" sizes=\"auto, (max-width: 550px) 100vw, 550px\" \/><\/a>\n    <h3><a href='https:\/\/www.zenteknik.com\/en\/urun\/u-pvc-kelebek-vanalar\/' title='U-PVC Butterfly Valves'>U-PVC Butterfly Valves<\/a><\/h3>\n    \t<a href=\"https:\/\/www.zenteknik.com\/en\/urun\/u-pvc-kelebek-vanalar\/\"> Review Product<\/a>\n\t<meta itemscope itemprop=\"mainEntityOfPage\" itemtype=\"https:\/\/schema.org\/WebPage\" itemid=\"http:\/\/1190\" content=\"U-PVC K\u00fcresel Vanalar\" \/><meta itemprop=\"datePublished\" content=\"2024-07-04\" \/><meta itemprop=\"dateModified\" content=\"2024-07-04\" \/><meta itemprop=\"name\" content=\"Zen Teknik\"\/><meta itemprop=\"url\" content=\"https:\/\/zenteknik.com\/wp-content\/uploads\/2024\/06\/1683182447447-e1686681304792.png\"\/><meta itemprop=\"url\" content=\"https:\/\/zenteknik.com\/author\/neso\/\" \/><meta itemprop=\"name\" content=\"Nesrin Yarar\" \/><meta itemprop=\"url\" content=\"https:\/\/zenteknik.com\/wp-content\/uploads\/2024\/07\/0000412_u-pvc-yapistirma-muflu-kuresel-su-vanasi_550.jpeg\" \/><meta itemprop=\"width\" content=\"550\" \/><meta itemprop=\"height\" content=\"550\" \/><meta itemprop=\"interactionType\" content=\"https:\/\/schema.org\/CommentAction\" \/><meta itemprop=\"userInteractionCount\" content=\"0\" \/>\n\t<a href='https:\/\/www.zenteknik.com\/en\/urun\/u-pvc-kuresel-vanalar\/' title='U-PVC Ball Valves'><img width=\"550\" height=\"550\" src=\"https:\/\/zenteknik.com\/wp-content\/uploads\/2024\/07\/0000412_u-pvc-yapistirma-muflu-kuresel-su-vanasi_550.jpeg\" alt=\"\" itemprop=\"image\" decoding=\"async\" loading=\"lazy\" srcset=\"https:\/\/zenteknik.com\/wp-content\/uploads\/2024\/07\/0000412_u-pvc-yapistirma-muflu-kuresel-su-vanasi_550.jpeg 550w, https:\/\/zenteknik.com\/wp-content\/uploads\/2024\/07\/0000412_u-pvc-yapistirma-muflu-kuresel-su-vanasi_550-300x300.jpeg 300w, https:\/\/zenteknik.com\/wp-content\/uploads\/2024\/07\/0000412_u-pvc-yapistirma-muflu-kuresel-su-vanasi_550-150x150.jpeg 150w\" sizes=\"auto, (max-width: 550px) 100vw, 550px\" \/><\/a>\n    <h3><a href='https:\/\/www.zenteknik.com\/en\/urun\/u-pvc-kuresel-vanalar\/' title='U-PVC Ball Valves'>U-PVC Ball Valves<\/a><\/h3>\n    \t<a href=\"https:\/\/www.zenteknik.com\/en\/urun\/u-pvc-kuresel-vanalar\/\"> Review Product<\/a>\n\t<meta itemscope itemprop=\"mainEntityOfPage\" itemtype=\"https:\/\/schema.org\/WebPage\" itemid=\"http:\/\/1188\" content=\"U-PVC Fittingsler\" \/><meta itemprop=\"datePublished\" content=\"2024-07-04\" \/><meta itemprop=\"dateModified\" content=\"2024-07-04\" \/><meta itemprop=\"name\" content=\"Zen Teknik\"\/><meta itemprop=\"url\" content=\"https:\/\/zenteknik.com\/wp-content\/uploads\/2024\/06\/1683182447447-e1686681304792.png\"\/><meta itemprop=\"url\" content=\"https:\/\/zenteknik.com\/author\/neso\/\" \/><meta itemprop=\"name\" content=\"Nesrin Yarar\" \/><meta itemprop=\"url\" content=\"https:\/\/zenteknik.com\/wp-content\/uploads\/2024\/07\/0000089_uh-pvc-90o-tek-tarafi-icten-disli-dirsek_415.jpeg\" \/><meta itemprop=\"width\" content=\"415\" \/><meta itemprop=\"height\" content=\"415\" \/><meta itemprop=\"interactionType\" content=\"https:\/\/schema.org\/CommentAction\" \/><meta itemprop=\"userInteractionCount\" content=\"0\" \/>\n\t<a href='https:\/\/www.zenteknik.com\/en\/urun\/u-pvc-fittingsler\/' title='U-PVC Fittings'><img width=\"415\" height=\"415\" src=\"https:\/\/zenteknik.com\/wp-content\/uploads\/2024\/07\/0000089_uh-pvc-90o-tek-tarafi-icten-disli-dirsek_415.jpeg\" alt=\"\" itemprop=\"image\" decoding=\"async\" loading=\"lazy\" srcset=\"https:\/\/zenteknik.com\/wp-content\/uploads\/2024\/07\/0000089_uh-pvc-90o-tek-tarafi-icten-disli-dirsek_415.jpeg 415w, https:\/\/zenteknik.com\/wp-content\/uploads\/2024\/07\/0000089_uh-pvc-90o-tek-tarafi-icten-disli-dirsek_415-300x300.jpeg 300w, https:\/\/zenteknik.com\/wp-content\/uploads\/2024\/07\/0000089_uh-pvc-90o-tek-tarafi-icten-disli-dirsek_415-150x150.jpeg 150w\" sizes=\"auto, (max-width: 415px) 100vw, 415px\" \/><\/a>\n    <h3><a href='https:\/\/www.zenteknik.com\/en\/urun\/u-pvc-fittingsler\/' title='U-PVC Fittings'>U-PVC Fittings<\/a><\/h3>\n    \t<a href=\"https:\/\/www.zenteknik.com\/en\/urun\/u-pvc-fittingsler\/\"> Review Product<\/a>\n\t\t<!-- .pp-content-posts -->\n\t\t\t\t<img loading=\"lazy\" decoding=\"async\" src=\"https:\/\/zenteknik.com\/wp-content\/uploads\/2024\/06\/1683182447447-e1686681304792.png\" alt=\"1683182447447-e1686681304792\" itemprop=\"image\" height=\"688\" width=\"888\" title=\"1683182447447-e1686681304792\" onerror=\"this.style.display='none'\"  \/>\n\t<p>03.01.2023 tarihinde Gaziantep&#8217;te kuruldu. Buhar, yang\u0131n, su sistemleri i\u00e7in m\u00fchendislik \u00e7\u00f6z\u00fcmleri.<\/p>\n<h3>\n\t\tQuick Menu\n\t<\/h3>\n\t<nav aria-label=\"Main Men\u00fc 2\" itemscope=\"itemscope\" itemtype=\"https:\/\/schema.org\/SiteNavigationElement\">\n\t\t<ul id=\"menu-main-menu-2\"><li id=\"menu-item-811\"><a href=\"https:\/\/www.zenteknik.com\/en\/\">Homepage<\/a><\/li><li id=\"menu-item-814\"><a href=\"https:\/\/www.zenteknik.com\/en\/kurumsal\/\">Corporate<\/a><\/li><li id=\"menu-item-812\"><a href=\"https:\/\/www.zenteknik.com\/en\/galeri\/\">Galeri<\/a><\/li><li id=\"menu-item-816\"><a href=\"https:\/\/www.zenteknik.com\/en\/urunlerimiz\/\">Our Products<\/a><\/li><li id=\"menu-item-815\"><a href=\"https:\/\/www.zenteknik.com\/en\/teknik-bilgiler\/\">Technical Information<\/a><\/li><li id=\"menu-item-813\"><a href=\"https:\/\/www.zenteknik.com\/en\/iletisim\/\">Contact<\/a><\/li><\/ul>\n\t\t\t<\/nav>\n<h3>\n\t\tOur Products\n\t<\/h3>\n\t<nav aria-label=\"\u00dcr\u00fcnler\" itemscope=\"itemscope\" itemtype=\"https:\/\/schema.org\/SiteNavigationElement\">\n\t\t<ul id=\"menu-urunler\"><li id=\"menu-item-818\"><a href=\"https:\/\/www.zenteknik.com\/en\/urunlerimiz\/vanalar\/\">VALVES<\/a><\/li><\/ul>\n\t\t\t<\/nav>\n<h3>\n\t\tContact\n\t<\/h3>\n\t\t<ul>\n\t\t\t\t\t<li>\n\t\t\t\t\n\t\t<p>Beylerbeyi, 84027 Nolu Sokak No:11\/G, 27000 \u015eehitkamil\/Gaziantep<\/p>\n\t\t\t<\/li>\n\t\t\t\t<\/ul>\n\t\t<ul>\n\t\t\t\t\t<li>\n\t\t\t\t\n\t\t<p>info@zenteknik.com<\/p>\t\t\t\n\t\t\t<\/li>\n\t\t\t\t<\/ul>\n\t\t<ul>\n\t\t\t\t\t<li>\n\t\t\t\t\n\t\t<p>+90 342 502 58 91<\/p>\n\t\t\t<\/li>\n\t\t\t\t<\/ul>\n\t\t<ul>\n\t\t\t\t\t<li>\n\t\t\t\t\n\t\t<p>+90 552 881 97 27<\/p>\t\t\t\n\t\t\t<\/li>\n\t\t\t\t<\/ul>\n\t<p>\u00a9 2024 <strong>Zen Teknik Engineering<\/strong>\u00a0All Rights Reserved.<\/p>\n\t<p>Web Design <strong>Digital K\u00fcre<\/strong><\/p>","protected":false},"excerpt":{"rendered":"<p>U-PVC Kelebek Vanalar \u00dcr\u00fcn\u00fc \u0130ncele &hellip;<\/p>\n<p class=\"read-more\"> <a class=\"\" href=\"https:\/\/www.zenteknik.com\/en\/urunlerimiz\/vanalar\/u-pvc-ve-pp-h-vanalar\/\"> <span class=\"screen-reader-text\">U-PVC and PP-H Valves<\/span> Read More \u00bb<\/a><\/p>","protected":false},"author":5,"featured_media":0,"parent":758,"menu_order":0,"comment_status":"closed","ping_status":"closed","template":"","meta":{"site-sidebar-layout":"no-sidebar","site-content-layout":"page-builder","ast-site-content-layout":"default","site-content-style":"default","site-sidebar-style":"default","ast-global-header-display":"","ast-banner-title-visibility":"","ast-main-header-display":"","ast-hfb-above-header-display":"","ast-hfb-below-header-display":"","ast-hfb-mobile-header-display":"","site-post-title":"disabled","ast-breadcrumbs-content":"","ast-featured-img":"disabled","footer-sml-layout":"","theme-transparent-header-meta":"default","adv-header-id-meta":"","stick-header-meta":"default","header-above-stick-meta":"","header-main-stick-meta":"","header-below-stick-meta":"","astra-migrate-meta-layouts":"set","ast-page-background-enabled":"default","ast-page-background-meta":{"desktop":{"background-color":"var(--ast-global-color-4)","background-image":"","background-repeat":"repeat","background-position":"center center","background-size":"auto","background-attachment":"scroll","background-type":"","background-media":"","overlay-type":"","overlay-color":"","overlay-gradient":""},"tablet":{"background-color":"","background-image":"","background-repeat":"repeat","background-position":"center center","background-size":"auto","background-attachment":"scroll","background-type":"","background-media":"","overlay-type":"","overlay-color":"","overlay-gradient":""},"mobile":{"background-color":"","background-image":"","background-repeat":"repeat","background-position":"center center","background-size":"auto","background-attachment":"scroll","background-type":"","background-media":"","overlay-type":"","overlay-color":"","overlay-gradient":""}},"ast-content-background-meta":{"desktop":{"background-color":"var(--ast-global-color-5)","background-image":"","background-repeat":"repeat","background-position":"center center","background-size":"auto","background-attachment":"scroll","background-type":"","background-media":"","overlay-type":"","overlay-color":"","overlay-gradient":""},"tablet":{"background-color":"var(--ast-global-color-5)","background-image":"","background-repeat":"repeat","background-position":"center center","background-size":"auto","background-attachment":"scroll","background-type":"","background-media":"","overlay-type":"","overlay-color":"","overlay-gradient":""},"mobile":{"background-color":"var(--ast-global-color-5)","background-image":"","background-repeat":"repeat","background-position":"center center","background-size":"auto","background-attachment":"scroll","background-type":"","background-media":"","overlay-type":"","overlay-color":"","overlay-gradient":""}},"_joinchat":[],"footnotes":""},"class_list":["post-1323","page","type-page","status-publish","hentry"],"acf":[],"_links":{"self":[{"href":"https:\/\/www.zenteknik.com\/en\/wp-json\/wp\/v2\/pages\/1323","targetHints":{"allow":["GET"]}}],"collection":[{"href":"https:\/\/www.zenteknik.com\/en\/wp-json\/wp\/v2\/pages"}],"about":[{"href":"https:\/\/www.zenteknik.com\/en\/wp-json\/wp\/v2\/types\/page"}],"author":[{"embeddable":true,"href":"https:\/\/www.zenteknik.com\/en\/wp-json\/wp\/v2\/users\/5"}],"replies":[{"embeddable":true,"href":"https:\/\/www.zenteknik.com\/en\/wp-json\/wp\/v2\/comments?post=1323"}],"version-history":[{"count":2,"href":"https:\/\/www.zenteknik.com\/en\/wp-json\/wp\/v2\/pages\/1323\/revisions"}],"predecessor-version":[{"id":1328,"href":"https:\/\/www.zenteknik.com\/en\/wp-json\/wp\/v2\/pages\/1323\/revisions\/1328"}],"up":[{"embeddable":true,"href":"https:\/\/www.zenteknik.com\/en\/wp-json\/wp\/v2\/pages\/758"}],"wp:attachment":[{"href":"https:\/\/www.zenteknik.com\/en\/wp-json\/wp\/v2\/media?parent=1323"}],"curies":[{"name":"wp","href":"https:\/\/api.w.org\/{rel}","templated":true}]}}