{"id":1369,"date":"2024-07-10T14:45:08","date_gmt":"2024-07-10T11:45:08","guid":{"rendered":"https:\/\/zenteknik.com\/?page_id=1369"},"modified":"2024-07-10T14:45:42","modified_gmt":"2024-07-10T11:45:42","slug":"kelebek-vanalar","status":"publish","type":"page","link":"https:\/\/www.zenteknik.com\/en\/urunlerimiz\/vanalar\/kelebek-vanalar\/","title":{"rendered":"Butterfly Valves"},"content":{"rendered":"<meta itemscope itemprop=\"mainEntityOfPage\" itemtype=\"https:\/\/schema.org\/WebPage\" itemid=\"http:\/\/1040\" content=\"Elektrik Akt\u00fcat\u00f6rl\u00fc Kelebek Vanalar\" \/><meta itemprop=\"datePublished\" content=\"2024-07-03\" \/><meta itemprop=\"dateModified\" content=\"2024-07-03\" \/><meta itemprop=\"name\" content=\"Zen Teknik\"\/><meta itemprop=\"url\" content=\"https:\/\/zenteknik.com\/wp-content\/uploads\/2024\/06\/1683182447447-e1686681304792.png\"\/><meta itemprop=\"url\" content=\"https:\/\/zenteknik.com\/author\/ali\/\" \/><meta itemprop=\"name\" content=\"Ali Bard\u0131z\" \/><meta itemprop=\"url\" content=\"https:\/\/zenteknik.com\/wp-content\/uploads\/2024\/07\/Urun4-4.jpg\" \/><meta itemprop=\"width\" content=\"600\" \/><meta itemprop=\"height\" content=\"600\" \/><meta itemprop=\"interactionType\" content=\"https:\/\/schema.org\/CommentAction\" \/><meta itemprop=\"userInteractionCount\" content=\"0\" \/>\n\t<a href='https:\/\/www.zenteknik.com\/en\/urun\/elektrik-aktuatorlu-kelebek-vanalar\/' title='Electric Actuated Butterfly Valves'><img width=\"600\" height=\"600\" src=\"https:\/\/zenteknik.com\/wp-content\/uploads\/2024\/07\/Urun4-4.jpg\" alt=\"\" itemprop=\"image\" decoding=\"async\" loading=\"lazy\" srcset=\"https:\/\/zenteknik.com\/wp-content\/uploads\/2024\/07\/Urun4-4.jpg 600w, https:\/\/zenteknik.com\/wp-content\/uploads\/2024\/07\/Urun4-4-300x300.jpg 300w, https:\/\/zenteknik.com\/wp-content\/uploads\/2024\/07\/Urun4-4-150x150.jpg 150w\" sizes=\"auto, (max-width: 600px) 100vw, 600px\" \/><\/a>\n    <h3><a href='https:\/\/www.zenteknik.com\/en\/urun\/elektrik-aktuatorlu-kelebek-vanalar\/' title='Electric Actuated Butterfly Valves'>Electric Actuated Butterfly Valves<\/a><\/h3>\n    \t<a href=\"https:\/\/www.zenteknik.com\/en\/urun\/elektrik-aktuatorlu-kelebek-vanalar\/\"> Review Product<\/a>\n\t<meta itemscope itemprop=\"mainEntityOfPage\" itemtype=\"https:\/\/schema.org\/WebPage\" itemid=\"http:\/\/1036\" content=\"Pn\u00f6matik Akt\u00fcat\u00f6rl\u00fc Kelebek Vanalar\" \/><meta itemprop=\"datePublished\" content=\"2024-07-03\" \/><meta itemprop=\"dateModified\" content=\"2024-07-03\" \/><meta itemprop=\"name\" content=\"Zen Teknik\"\/><meta itemprop=\"url\" content=\"https:\/\/zenteknik.com\/wp-content\/uploads\/2024\/06\/1683182447447-e1686681304792.png\"\/><meta itemprop=\"url\" content=\"https:\/\/zenteknik.com\/author\/ali\/\" \/><meta itemprop=\"name\" content=\"Ali Bard\u0131z\" \/><meta itemprop=\"url\" content=\"https:\/\/zenteknik.com\/wp-content\/uploads\/2024\/07\/pnomatik-aktuator-yon-valfi-switch-box-kelebek-vana-1.jpg\" \/><meta itemprop=\"width\" content=\"1000\" \/><meta itemprop=\"height\" content=\"1000\" \/><meta itemprop=\"interactionType\" content=\"https:\/\/schema.org\/CommentAction\" \/><meta itemprop=\"userInteractionCount\" content=\"0\" \/>\n\t<a href='https:\/\/www.zenteknik.com\/en\/urun\/pnomatik-aktuatorlu-kelebek-vanalar\/' title='Butterfly Valves with Pneumatic Actuators'><img width=\"1000\" height=\"1000\" src=\"https:\/\/zenteknik.com\/wp-content\/uploads\/2024\/07\/pnomatik-aktuator-yon-valfi-switch-box-kelebek-vana-1.jpg\" alt=\"\" itemprop=\"image\" decoding=\"async\" loading=\"lazy\" srcset=\"https:\/\/zenteknik.com\/wp-content\/uploads\/2024\/07\/pnomatik-aktuator-yon-valfi-switch-box-kelebek-vana-1.jpg 1000w, https:\/\/zenteknik.com\/wp-content\/uploads\/2024\/07\/pnomatik-aktuator-yon-valfi-switch-box-kelebek-vana-1-300x300.jpg 300w, https:\/\/zenteknik.com\/wp-content\/uploads\/2024\/07\/pnomatik-aktuator-yon-valfi-switch-box-kelebek-vana-1-150x150.jpg 150w, https:\/\/zenteknik.com\/wp-content\/uploads\/2024\/07\/pnomatik-aktuator-yon-valfi-switch-box-kelebek-vana-1-768x768.jpg 768w\" sizes=\"auto, (max-width: 1000px) 100vw, 1000px\" \/><\/a>\n    <h3><a href='https:\/\/www.zenteknik.com\/en\/urun\/pnomatik-aktuatorlu-kelebek-vanalar\/' title='Butterfly Valves with Pneumatic Actuators'>Butterfly Valves with Pneumatic Actuators<\/a><\/h3>\n    \t<a href=\"https:\/\/www.zenteknik.com\/en\/urun\/pnomatik-aktuatorlu-kelebek-vanalar\/\"> Review Product<\/a>\n\t<meta itemscope itemprop=\"mainEntityOfPage\" itemtype=\"https:\/\/schema.org\/WebPage\" itemid=\"http:\/\/1026\" content=\"Teflon Contal\u0131 Kelebek Vanalar\" \/><meta itemprop=\"datePublished\" content=\"2024-07-03\" \/><meta itemprop=\"dateModified\" content=\"2024-07-03\" \/><meta itemprop=\"name\" content=\"Zen Teknik\"\/><meta itemprop=\"url\" content=\"https:\/\/zenteknik.com\/wp-content\/uploads\/2024\/06\/1683182447447-e1686681304792.png\"\/><meta itemprop=\"url\" content=\"https:\/\/zenteknik.com\/author\/ali\/\" \/><meta itemprop=\"name\" content=\"Ali Bard\u0131z\" \/><meta itemprop=\"url\" content=\"https:\/\/zenteknik.com\/wp-content\/uploads\/2024\/07\/Ekran-Resmi-2024-07-03-11.31.55.png\" \/><meta itemprop=\"width\" content=\"513\" \/><meta itemprop=\"height\" content=\"441\" \/><meta itemprop=\"interactionType\" content=\"https:\/\/schema.org\/CommentAction\" \/><meta itemprop=\"userInteractionCount\" content=\"0\" \/>\n\t<a href='https:\/\/www.zenteknik.com\/en\/urun\/teflon-contali-kelebek-vanalar\/' title='Butterfly Valves with Teflon Seals'><img width=\"513\" height=\"441\" src=\"https:\/\/zenteknik.com\/wp-content\/uploads\/2024\/07\/Ekran-Resmi-2024-07-03-11.31.55.png\" alt=\"\" itemprop=\"image\" decoding=\"async\" loading=\"lazy\" srcset=\"https:\/\/zenteknik.com\/wp-content\/uploads\/2024\/07\/Ekran-Resmi-2024-07-03-11.31.55.png 513w, https:\/\/zenteknik.com\/wp-content\/uploads\/2024\/07\/Ekran-Resmi-2024-07-03-11.31.55-300x258.png 300w\" sizes=\"auto, (max-width: 513px) 100vw, 513px\" \/><\/a>\n    <h3><a href='https:\/\/www.zenteknik.com\/en\/urun\/teflon-contali-kelebek-vanalar\/' title='Butterfly Valves with Teflon Seals'>Butterfly Valves with Teflon Seals<\/a><\/h3>\n    \t<a href=\"https:\/\/www.zenteknik.com\/en\/urun\/teflon-contali-kelebek-vanalar\/\"> Review Product<\/a>\n\t<meta itemscope itemprop=\"mainEntityOfPage\" itemtype=\"https:\/\/schema.org\/WebPage\" itemid=\"http:\/\/1024\" content=\"Wafer Tipi Nikel Klapeli Kelebek Vanalar\" \/><meta itemprop=\"datePublished\" content=\"2024-07-03\" \/><meta itemprop=\"dateModified\" content=\"2024-07-03\" \/><meta itemprop=\"name\" content=\"Zen Teknik\"\/><meta itemprop=\"url\" content=\"https:\/\/zenteknik.com\/wp-content\/uploads\/2024\/06\/1683182447447-e1686681304792.png\"\/><meta itemprop=\"url\" content=\"https:\/\/zenteknik.com\/author\/ali\/\" \/><meta itemprop=\"name\" content=\"Ali Bard\u0131z\" \/><meta itemprop=\"url\" content=\"https:\/\/zenteknik.com\/wp-content\/uploads\/2024\/07\/duyar-vana-wafer-vulkanize-kelebek-vana-nikel-klapeli-pn16.jpg\" \/><meta itemprop=\"width\" content=\"500\" \/><meta itemprop=\"height\" content=\"480\" \/><meta itemprop=\"interactionType\" content=\"https:\/\/schema.org\/CommentAction\" \/><meta itemprop=\"userInteractionCount\" content=\"0\" \/>\n\t<a href='https:\/\/www.zenteknik.com\/en\/urun\/wafer-tipi-nikel-klapeli-kelebek-vanalar\/' title='Wafer Type Nickel Flap Butterfly Valves'><img width=\"500\" height=\"480\" src=\"https:\/\/zenteknik.com\/wp-content\/uploads\/2024\/07\/duyar-vana-wafer-vulkanize-kelebek-vana-nikel-klapeli-pn16.jpg\" alt=\"\" itemprop=\"image\" decoding=\"async\" loading=\"lazy\" srcset=\"https:\/\/zenteknik.com\/wp-content\/uploads\/2024\/07\/duyar-vana-wafer-vulkanize-kelebek-vana-nikel-klapeli-pn16.jpg 500w, https:\/\/zenteknik.com\/wp-content\/uploads\/2024\/07\/duyar-vana-wafer-vulkanize-kelebek-vana-nikel-klapeli-pn16-300x288.jpg 300w\" sizes=\"auto, (max-width: 500px) 100vw, 500px\" \/><\/a>\n    <h3><a href='https:\/\/www.zenteknik.com\/en\/urun\/wafer-tipi-nikel-klapeli-kelebek-vanalar\/' title='Wafer Type Nickel Flap Butterfly Valves'>Wafer Type Nickel Flap Butterfly Valves<\/a><\/h3>\n    \t<a href=\"https:\/\/www.zenteknik.com\/en\/urun\/wafer-tipi-nikel-klapeli-kelebek-vanalar\/\"> Review Product<\/a>\n\t<meta itemscope itemprop=\"mainEntityOfPage\" itemtype=\"https:\/\/schema.org\/WebPage\" itemid=\"http:\/\/1022\" content=\"Lug Tipi Nikel Klapeli Kelebek Vanalar\" \/><meta itemprop=\"datePublished\" content=\"2024-07-03\" \/><meta itemprop=\"dateModified\" content=\"2024-07-03\" \/><meta itemprop=\"name\" content=\"Zen Teknik\"\/><meta itemprop=\"url\" content=\"https:\/\/zenteknik.com\/wp-content\/uploads\/2024\/06\/1683182447447-e1686681304792.png\"\/><meta itemprop=\"url\" content=\"https:\/\/zenteknik.com\/author\/ali\/\" \/><meta itemprop=\"name\" content=\"Ali Bard\u0131z\" \/><meta itemprop=\"url\" content=\"https:\/\/zenteknik.com\/wp-content\/uploads\/2024\/07\/duyar-vana-lug-vulkanize-kelebek-vana-nikel-klapeli-pn16.jpg\" \/><meta itemprop=\"width\" content=\"500\" \/><meta itemprop=\"height\" content=\"480\" \/><meta itemprop=\"interactionType\" content=\"https:\/\/schema.org\/CommentAction\" \/><meta itemprop=\"userInteractionCount\" content=\"0\" \/>\n\t<a href='https:\/\/www.zenteknik.com\/en\/urun\/lug-tipi-nikel-klapeli-kelebek-vanalar\/' title='Lug Type Nickel Flap Butterfly Valves'><img width=\"500\" height=\"480\" src=\"https:\/\/zenteknik.com\/wp-content\/uploads\/2024\/07\/duyar-vana-lug-vulkanize-kelebek-vana-nikel-klapeli-pn16.jpg\" alt=\"\" itemprop=\"image\" decoding=\"async\" loading=\"lazy\" srcset=\"https:\/\/zenteknik.com\/wp-content\/uploads\/2024\/07\/duyar-vana-lug-vulkanize-kelebek-vana-nikel-klapeli-pn16.jpg 500w, https:\/\/zenteknik.com\/wp-content\/uploads\/2024\/07\/duyar-vana-lug-vulkanize-kelebek-vana-nikel-klapeli-pn16-300x288.jpg 300w\" sizes=\"auto, (max-width: 500px) 100vw, 500px\" \/><\/a>\n    <h3><a href='https:\/\/www.zenteknik.com\/en\/urun\/lug-tipi-nikel-klapeli-kelebek-vanalar\/' title='Lug Type Nickel Flap Butterfly Valves'>Lug Type Nickel Flap Butterfly Valves<\/a><\/h3>\n    \t<a href=\"https:\/\/www.zenteknik.com\/en\/urun\/lug-tipi-nikel-klapeli-kelebek-vanalar\/\"> Review Product<\/a>\n\t<meta itemscope itemprop=\"mainEntityOfPage\" itemtype=\"https:\/\/schema.org\/WebPage\" itemid=\"http:\/\/1020\" content=\"Wafer Tipi Paslanmaz Klapeli Kelebek Vanalar\" \/><meta itemprop=\"datePublished\" content=\"2024-07-03\" \/><meta itemprop=\"dateModified\" content=\"2024-07-03\" \/><meta itemprop=\"name\" content=\"Zen Teknik\"\/><meta itemprop=\"url\" content=\"https:\/\/zenteknik.com\/wp-content\/uploads\/2024\/06\/1683182447447-e1686681304792.png\"\/><meta itemprop=\"url\" content=\"https:\/\/zenteknik.com\/author\/ali\/\" \/><meta itemprop=\"name\" content=\"Ali Bard\u0131z\" \/><meta itemprop=\"url\" content=\"https:\/\/zenteknik.com\/wp-content\/uploads\/2024\/07\/duyar-vana-wafer-vulkanize-kelebek-vana-paslanmaz-klapeli-pn-16.jpg\" \/><meta itemprop=\"width\" content=\"500\" \/><meta itemprop=\"height\" content=\"480\" \/><meta itemprop=\"interactionType\" content=\"https:\/\/schema.org\/CommentAction\" \/><meta itemprop=\"userInteractionCount\" content=\"0\" \/>\n\t<a href='https:\/\/www.zenteknik.com\/en\/urun\/wafer-tipi-paslanmaz-klapeli-kelebek-vanalar\/' title='Wafer Type Stainless Flap Butterfly Valves'><img width=\"500\" height=\"480\" src=\"https:\/\/zenteknik.com\/wp-content\/uploads\/2024\/07\/duyar-vana-wafer-vulkanize-kelebek-vana-paslanmaz-klapeli-pn-16.jpg\" alt=\"\" itemprop=\"image\" decoding=\"async\" loading=\"lazy\" srcset=\"https:\/\/zenteknik.com\/wp-content\/uploads\/2024\/07\/duyar-vana-wafer-vulkanize-kelebek-vana-paslanmaz-klapeli-pn-16.jpg 500w, https:\/\/zenteknik.com\/wp-content\/uploads\/2024\/07\/duyar-vana-wafer-vulkanize-kelebek-vana-paslanmaz-klapeli-pn-16-300x288.jpg 300w\" sizes=\"auto, (max-width: 500px) 100vw, 500px\" \/><\/a>\n    <h3><a href='https:\/\/www.zenteknik.com\/en\/urun\/wafer-tipi-paslanmaz-klapeli-kelebek-vanalar\/' title='Wafer Type Stainless Flap Butterfly Valves'>Wafer Type Stainless Flap Butterfly Valves<\/a><\/h3>\n    \t<a href=\"https:\/\/www.zenteknik.com\/en\/urun\/wafer-tipi-paslanmaz-klapeli-kelebek-vanalar\/\"> Review Product<\/a>\n\t<meta itemscope itemprop=\"mainEntityOfPage\" itemtype=\"https:\/\/schema.org\/WebPage\" itemid=\"http:\/\/1018\" content=\"Lug Tipi Paslanmaz Klapeli Kelebek Vanalar\" \/><meta itemprop=\"datePublished\" content=\"2024-07-03\" \/><meta itemprop=\"dateModified\" content=\"2024-07-03\" \/><meta itemprop=\"name\" content=\"Zen Teknik\"\/><meta itemprop=\"url\" content=\"https:\/\/zenteknik.com\/wp-content\/uploads\/2024\/06\/1683182447447-e1686681304792.png\"\/><meta itemprop=\"url\" content=\"https:\/\/zenteknik.com\/author\/ali\/\" \/><meta itemprop=\"name\" content=\"Ali Bard\u0131z\" \/><meta itemprop=\"url\" content=\"https:\/\/zenteknik.com\/wp-content\/uploads\/2024\/07\/duyar-vana-lug-vulkanize-kelebek-vana-paslanmaz-klapeli-pn16.jpg\" \/><meta itemprop=\"width\" content=\"500\" \/><meta itemprop=\"height\" content=\"480\" \/><meta itemprop=\"interactionType\" content=\"https:\/\/schema.org\/CommentAction\" \/><meta itemprop=\"userInteractionCount\" content=\"0\" \/>\n\t<a href='https:\/\/www.zenteknik.com\/en\/urun\/lug-tipi-paslanmaz-klapeli-kelebek-vanalar\/' title='Lug Type Stainless Flap Butterfly Valves'><img width=\"500\" height=\"480\" src=\"https:\/\/zenteknik.com\/wp-content\/uploads\/2024\/07\/duyar-vana-lug-vulkanize-kelebek-vana-paslanmaz-klapeli-pn16.jpg\" alt=\"\" itemprop=\"image\" decoding=\"async\" loading=\"lazy\" srcset=\"https:\/\/zenteknik.com\/wp-content\/uploads\/2024\/07\/duyar-vana-lug-vulkanize-kelebek-vana-paslanmaz-klapeli-pn16.jpg 500w, https:\/\/zenteknik.com\/wp-content\/uploads\/2024\/07\/duyar-vana-lug-vulkanize-kelebek-vana-paslanmaz-klapeli-pn16-300x288.jpg 300w\" sizes=\"auto, (max-width: 500px) 100vw, 500px\" \/><\/a>\n    <h3><a href='https:\/\/www.zenteknik.com\/en\/urun\/lug-tipi-paslanmaz-klapeli-kelebek-vanalar\/' title='Lug Type Stainless Flap Butterfly Valves'>Lug Type Stainless Flap Butterfly Valves<\/a><\/h3>\n    \t<a href=\"https:\/\/www.zenteknik.com\/en\/urun\/lug-tipi-paslanmaz-klapeli-kelebek-vanalar\/\"> Review Product<\/a>\n\t\t<!-- .pp-content-posts -->\n\t\t\t\t<img loading=\"lazy\" decoding=\"async\" src=\"https:\/\/zenteknik.com\/wp-content\/uploads\/2024\/06\/1683182447447-e1686681304792.png\" alt=\"1683182447447-e1686681304792\" itemprop=\"image\" height=\"688\" width=\"888\" title=\"1683182447447-e1686681304792\" onerror=\"this.style.display='none'\"  \/>\n\t<p>03.01.2023 tarihinde Gaziantep&#8217;te kuruldu. Buhar, yang\u0131n, su sistemleri i\u00e7in m\u00fchendislik \u00e7\u00f6z\u00fcmleri.<\/p>\n<h3>\n\t\tQuick Menu\n\t<\/h3>\n\t<nav aria-label=\"Main Men\u00fc 2\" itemscope=\"itemscope\" itemtype=\"https:\/\/schema.org\/SiteNavigationElement\">\n\t\t<ul id=\"menu-main-menu-2\"><li id=\"menu-item-811\"><a href=\"https:\/\/www.zenteknik.com\/en\/\">Homepage<\/a><\/li><li id=\"menu-item-814\"><a href=\"https:\/\/www.zenteknik.com\/en\/kurumsal\/\">Corporate<\/a><\/li><li id=\"menu-item-816\"><a href=\"https:\/\/www.zenteknik.com\/en\/urunlerimiz\/\">Our Products<\/a><\/li><li id=\"menu-item-815\"><a href=\"https:\/\/www.zenteknik.com\/en\/teknik-bilgiler\/\">Technical Information<\/a><\/li><li id=\"menu-item-813\"><a href=\"https:\/\/www.zenteknik.com\/en\/iletisim\/\">Contact<\/a><\/li><\/ul>\n\t\t\t<\/nav>\n<h3>\n\t\tOur Products\n\t<\/h3>\n\t<nav aria-label=\"\u00dcr\u00fcnler\" itemscope=\"itemscope\" itemtype=\"https:\/\/schema.org\/SiteNavigationElement\">\n\t\t<ul id=\"menu-urunler\"><li id=\"menu-item-818\"><a href=\"https:\/\/www.zenteknik.com\/en\/urunlerimiz\/vanalar\/\">VALVES<\/a><\/li><li id=\"menu-item-1332\"><a href=\"https:\/\/www.zenteknik.com\/en\/urunlerimiz\/borular\/\">PIPES<\/a><\/li><li id=\"menu-item-1334\"><a href=\"https:\/\/www.zenteknik.com\/en\/urunlerimiz\/esanjorler\/\">HEAT EXCHANGER<\/a><\/li><li id=\"menu-item-1336\"><a href=\"https:\/\/www.zenteknik.com\/en\/urunlerimiz\/hortumlar\/\">FLEXIBLE METAL HOSES<\/a><\/li><li id=\"menu-item-1337\"><a href=\"https:\/\/www.zenteknik.com\/en\/urunlerimiz\/kompansatorler\/\">EXPANSION JOINT<\/a><\/li><li id=\"menu-item-1338\"><a href=\"https:\/\/www.zenteknik.com\/en\/urunlerimiz\/kondenstoplar\/\">STEAM TRAPS<\/a><\/li><li id=\"menu-item-1339\"><a href=\"https:\/\/www.zenteknik.com\/en\/urunlerimiz\/olcum-enstrumanlari\/\">MEASURING INSTRUMENTS<\/a><\/li><li id=\"menu-item-1340\"><a href=\"https:\/\/www.zenteknik.com\/en\/urunlerimiz\/pompalar\/\">PUMPS<\/a><\/li><li id=\"menu-item-1341\"><a href=\"https:\/\/www.zenteknik.com\/en\/urunlerimiz\/seviye-gostergeleri\/\">LEVEL CONTROL<\/a><\/li><li id=\"menu-item-1343\"><a href=\"https:\/\/www.zenteknik.com\/en\/urunlerimiz\/yalitim-malzemeleri\/\">INSULATION MATERIALS<\/a><\/li><li id=\"menu-item-1344\"><a href=\"https:\/\/www.zenteknik.com\/en\/urunlerimiz\/yangin-sondurme-sistemleri\/\">FIRE FIGHTING EQUIPMENT<\/a><\/li><li id=\"menu-item-1335\"><a href=\"https:\/\/www.zenteknik.com\/en\/urunlerimiz\/fitting-malzemeler\/\">FITTINGS<\/a><\/li><li id=\"menu-item-1333\"><a href=\"https:\/\/www.zenteknik.com\/en\/urunlerimiz\/diger-urunler\/\">OTHER PRODUCTS<\/a><\/li><\/ul>\n\t\t\t<\/nav>\n<h3>\n\t\tContact\n\t<\/h3>\n\t\t<ul>\n\t\t\t\t\t<li>\n\t\t\t\t\n\t\t<p>Beylerbeyi, 84027 Nolu Sokak No:11\/G, 27000 \u015eehitkamil\/Gaziantep<\/p>\n\t\t\t<\/li>\n\t\t\t\t<\/ul>\n\t\t<ul>\n\t\t\t\t\t<li>\n\t\t\t\t\n\t\t<p>info@zenteknik.com<\/p>\t\t\t\n\t\t\t<\/li>\n\t\t\t\t<\/ul>\n\t\t<ul>\n\t\t\t\t\t<li>\n\t\t\t\t\n\t\t<p>+90 342 502 58 91<\/p>\n\t\t\t<\/li>\n\t\t\t\t<\/ul>\n\t\t<ul>\n\t\t\t\t\t<li>\n\t\t\t\t\n\t\t<p>+90 552 881 97 27<\/p>\t\t\t\n\t\t\t<\/li>\n\t\t\t\t<\/ul>\n\t<p>\u00a9 2024 <strong>Zen Teknik Engineering<\/strong>\u00a0All Rights Reserved.<\/p>\n\t<p>Web Design <strong>Digital K\u00fcre<\/strong><\/p>","protected":false},"excerpt":{"rendered":"<p>Elektrik Akt\u00fcat\u00f6rl\u00fc Kelebek Vanalar \u00dcr\u00fcn\u00fc &hellip;<\/p>\n<p class=\"read-more\"> <a class=\"\" href=\"https:\/\/www.zenteknik.com\/en\/urunlerimiz\/vanalar\/kelebek-vanalar\/\"> <span class=\"screen-reader-text\">Butterfly Valves<\/span> Read More \u00bb<\/a><\/p>","protected":false},"author":2,"featured_media":0,"parent":758,"menu_order":0,"comment_status":"closed","ping_status":"closed","template":"","meta":{"site-sidebar-layout":"no-sidebar","site-content-layout":"page-builder","ast-site-content-layout":"default","site-content-style":"default","site-sidebar-style":"default","ast-global-header-display":"","ast-banner-title-visibility":"","ast-main-header-display":"","ast-hfb-above-header-display":"","ast-hfb-below-header-display":"","ast-hfb-mobile-header-display":"","site-post-title":"disabled","ast-breadcrumbs-content":"","ast-featured-img":"disabled","footer-sml-layout":"","theme-transparent-header-meta":"default","adv-header-id-meta":"","stick-header-meta":"default","header-above-stick-meta":"","header-main-stick-meta":"","header-below-stick-meta":"","astra-migrate-meta-layouts":"set","ast-page-background-enabled":"default","ast-page-background-meta":{"desktop":{"background-color":"var(--ast-global-color-4)","background-image":"","background-repeat":"repeat","background-position":"center center","background-size":"auto","background-attachment":"scroll","background-type":"","background-media":"","overlay-type":"","overlay-color":"","overlay-gradient":""},"tablet":{"background-color":"","background-image":"","background-repeat":"repeat","background-position":"center center","background-size":"auto","background-attachment":"scroll","background-type":"","background-media":"","overlay-type":"","overlay-color":"","overlay-gradient":""},"mobile":{"background-color":"","background-image":"","background-repeat":"repeat","background-position":"center center","background-size":"auto","background-attachment":"scroll","background-type":"","background-media":"","overlay-type":"","overlay-color":"","overlay-gradient":""}},"ast-content-background-meta":{"desktop":{"background-color":"var(--ast-global-color-5)","background-image":"","background-repeat":"repeat","background-position":"center center","background-size":"auto","background-attachment":"scroll","background-type":"","background-media":"","overlay-type":"","overlay-color":"","overlay-gradient":""},"tablet":{"background-color":"var(--ast-global-color-5)","background-image":"","background-repeat":"repeat","background-position":"center center","background-size":"auto","background-attachment":"scroll","background-type":"","background-media":"","overlay-type":"","overlay-color":"","overlay-gradient":""},"mobile":{"background-color":"var(--ast-global-color-5)","background-image":"","background-repeat":"repeat","background-position":"center center","background-size":"auto","background-attachment":"scroll","background-type":"","background-media":"","overlay-type":"","overlay-color":"","overlay-gradient":""}},"_joinchat":[],"footnotes":""},"class_list":["post-1369","page","type-page","status-publish","hentry"],"acf":[],"_links":{"self":[{"href":"https:\/\/www.zenteknik.com\/en\/wp-json\/wp\/v2\/pages\/1369","targetHints":{"allow":["GET"]}}],"collection":[{"href":"https:\/\/www.zenteknik.com\/en\/wp-json\/wp\/v2\/pages"}],"about":[{"href":"https:\/\/www.zenteknik.com\/en\/wp-json\/wp\/v2\/types\/page"}],"author":[{"embeddable":true,"href":"https:\/\/www.zenteknik.com\/en\/wp-json\/wp\/v2\/users\/2"}],"replies":[{"embeddable":true,"href":"https:\/\/www.zenteknik.com\/en\/wp-json\/wp\/v2\/comments?post=1369"}],"version-history":[{"count":2,"href":"https:\/\/www.zenteknik.com\/en\/wp-json\/wp\/v2\/pages\/1369\/revisions"}],"predecessor-version":[{"id":1371,"href":"https:\/\/www.zenteknik.com\/en\/wp-json\/wp\/v2\/pages\/1369\/revisions\/1371"}],"up":[{"embeddable":true,"href":"https:\/\/www.zenteknik.com\/en\/wp-json\/wp\/v2\/pages\/758"}],"wp:attachment":[{"href":"https:\/\/www.zenteknik.com\/en\/wp-json\/wp\/v2\/media?parent=1369"}],"curies":[{"name":"wp","href":"https:\/\/api.w.org\/{rel}","templated":true}]}}