{"id":1500,"date":"2024-10-28T12:18:44","date_gmt":"2024-10-28T09:18:44","guid":{"rendered":"https:\/\/www.zenteknik.com\/?page_id=1500"},"modified":"2024-10-28T12:21:32","modified_gmt":"2024-10-28T09:21:32","slug":"e-katalog","status":"publish","type":"page","link":"https:\/\/www.zenteknik.com\/en\/e-katalog\/","title":{"rendered":"E - Catalog"},"content":{"rendered":"<div class=\"_df_book df-lite\" id=\"df_1503\"  data-title=\"katalog\" _slug=\"katalog\" wpoptions=\"true\" thumbtype=\"\" ><\/div><script class=\"df-shortcode-script\" type=\"application\/javascript\">window.option_df_1503 = {\"outline\":[],\"backgroundColor\":\"#FFFFFF\",\"autoEnableOutline\":\"false\",\"autoEnableThumbnail\":\"false\",\"overwritePDFOutline\":\"false\",\"direction\":\"1\",\"pageSize\":\"0\",\"source\":\"https:\\\/\\\/www.zenteknik.com\\\/wp-content\\\/uploads\\\/2024\\\/10\\\/ZenTeknik-Katalog.pdf\",\"wpOptions\":\"true\"}; if(window.DFLIP && window.DFLIP.parseBooks){window.DFLIP.parseBooks();}<\/script>\n\t\t\t\t<img decoding=\"async\" src=\"https:\/\/zenteknik.com\/wp-content\/uploads\/2024\/06\/1683182447447-e1686681304792.png\" alt=\"1683182447447-e1686681304792\" itemprop=\"image\" title=\"1683182447447-e1686681304792\" onerror=\"this.style.display='none'\"  \/>\n\t<p>03.01.2023 tarihinde Gaziantep&#8217;te kuruldu. Buhar, yang\u0131n, su sistemleri i\u00e7in m\u00fchendislik \u00e7\u00f6z\u00fcmleri.<\/p>\n<h3>\n\t\tQuick Menu\n\t<\/h3>\n\t<nav aria-label=\"Main Men\u00fc 2\" itemscope=\"itemscope\" itemtype=\"https:\/\/schema.org\/SiteNavigationElement\">\n\t\t<ul id=\"menu-main-menu-2\"><li id=\"menu-item-811\"><a href=\"https:\/\/www.zenteknik.com\/en\/\">Homepage<\/a><\/li><li id=\"menu-item-814\"><a href=\"https:\/\/www.zenteknik.com\/en\/kurumsal\/\">Corporate<\/a><\/li><li id=\"menu-item-816\"><a href=\"https:\/\/www.zenteknik.com\/en\/urunlerimiz\/\">Our Products<\/a><\/li><li id=\"menu-item-815\"><a href=\"https:\/\/www.zenteknik.com\/en\/teknik-bilgiler\/\">Technical Information<\/a><\/li><li id=\"menu-item-813\"><a href=\"https:\/\/www.zenteknik.com\/en\/iletisim\/\">Contact<\/a><\/li><\/ul>\n\t\t\t<\/nav>\n<h3>\n\t\tOur Products\n\t<\/h3>\n\t<nav aria-label=\"\u00dcr\u00fcnler\" itemscope=\"itemscope\" itemtype=\"https:\/\/schema.org\/SiteNavigationElement\">\n\t\t<ul id=\"menu-urunler\"><li id=\"menu-item-818\"><a href=\"https:\/\/www.zenteknik.com\/en\/urunlerimiz\/vanalar\/\">VALVES<\/a><\/li><li id=\"menu-item-1332\"><a href=\"https:\/\/www.zenteknik.com\/en\/urunlerimiz\/borular\/\">PIPES<\/a><\/li><li id=\"menu-item-1334\"><a href=\"https:\/\/www.zenteknik.com\/en\/urunlerimiz\/esanjorler\/\">HEAT EXCHANGER<\/a><\/li><li id=\"menu-item-1336\"><a href=\"https:\/\/www.zenteknik.com\/en\/urunlerimiz\/hortumlar\/\">FLEXIBLE METAL HOSES<\/a><\/li><li id=\"menu-item-1337\"><a href=\"https:\/\/www.zenteknik.com\/en\/urunlerimiz\/kompansatorler\/\">EXPANSION JOINT<\/a><\/li><li id=\"menu-item-1338\"><a href=\"https:\/\/www.zenteknik.com\/en\/urunlerimiz\/kondenstoplar\/\">STEAM TRAPS<\/a><\/li><li id=\"menu-item-1339\"><a href=\"https:\/\/www.zenteknik.com\/en\/urunlerimiz\/olcum-enstrumanlari\/\">MEASURING INSTRUMENTS<\/a><\/li><li id=\"menu-item-1340\"><a href=\"https:\/\/www.zenteknik.com\/en\/urunlerimiz\/pompalar\/\">PUMPS<\/a><\/li><li id=\"menu-item-1341\"><a href=\"https:\/\/www.zenteknik.com\/en\/urunlerimiz\/seviye-gostergeleri\/\">LEVEL CONTROL<\/a><\/li><li id=\"menu-item-1343\"><a href=\"https:\/\/www.zenteknik.com\/en\/urunlerimiz\/yalitim-malzemeleri\/\">INSULATION MATERIALS<\/a><\/li><li id=\"menu-item-1344\"><a href=\"https:\/\/www.zenteknik.com\/en\/urunlerimiz\/yangin-sondurme-sistemleri\/\">FIRE FIGHTING EQUIPMENT<\/a><\/li><li id=\"menu-item-1335\"><a href=\"https:\/\/www.zenteknik.com\/en\/urunlerimiz\/fitting-malzemeler\/\">FITTINGS<\/a><\/li><li id=\"menu-item-1333\"><a href=\"https:\/\/www.zenteknik.com\/en\/urunlerimiz\/diger-urunler\/\">OTHER PRODUCTS<\/a><\/li><\/ul>\n\t\t\t<\/nav>\n<h3>\n\t\tContact\n\t<\/h3>\n\t\t<ul>\n\t\t\t\t\t<li>\n\t\t\t\t\n\t\t<p>Beylerbeyi, 84027 Nolu Sokak No:11\/G, 27000 \u015eehitkamil\/Gaziantep<\/p>\n\t\t\t<\/li>\n\t\t\t\t<\/ul>\n\t\t<ul>\n\t\t\t\t\t<li>\n\t\t\t\t\n\t\t<p>info@zenteknik.com<\/p>\t\t\t\n\t\t\t<\/li>\n\t\t\t\t<\/ul>\n\t\t<ul>\n\t\t\t\t\t<li>\n\t\t\t\t\n\t\t<p>+90 342 502 58 91<\/p>\n\t\t\t<\/li>\n\t\t\t\t<\/ul>\n\t\t<ul>\n\t\t\t\t\t<li>\n\t\t\t\t\n\t\t<p>+90 552 881 97 27<\/p>\t\t\t\n\t\t\t<\/li>\n\t\t\t\t<\/ul>\n\t<p>\u00a9 2024 <strong>Zen Teknik Engineering<\/strong> T\u00fcm Haklar\u0131 Sakl\u0131d\u0131r. | <a href=\"https:\/\/www.zenteknik.com\/en\/gizlilik-politikasi\/\">Gizlilik Politikas\u0131<\/a><\/p>\n\t<p>Web Design <a href=\"http:\/\/www.digitalkure.com\" target=\"_blank\" rel=\"noopener\"><strong>Digital K\u00fcre<\/strong><\/a><\/p>","protected":false},"excerpt":{"rendered":"<p>03.01.2023 tarihinde Gaziantep&#8217;te kuruldu. Buhar, &hellip;<\/p>\n<p class=\"read-more\"> <a class=\"\" href=\"https:\/\/www.zenteknik.com\/en\/e-katalog\/\"> <span class=\"screen-reader-text\">E - Catalog<\/span> Read More \u00bb<\/a><\/p>","protected":false},"author":7,"featured_media":0,"parent":0,"menu_order":0,"comment_status":"closed","ping_status":"closed","template":"","meta":{"site-sidebar-layout":"no-sidebar","site-content-layout":"page-builder","ast-site-content-layout":"default","site-content-style":"default","site-sidebar-style":"default","ast-global-header-display":"","ast-banner-title-visibility":"","ast-main-header-display":"","ast-hfb-above-header-display":"","ast-hfb-below-header-display":"","ast-hfb-mobile-header-display":"","site-post-title":"disabled","ast-breadcrumbs-content":"","ast-featured-img":"disabled","footer-sml-layout":"","theme-transparent-header-meta":"default","adv-header-id-meta":"","stick-header-meta":"default","header-above-stick-meta":"","header-main-stick-meta":"","header-below-stick-meta":"","astra-migrate-meta-layouts":"set","ast-page-background-enabled":"default","ast-page-background-meta":{"desktop":{"background-color":"var(--ast-global-color-4)","background-image":"","background-repeat":"repeat","background-position":"center center","background-size":"auto","background-attachment":"scroll","background-type":"","background-media":"","overlay-type":"","overlay-color":"","overlay-gradient":""},"tablet":{"background-color":"","background-image":"","background-repeat":"repeat","background-position":"center center","background-size":"auto","background-attachment":"scroll","background-type":"","background-media":"","overlay-type":"","overlay-color":"","overlay-gradient":""},"mobile":{"background-color":"","background-image":"","background-repeat":"repeat","background-position":"center center","background-size":"auto","background-attachment":"scroll","background-type":"","background-media":"","overlay-type":"","overlay-color":"","overlay-gradient":""}},"ast-content-background-meta":{"desktop":{"background-color":"var(--ast-global-color-5)","background-image":"","background-repeat":"repeat","background-position":"center center","background-size":"auto","background-attachment":"scroll","background-type":"","background-media":"","overlay-type":"","overlay-color":"","overlay-gradient":""},"tablet":{"background-color":"var(--ast-global-color-5)","background-image":"","background-repeat":"repeat","background-position":"center center","background-size":"auto","background-attachment":"scroll","background-type":"","background-media":"","overlay-type":"","overlay-color":"","overlay-gradient":""},"mobile":{"background-color":"var(--ast-global-color-5)","background-image":"","background-repeat":"repeat","background-position":"center center","background-size":"auto","background-attachment":"scroll","background-type":"","background-media":"","overlay-type":"","overlay-color":"","overlay-gradient":""}},"_joinchat":[],"footnotes":""},"class_list":["post-1500","page","type-page","status-publish","hentry"],"acf":[],"_links":{"self":[{"href":"https:\/\/www.zenteknik.com\/en\/wp-json\/wp\/v2\/pages\/1500","targetHints":{"allow":["GET"]}}],"collection":[{"href":"https:\/\/www.zenteknik.com\/en\/wp-json\/wp\/v2\/pages"}],"about":[{"href":"https:\/\/www.zenteknik.com\/en\/wp-json\/wp\/v2\/types\/page"}],"author":[{"embeddable":true,"href":"https:\/\/www.zenteknik.com\/en\/wp-json\/wp\/v2\/users\/7"}],"replies":[{"embeddable":true,"href":"https:\/\/www.zenteknik.com\/en\/wp-json\/wp\/v2\/comments?post=1500"}],"version-history":[{"count":2,"href":"https:\/\/www.zenteknik.com\/en\/wp-json\/wp\/v2\/pages\/1500\/revisions"}],"predecessor-version":[{"id":1505,"href":"https:\/\/www.zenteknik.com\/en\/wp-json\/wp\/v2\/pages\/1500\/revisions\/1505"}],"wp:attachment":[{"href":"https:\/\/www.zenteknik.com\/en\/wp-json\/wp\/v2\/media?parent=1500"}],"curies":[{"name":"wp","href":"https:\/\/api.w.org\/{rel}","templated":true}]}}