{"id":459,"date":"2024-01-18T22:52:21","date_gmt":"2024-01-18T22:52:21","guid":{"rendered":"https:\/\/zenteknik.com\/?page_id=459"},"modified":"2026-01-21T15:57:06","modified_gmt":"2026-01-21T12:57:06","slug":"iletisim","status":"publish","type":"page","link":"https:\/\/www.zenteknik.com\/en\/iletisim\/","title":{"rendered":"Contact"},"content":{"rendered":"<h2>\n\t\t\u0130leti\u015fim Bilgileri\n\t<\/h2>\n\t\t<ul>\n\t\t\t\t\t<li>\n\t\t\t\t<h3>Adres<\/h3>\n\t\t<p>Ba\u015fp\u0131nar Osb. Mahallesi 4. B\u00f6lge M. L\u00fctfullah Bilgin Bul. Emre \u00d6zmen \u0130\u015f Merk. No:10 27620 <strong>\u015eehitkamil \/ Gaziantep<\/strong><\/p>\t\t\t\n\t\t\t<\/li>\n\t\t\t\t\t<li>\n\t\t\t\t<h3>E &#8211; Mail<\/h3>\n\t\t<p>info@zenteknik.com<\/p>\t\t\t\n\t\t\t<\/li>\n\t\t\t\t\t<li>\n\t\t\t\t<h3>Telefon<\/h3>\n\t\t<p>+90 552 881 97 27+90 532 359 46 27+90 532 369 94 27<\/p>\t\t\t\n\t\t\t<\/li>\n\t\t\t\t<\/ul>\n\t<iframe src=\"https:\/\/www.google.com\/maps\/embed?pb=!1m14!1m8!1m3!1d20119.180710378983!2d37.36974689682703!3d37.15470660302863!3m2!1i1024!2i768!4f13.1!3m3!1m2!1s0x1531e11d9fc0f4af%3A0x8e16aea50e766d91!2sZen%20Teknik%20M%C3%BChendislik!5e0!3m2!1str!2str!4v1760431920213!5m2!1str!2str\" width=\"100%\" height=\"450\" allowfullscreen=\"\" loading=\"lazy\" referrerpolicy=\"no-referrer-when-downgrade\"><\/iframe>\n    <form id=\"wpforms-form-920\" data-formid=\"920\" method=\"post\" enctype=\"multipart\/form-data\" action=\"https:\/\/www.zenteknik.com\/en\/iletisim\/\" data-token=\"afe5a6eb0360e27c79bf697a21f77346\" data-trp-original-action=\"\/?page_id=459&#038;fl_builder\">Bu formu bitirebilmek i\u00e7in taray\u0131c\u0131n\u0131zda JavaScript&#039;i etkinle\u015ftirin.<label for=\"wpforms-920-field_1\">Yerle\u015fim<\/label><label for=\"wpforms-920-field_2\">First Name Last Name<\/label><input type=\"text\" id=\"wpforms-920-field_2\" name=\"wpforms[fields][2]\"\/><label for=\"wpforms-920-field_4\">Your Email Address<\/label><input type=\"text\" id=\"wpforms-920-field_4\" name=\"wpforms[fields][4]\"\/><label for=\"wpforms-920-field_3\">Company Name<\/label><input type=\"text\" id=\"wpforms-920-field_3\" name=\"wpforms[fields][3]\"\/><label for=\"wpforms-920-field_5\">Your Phone Number<\/label><input type=\"text\" id=\"wpforms-920-field_5\" name=\"wpforms[fields][5]\"\/><label for=\"wpforms-920-field_6\">Your Message<\/label><textarea id=\"wpforms-920-field_6\" name=\"wpforms[fields][6]\"><\/textarea><input type=\"hidden\" name=\"wpforms[id]\" value=\"920\"\/>\t\t\t<input type=\"hidden\"\n\t\t\t\tname=\"wpforms[nonce]\"\n\t\t\t\tvalue=\"d3a8954082\"\n\t\t\t\/>\n\t\t\t<input type=\"hidden\" name=\"wpforms[author]\" value=\"0\"\/><input type=\"hidden\" name=\"wpforms[post_id]\" value=\"459\"\/><button type=\"submit\" name=\"wpforms[submit]\" id=\"wpforms-submit-920\" data-alt-text=\"Sending...\" data-submit-text=\"Submit\" aria-live=\"assertive\" value=\"wpforms-submit\">Submit<\/button><img loading=\"lazy\" decoding=\"async\" src=\"https:\/\/www.zenteknik.com\/wp-content\/plugins\/wpforms\/assets\/images\/submit-spin.svg\" width=\"26\" height=\"26\" alt=\"Y\u00fckleniyor\"\/><input type=\"hidden\" name=\"trp-form-language\" value=\"en\"\/><\/form>  <!-- .wpforms-container -->\n\t\t\t\t<img decoding=\"async\" src=\"https:\/\/zenteknik.com\/wp-content\/uploads\/2024\/06\/1683182447447-e1686681304792.png\" alt=\"1683182447447-e1686681304792\" itemprop=\"image\" title=\"1683182447447-e1686681304792\" onerror=\"this.style.display='none'\"  \/>\n\t<p>03.01.2023 tarihinde Gaziantep&#8217;te kuruldu. Buhar, yang\u0131n, su sistemleri i\u00e7in m\u00fchendislik \u00e7\u00f6z\u00fcmleri.<\/p>\n<h3>\n\t\tQuick Menu\n\t<\/h3>\n\t<nav aria-label=\"Main Men\u00fc 2\" itemscope=\"itemscope\" itemtype=\"https:\/\/schema.org\/SiteNavigationElement\">\n\t\t<ul id=\"menu-main-menu-2\"><li id=\"menu-item-811\"><a href=\"https:\/\/www.zenteknik.com\/en\/\">Homepage<\/a><\/li><li id=\"menu-item-814\"><a href=\"https:\/\/www.zenteknik.com\/en\/kurumsal\/\">Corporate<\/a><\/li><li id=\"menu-item-816\"><a href=\"https:\/\/www.zenteknik.com\/en\/urunlerimiz\/\">Our Products<\/a><\/li><li id=\"menu-item-815\"><a href=\"https:\/\/www.zenteknik.com\/en\/teknik-bilgiler\/\">Technical Information<\/a><\/li><li id=\"menu-item-813\"><a href=\"https:\/\/www.zenteknik.com\/en\/iletisim\/\" aria-current=\"page\">Contact<\/a><\/li><li id=\"menu-item-1507\"><a href=\"https:\/\/www.zenteknik.com\/en\/e-katalog\/\">E - Catalog<\/a><\/li><\/ul>\n\t\t\t<\/nav>\n<h3>\n\t\tOur Products\n\t<\/h3>\n\t<nav aria-label=\"\u00dcr\u00fcnler\" itemscope=\"itemscope\" itemtype=\"https:\/\/schema.org\/SiteNavigationElement\">\n\t\t<ul id=\"menu-urunler\"><li id=\"menu-item-818\"><a href=\"https:\/\/www.zenteknik.com\/en\/urunlerimiz\/vanalar\/\">VALVES<\/a><\/li><li id=\"menu-item-1332\"><a href=\"https:\/\/www.zenteknik.com\/en\/urunlerimiz\/borular\/\">PIPES<\/a><\/li><li id=\"menu-item-1334\"><a href=\"https:\/\/www.zenteknik.com\/en\/urunlerimiz\/esanjorler\/\">HEAT EXCHANGER<\/a><\/li><li id=\"menu-item-1336\"><a href=\"https:\/\/www.zenteknik.com\/en\/urunlerimiz\/hortumlar\/\">FLEXIBLE METAL HOSES<\/a><\/li><li id=\"menu-item-1337\"><a href=\"https:\/\/www.zenteknik.com\/en\/urunlerimiz\/kompansatorler\/\">EXPANSION JOINT<\/a><\/li><li id=\"menu-item-1338\"><a href=\"https:\/\/www.zenteknik.com\/en\/urunlerimiz\/kondenstoplar\/\">STEAM TRAPS<\/a><\/li><li id=\"menu-item-1339\"><a href=\"https:\/\/www.zenteknik.com\/en\/urunlerimiz\/olcum-enstrumanlari\/\">MEASURING INSTRUMENTS<\/a><\/li><li id=\"menu-item-1340\"><a href=\"https:\/\/www.zenteknik.com\/en\/urunlerimiz\/pompalar\/\">PUMPS<\/a><\/li><li id=\"menu-item-1341\"><a href=\"https:\/\/www.zenteknik.com\/en\/urunlerimiz\/seviye-gostergeleri\/\">LEVEL CONTROL<\/a><\/li><li id=\"menu-item-1343\"><a href=\"https:\/\/www.zenteknik.com\/en\/urunlerimiz\/yalitim-malzemeleri\/\">INSULATION MATERIALS<\/a><\/li><li id=\"menu-item-1344\"><a href=\"https:\/\/www.zenteknik.com\/en\/urunlerimiz\/yangin-sondurme-sistemleri\/\">FIRE FIGHTING EQUIPMENT<\/a><\/li><li id=\"menu-item-1335\"><a href=\"https:\/\/www.zenteknik.com\/en\/urunlerimiz\/fitting-malzemeler\/\">FITTINGS<\/a><\/li><li id=\"menu-item-1333\"><a href=\"https:\/\/www.zenteknik.com\/en\/urunlerimiz\/diger-urunler\/\">OTHER PRODUCTS<\/a><\/li><\/ul>\n\t\t\t<\/nav>\n<h3>\n\t\tContact\n\t<\/h3>\n\t\t<ul>\n\t\t\t\t\t<li>\n\t\t\t\t\n\t\t<p>Ba\u015fp\u0131nar Osb. Mahallesi 4. B\u00f6lge M. L\u00fctfullah Bilgin Bul. Emre \u00d6zmen \u0130\u015f Merk. No:10 27620 \u015eehitkamil \/ Gaziantep<\/p>\t\t\t\n\t\t\t<\/li>\n\t\t\t\t<\/ul>\n\t\t<ul>\n\t\t\t\t\t<li>\n\t\t\t\t\n\t\t<p>info@zenteknik.com<\/p>\t\t\t\n\t\t\t<\/li>\n\t\t\t\t<\/ul>\n\t\t<ul>\n\t\t\t\t\t<li>\n\t\t\t\t\n\t\t<p>+90 532 359 46 27+90 532 369 94 27<\/p>\t\t\t\n\t\t\t<\/li>\n\t\t\t\t<\/ul>\n\t\t<ul>\n\t\t\t\t\t<li>\n\t\t\t\t\n\t\t<p>+90 552 881 97 27<\/p>\t\t\t\n\t\t\t<\/li>\n\t\t\t\t<\/ul>\n\t<p>\u00a9 2024 <strong>Zen Teknik Engineering<\/strong> T\u00fcm Haklar\u0131 Sakl\u0131d\u0131r. | <a href=\"https:\/\/www.zenteknik.com\/en\/gizlilik-politikasi\/\">Gizlilik Politikas\u0131<\/a><\/p>\n\t<p>Web Design <a href=\"http:\/\/www.digitalkure.com\" target=\"_blank\"><strong>Digital K\u00fcre<\/strong><\/a><\/p>","protected":false},"excerpt":{"rendered":"<p>\u0130leti\u015fim Bilgileri Adres Ba\u015fp\u0131nar Osb. &hellip;<\/p>\n<p class=\"read-more\"> <a class=\"\" href=\"https:\/\/www.zenteknik.com\/en\/iletisim\/\"> <span class=\"screen-reader-text\">Contact<\/span> Read More \u00bb<\/a><\/p>","protected":false},"author":1,"featured_media":0,"parent":0,"menu_order":0,"comment_status":"closed","ping_status":"closed","template":"","meta":{"site-sidebar-layout":"no-sidebar","site-content-layout":"page-builder","ast-site-content-layout":"default","site-content-style":"default","site-sidebar-style":"default","ast-global-header-display":"","ast-banner-title-visibility":"","ast-main-header-display":"","ast-hfb-above-header-display":"","ast-hfb-below-header-display":"","ast-hfb-mobile-header-display":"","site-post-title":"disabled","ast-breadcrumbs-content":"","ast-featured-img":"disabled","footer-sml-layout":"","theme-transparent-header-meta":"default","adv-header-id-meta":"","stick-header-meta":"default","header-above-stick-meta":"","header-main-stick-meta":"","header-below-stick-meta":"","astra-migrate-meta-layouts":"set","ast-page-background-enabled":"default","ast-page-background-meta":{"desktop":{"background-color":"var(--ast-global-color-4)","background-image":"","background-repeat":"repeat","background-position":"center center","background-size":"auto","background-attachment":"scroll","background-type":"","background-media":"","overlay-type":"","overlay-color":"","overlay-gradient":""},"tablet":{"background-color":"","background-image":"","background-repeat":"repeat","background-position":"center center","background-size":"auto","background-attachment":"scroll","background-type":"","background-media":"","overlay-type":"","overlay-color":"","overlay-gradient":""},"mobile":{"background-color":"","background-image":"","background-repeat":"repeat","background-position":"center center","background-size":"auto","background-attachment":"scroll","background-type":"","background-media":"","overlay-type":"","overlay-color":"","overlay-gradient":""}},"ast-content-background-meta":{"desktop":{"background-color":"var(--ast-global-color-5)","background-image":"","background-repeat":"repeat","background-position":"center center","background-size":"auto","background-attachment":"scroll","background-type":"","background-media":"","overlay-type":"","overlay-color":"","overlay-gradient":""},"tablet":{"background-color":"var(--ast-global-color-5)","background-image":"","background-repeat":"repeat","background-position":"center center","background-size":"auto","background-attachment":"scroll","background-type":"","background-media":"","overlay-type":"","overlay-color":"","overlay-gradient":""},"mobile":{"background-color":"var(--ast-global-color-5)","background-image":"","background-repeat":"repeat","background-position":"center center","background-size":"auto","background-attachment":"scroll","background-type":"","background-media":"","overlay-type":"","overlay-color":"","overlay-gradient":""}},"_joinchat":[],"footnotes":""},"class_list":["post-459","page","type-page","status-publish","hentry"],"acf":[],"_links":{"self":[{"href":"https:\/\/www.zenteknik.com\/en\/wp-json\/wp\/v2\/pages\/459","targetHints":{"allow":["GET"]}}],"collection":[{"href":"https:\/\/www.zenteknik.com\/en\/wp-json\/wp\/v2\/pages"}],"about":[{"href":"https:\/\/www.zenteknik.com\/en\/wp-json\/wp\/v2\/types\/page"}],"author":[{"embeddable":true,"href":"https:\/\/www.zenteknik.com\/en\/wp-json\/wp\/v2\/users\/1"}],"replies":[{"embeddable":true,"href":"https:\/\/www.zenteknik.com\/en\/wp-json\/wp\/v2\/comments?post=459"}],"version-history":[{"count":19,"href":"https:\/\/www.zenteknik.com\/en\/wp-json\/wp\/v2\/pages\/459\/revisions"}],"predecessor-version":[{"id":1535,"href":"https:\/\/www.zenteknik.com\/en\/wp-json\/wp\/v2\/pages\/459\/revisions\/1535"}],"wp:attachment":[{"href":"https:\/\/www.zenteknik.com\/en\/wp-json\/wp\/v2\/media?parent=459"}],"curies":[{"name":"wp","href":"https:\/\/api.w.org\/{rel}","templated":true}]}}